{"id":173,"date":"2023-03-27T14:06:32","date_gmt":"2023-03-27T14:06:32","guid":{"rendered":"https:\/\/wp.odu.edu\/odupresentationtemplate\/?page_id=2"},"modified":"2023-04-04T02:56:15","modified_gmt":"2023-04-04T02:56:15","slug":"sample-page-2","status":"publish","type":"page","link":"https:\/\/sites.wp.odu.edu\/okemosspring\/","title":{"rendered":"Home"},"content":{"rendered":"\n<p><\/p>\n\n\n\n<p> Para este Portafolio presentar\u00e9 mi vida de fondo de mi viaje con el espa\u00f1ol y el maravilloso proceso. Mi nombre es Tahji McCombs y soy un estudiante de artes esc\u00e9nicas aqu\u00ed en la Universidad Old Dominion. Actualmente estoy en mi tercer a\u00f1o de escuela y persiguiendo como actor.<\/p>\n\n\n","protected":false},"excerpt":{"rendered":"<p>Para este Portafolio presentar\u00e9 mi vida de fondo de mi viaje con el espa\u00f1ol y el maravilloso proceso. Mi nombre es Tahji McCombs y soy un estudiante de artes esc\u00e9nicas aqu\u00ed en la Universidad Old Dominion. Actualmente estoy en mi tercer a\u00f1o de escuela y persiguiendo como actor.<\/p>\n","protected":false},"author":17827,"featured_media":0,"parent":0,"menu_order":0,"comment_status":"closed","ping_status":"open","template":"","meta":{"footnotes":""},"_links":{"self":[{"href":"https:\/\/sites.wp.odu.edu\/okemosspring\/wp-json\/wp\/v2\/pages\/173"}],"collection":[{"href":"https:\/\/sites.wp.odu.edu\/okemosspring\/wp-json\/wp\/v2\/pages"}],"about":[{"href":"https:\/\/sites.wp.odu.edu\/okemosspring\/wp-json\/wp\/v2\/types\/page"}],"author":[{"embeddable":true,"href":"https:\/\/sites.wp.odu.edu\/okemosspring\/wp-json\/wp\/v2\/users\/17827"}],"replies":[{"embeddable":true,"href":"https:\/\/sites.wp.odu.edu\/okemosspring\/wp-json\/wp\/v2\/comments?post=173"}],"version-history":[{"count":3,"href":"https:\/\/sites.wp.odu.edu\/okemosspring\/wp-json\/wp\/v2\/pages\/173\/revisions"}],"predecessor-version":[{"id":482,"href":"https:\/\/sites.wp.odu.edu\/okemosspring\/wp-json\/wp\/v2\/pages\/173\/revisions\/482"}],"wp:attachment":[{"href":"https:\/\/sites.wp.odu.edu\/okemosspring\/wp-json\/wp\/v2\/media?parent=173"}],"curies":[{"name":"wp","href":"https:\/\/api.w.org\/{rel}","templated":true}]}}