{"id":173,"date":"2022-11-09T20:16:52","date_gmt":"2022-11-09T20:16:52","guid":{"rendered":"https:\/\/wp.odu.edu\/odupresentationtemplate\/?page_id=2"},"modified":"2022-11-18T01:15:07","modified_gmt":"2022-11-18T01:15:07","slug":"sample-page-2","status":"publish","type":"page","link":"https:\/\/sites.wp.odu.edu\/okubospan101\/","title":{"rendered":"Home"},"content":{"rendered":"\n<p>Hola, este es mi eportfolio espa\u00f1ol. Este sitio web va a tener todo mi trabajo en espa\u00f1ol que har\u00e9 en la universidad.<\/p>\n","protected":false},"excerpt":{"rendered":"<p>Hola, este es mi eportfolio espa\u00f1ol. Este sitio web va a tener todo mi trabajo en espa\u00f1ol que har\u00e9 en la universidad.<\/p>\n","protected":false},"author":25430,"featured_media":0,"parent":0,"menu_order":0,"comment_status":"closed","ping_status":"open","template":"","meta":{"footnotes":""},"_links":{"self":[{"href":"https:\/\/sites.wp.odu.edu\/okubospan101\/wp-json\/wp\/v2\/pages\/173"}],"collection":[{"href":"https:\/\/sites.wp.odu.edu\/okubospan101\/wp-json\/wp\/v2\/pages"}],"about":[{"href":"https:\/\/sites.wp.odu.edu\/okubospan101\/wp-json\/wp\/v2\/types\/page"}],"author":[{"embeddable":true,"href":"https:\/\/sites.wp.odu.edu\/okubospan101\/wp-json\/wp\/v2\/users\/25430"}],"replies":[{"embeddable":true,"href":"https:\/\/sites.wp.odu.edu\/okubospan101\/wp-json\/wp\/v2\/comments?post=173"}],"version-history":[{"count":1,"href":"https:\/\/sites.wp.odu.edu\/okubospan101\/wp-json\/wp\/v2\/pages\/173\/revisions"}],"predecessor-version":[{"id":482,"href":"https:\/\/sites.wp.odu.edu\/okubospan101\/wp-json\/wp\/v2\/pages\/173\/revisions\/482"}],"wp:attachment":[{"href":"https:\/\/sites.wp.odu.edu\/okubospan101\/wp-json\/wp\/v2\/media?parent=173"}],"curies":[{"name":"wp","href":"https:\/\/api.w.org\/{rel}","templated":true}]}}