{"id":423,"date":"2022-11-09T20:16:52","date_gmt":"2022-11-09T20:16:52","guid":{"rendered":"https:\/\/sites.wp.odu.edu\/basicspanishdraft2\/?page_id=423"},"modified":"2022-12-09T19:56:31","modified_gmt":"2022-12-09T19:56:31","slug":"101-2","status":"publish","type":"page","link":"https:\/\/sites.wp.odu.edu\/okubospan101\/101-2\/","title":{"rendered":"SPAN 101"},"content":{"rendered":"\n<p><\/p>\n\n\n\n<p>Proyecto 1<\/p>\n\n\n\n<p>Hola, mi nombre es Brandon Okubo. Yo vivo en Norfolk Virginia, soy de Fort Knox, Kentucky mi correo electronico es Brandonokubo004@gmail.com. Mi numero de telefono es 206-326-9780(dos,cero.seis-tres,vientiseis-noventa y siete,ochenta). Mi cumplea\u00f1os es el viente de mayo dos mil cuartro. Yo soy inteligente, timido, y atl\u00e9tico. Yo estoy cansado y contento. Yo tengo seis hermanastros, soy el mas joven.\u00a0<\/p>\n\n\n\n<p>mi primer proyecto se sinti\u00f3 bien y f\u00e1cil. permiti\u00f3 que todos se conocieran en la clase, por lo que fue un buen primer proyecto.<\/p>\n\n\n\n<p>Proyecto 2 <\/p>\n\n\n\n<p>el segundo proyecto fue una entrevista con alguien que conocemos. me pareci\u00f3 divertida la entrevista y un buen ejercicio para tener una conversaci\u00f3n en espa\u00f1ol<\/p>\n\n\n\n<figure class=\"wp-block-gallery has-nested-images columns-default is-cropped wp-block-gallery-1 is-layout-flex wp-block-gallery-is-layout-flex\">\n<figure class=\"wp-block-image size-large\"><a href=\"https:\/\/sites.wp.odu.edu\/okubospan101\/wp-content\/uploads\/sites\/31305\/2022\/12\/Screenshot-14.png\"><img loading=\"lazy\" decoding=\"async\" width=\"1024\" height=\"571\" data-id=\"488\" src=\"https:\/\/sites.wp.odu.edu\/okubospan101\/wp-content\/uploads\/sites\/31305\/2022\/12\/Screenshot-14-1024x571.png\" alt=\"\" class=\"wp-image-488\" srcset=\"https:\/\/sites.wp.odu.edu\/okubospan101\/wp-content\/uploads\/sites\/31305\/2022\/12\/Screenshot-14-1024x571.png 1024w, https:\/\/sites.wp.odu.edu\/okubospan101\/wp-content\/uploads\/sites\/31305\/2022\/12\/Screenshot-14-300x167.png 300w, https:\/\/sites.wp.odu.edu\/okubospan101\/wp-content\/uploads\/sites\/31305\/2022\/12\/Screenshot-14-768x428.png 768w, https:\/\/sites.wp.odu.edu\/okubospan101\/wp-content\/uploads\/sites\/31305\/2022\/12\/Screenshot-14-538x300.png 538w, https:\/\/sites.wp.odu.edu\/okubospan101\/wp-content\/uploads\/sites\/31305\/2022\/12\/Screenshot-14.png 1283w\" sizes=\"(max-width: 1024px) 100vw, 1024px\" \/><\/a><\/figure>\n<\/figure>\n\n\n\n<p>Proyecto 3<\/p>\n\n\n\n<figure class=\"wp-block-gallery has-nested-images columns-default is-cropped wp-block-gallery-2 is-layout-flex wp-block-gallery-is-layout-flex\">\n<figure class=\"wp-block-image size-large\"><a href=\"https:\/\/sites.wp.odu.edu\/okubospan101\/wp-content\/uploads\/sites\/31305\/2022\/12\/Screenshot-15.png\"><img loading=\"lazy\" decoding=\"async\" width=\"1024\" height=\"752\" data-id=\"489\" src=\"https:\/\/sites.wp.odu.edu\/okubospan101\/wp-content\/uploads\/sites\/31305\/2022\/12\/Screenshot-15-1024x752.png\" alt=\"\" class=\"wp-image-489\" srcset=\"https:\/\/sites.wp.odu.edu\/okubospan101\/wp-content\/uploads\/sites\/31305\/2022\/12\/Screenshot-15-1024x752.png 1024w, https:\/\/sites.wp.odu.edu\/okubospan101\/wp-content\/uploads\/sites\/31305\/2022\/12\/Screenshot-15-300x220.png 300w, https:\/\/sites.wp.odu.edu\/okubospan101\/wp-content\/uploads\/sites\/31305\/2022\/12\/Screenshot-15-768x564.png 768w, https:\/\/sites.wp.odu.edu\/okubospan101\/wp-content\/uploads\/sites\/31305\/2022\/12\/Screenshot-15-409x300.png 409w, https:\/\/sites.wp.odu.edu\/okubospan101\/wp-content\/uploads\/sites\/31305\/2022\/12\/Screenshot-15.png 1099w\" sizes=\"(max-width: 1024px) 100vw, 1024px\" \/><\/a><\/figure>\n<\/figure>\n\n\n\n<p>el tercer proyecto fue bueno, pude contar todo mi horario en espa\u00f1ol y fue bueno en general para aprender nuevas palabras en espa\u00f1ol y aprender lo que estudio en espa\u00f1ol.<\/p>\n\n\n\n<p>Proyecto 4 <\/p>\n\n\n\n<figure class=\"wp-block-gallery has-nested-images columns-default is-cropped wp-block-gallery-3 is-layout-flex wp-block-gallery-is-layout-flex\">\n<figure class=\"wp-block-image size-large\"><a href=\"https:\/\/sites.wp.odu.edu\/okubospan101\/wp-content\/uploads\/sites\/31305\/2022\/12\/Screenshot-16.png\"><img loading=\"lazy\" decoding=\"async\" width=\"1024\" height=\"524\" data-id=\"490\" src=\"https:\/\/sites.wp.odu.edu\/okubospan101\/wp-content\/uploads\/sites\/31305\/2022\/12\/Screenshot-16-1024x524.png\" alt=\"\" class=\"wp-image-490\" srcset=\"https:\/\/sites.wp.odu.edu\/okubospan101\/wp-content\/uploads\/sites\/31305\/2022\/12\/Screenshot-16-1024x524.png 1024w, https:\/\/sites.wp.odu.edu\/okubospan101\/wp-content\/uploads\/sites\/31305\/2022\/12\/Screenshot-16-300x153.png 300w, https:\/\/sites.wp.odu.edu\/okubospan101\/wp-content\/uploads\/sites\/31305\/2022\/12\/Screenshot-16-768x393.png 768w, https:\/\/sites.wp.odu.edu\/okubospan101\/wp-content\/uploads\/sites\/31305\/2022\/12\/Screenshot-16-1536x786.png 1536w, https:\/\/sites.wp.odu.edu\/okubospan101\/wp-content\/uploads\/sites\/31305\/2022\/12\/Screenshot-16-587x300.png 587w, https:\/\/sites.wp.odu.edu\/okubospan101\/wp-content\/uploads\/sites\/31305\/2022\/12\/Screenshot-16.png 1920w\" sizes=\"(max-width: 1024px) 100vw, 1024px\" \/><\/a><\/figure>\n<\/figure>\n\n\n\n<p>El cuarto proyecto fue bueno para hablar espa\u00f1ol y aprender a pronunciar mis palabras de la manera correcta en espa\u00f1ol.<\/p>\n\n\n\n<p><\/p>\n\n\n\n<h3 class=\"wp-block-heading\">Instructions<\/h3>\n\n\n\n<p><strong>Exploring Culture<\/strong><\/p>\n\n\n\n<p>The textbook really helped me in learning my Spanish by making me write a lot in the textbook and making me have to read in only Spanish helped me a lot. I learned a lot about different Hispanic cultures in Spanish 101 but I don&#8217;t think I really learned about the culture of the different countries, I only learned how to speak the language.      <\/p>\n\n\n\n<p>I think this class is primarily about learning Spanish as a language but not learning the culture of Spanish speaking countries because there wasn&#8217;t enough time to do that.  <\/p>\n\n\n\n<p><strong>Engaging in Communities<\/strong><\/p>\n\n\n\n<p>It is very important to engage your communities because they need all the help they can get so any bit of support you can give to your community is very appreciated by them. <\/p>\n\n\n\n<p>I&#8217;ve never participated in any of my communities projects or events. I&#8217;m just a very anti social person and prefer to support in other ways, mostly finically. <\/p>\n\n\n\n<p><strong>Interpersonal Communication<\/strong><\/p>\n\n\n\n<p>We did a lot of video projects and assignments that required us to retain information in Spanish and write it down based on our memory. We also had to do a project where we had to talk to someone in Spanish and I chose to do it with a native Spanish speaker so I learned more.<\/p>\n\n\n\n<p>I think I should&#8217;ve talked with more native Spanish speakers but other than that I think I did good. <\/p>\n\n\n\n<p><strong>Presentational Speaking<\/strong><\/p>\n\n\n\n<p>We never did a presentation other than the video projects but that doesn&#8217;t really count because we were all at home and didn&#8217;t do it in class.<\/p>\n\n\n\n<p><\/p>\n\n\n\n<p><\/p>\n\n\n\n<p><strong>Interpretive Listening<\/strong><\/p>\n\n\n\n<p>There was assignments in the text book that would make us listen for Spanish words then write what we thought it was.   <\/p>\n\n\n\n<p><\/p>\n\n\n\n<p><\/p>\n\n\n\n<p><\/p>\n","protected":false},"excerpt":{"rendered":"<p>Proyecto 1 Hola, mi nombre es Brandon Okubo. Yo vivo en Norfolk Virginia, soy de Fort Knox, Kentucky mi correo electronico es Brandonokubo004@gmail.com. Mi numero de telefono es 206-326-9780(dos,cero.seis-tres,vientiseis-noventa y siete,ochenta). Mi cumplea\u00f1os es el viente de mayo dos mil cuartro. Yo soy inteligente, timido, y atl\u00e9tico. Yo estoy cansado y contento. Yo tengo seis&#8230; <\/p>\n<div class=\"link-more\"><a href=\"https:\/\/sites.wp.odu.edu\/okubospan101\/101-2\/\">Read More<\/a><\/div>\n","protected":false},"author":25430,"featured_media":0,"parent":0,"menu_order":0,"comment_status":"closed","ping_status":"closed","template":"","meta":{"footnotes":""},"_links":{"self":[{"href":"https:\/\/sites.wp.odu.edu\/okubospan101\/wp-json\/wp\/v2\/pages\/423"}],"collection":[{"href":"https:\/\/sites.wp.odu.edu\/okubospan101\/wp-json\/wp\/v2\/pages"}],"about":[{"href":"https:\/\/sites.wp.odu.edu\/okubospan101\/wp-json\/wp\/v2\/types\/page"}],"author":[{"embeddable":true,"href":"https:\/\/sites.wp.odu.edu\/okubospan101\/wp-json\/wp\/v2\/users\/25430"}],"replies":[{"embeddable":true,"href":"https:\/\/sites.wp.odu.edu\/okubospan101\/wp-json\/wp\/v2\/comments?post=423"}],"version-history":[{"count":1,"href":"https:\/\/sites.wp.odu.edu\/okubospan101\/wp-json\/wp\/v2\/pages\/423\/revisions"}],"predecessor-version":[{"id":491,"href":"https:\/\/sites.wp.odu.edu\/okubospan101\/wp-json\/wp\/v2\/pages\/423\/revisions\/491"}],"wp:attachment":[{"href":"https:\/\/sites.wp.odu.edu\/okubospan101\/wp-json\/wp\/v2\/media?parent=423"}],"curies":[{"name":"wp","href":"https:\/\/api.w.org\/{rel}","templated":true}]}}