{"id":91,"date":"2022-11-09T20:16:52","date_gmt":"2022-11-09T20:16:52","guid":{"rendered":"https:\/\/sites.wp.odu.edu\/basicspanishdraft\/?page_id=91"},"modified":"2022-11-18T01:21:11","modified_gmt":"2022-11-18T01:21:11","slug":"resume","status":"publish","type":"page","link":"https:\/\/sites.wp.odu.edu\/okubospan101\/resume\/","title":{"rendered":"Resume"},"content":{"rendered":"\n<p>mi nombre es Brandon Okubo<\/p>\n\n\n\n<p>mi direcci\u00f3n de correo electr\u00f3nico: bokub001@odu.edu<\/p>\n\n\n\n<p>mi educaci\u00f3n: escuela secundaria Fort Knox, Universidad Old Dominion<\/p>\n\n\n\n<p>Pa\u00eds: Estados Unidos <\/p>\n\n\n\n<p>estado: virginia<\/p>\n\n\n\n<p>Ciudad: Norfolk<\/p>\n\n\n\n<p>Descripci\u00f3n: Alto, asi\u00e1tico, c\u00f3mico <\/p>\n\n\n\n<p>Trabajo duro y espero trabajar para usted pronto.<\/p>\n","protected":false},"excerpt":{"rendered":"<p>mi nombre es Brandon Okubo mi direcci\u00f3n de correo electr\u00f3nico: bokub001@odu.edu mi educaci\u00f3n: escuela secundaria Fort Knox, Universidad Old Dominion Pa\u00eds: Estados Unidos estado: virginia Ciudad: Norfolk Descripci\u00f3n: Alto, asi\u00e1tico, c\u00f3mico Trabajo duro y espero trabajar para usted pronto.<\/p>\n","protected":false},"author":25430,"featured_media":0,"parent":0,"menu_order":0,"comment_status":"closed","ping_status":"closed","template":"","meta":{"footnotes":""},"_links":{"self":[{"href":"https:\/\/sites.wp.odu.edu\/okubospan101\/wp-json\/wp\/v2\/pages\/91"}],"collection":[{"href":"https:\/\/sites.wp.odu.edu\/okubospan101\/wp-json\/wp\/v2\/pages"}],"about":[{"href":"https:\/\/sites.wp.odu.edu\/okubospan101\/wp-json\/wp\/v2\/types\/page"}],"author":[{"embeddable":true,"href":"https:\/\/sites.wp.odu.edu\/okubospan101\/wp-json\/wp\/v2\/users\/25430"}],"replies":[{"embeddable":true,"href":"https:\/\/sites.wp.odu.edu\/okubospan101\/wp-json\/wp\/v2\/comments?post=91"}],"version-history":[{"count":1,"href":"https:\/\/sites.wp.odu.edu\/okubospan101\/wp-json\/wp\/v2\/pages\/91\/revisions"}],"predecessor-version":[{"id":484,"href":"https:\/\/sites.wp.odu.edu\/okubospan101\/wp-json\/wp\/v2\/pages\/91\/revisions\/484"}],"wp:attachment":[{"href":"https:\/\/sites.wp.odu.edu\/okubospan101\/wp-json\/wp\/v2\/media?parent=91"}],"curies":[{"name":"wp","href":"https:\/\/api.w.org\/{rel}","templated":true}]}}