{"id":471,"date":"2025-01-29T17:09:44","date_gmt":"2025-01-29T17:09:44","guid":{"rendered":"https:\/\/wp.odu.edu\/spring2017-fr102-template\/?page_id=471"},"modified":"2025-04-24T18:56:04","modified_gmt":"2025-04-24T18:56:04","slug":"about-me","status":"publish","type":"page","link":"https:\/\/sites.wp.odu.edu\/omosefrench102\/","title":{"rendered":"About Me"},"content":{"rendered":"<p>Salut ! Je m&#8217;appelle Oliver Mose. J&#8217;ai 19 ans et je suis \u00e9tudiant \u00e0 l&#8217;ODU. J&#8217;habite aux \u00c9tats-Unis, \u00e0 Norfolk, en Virginie. J&#8217;\u00e9tudie la g\u00e9ographie et les sciences de l&#8217;environnement. <span class=\"Y2IQFc\" lang=\"fr\">Je joue du trombone dans l&#8217;orchestre de marche de l&#8217;ODU. <\/span><span class=\"Y2IQFc\" lang=\"fr\">Je suis un grand passionn\u00e9 de musique et je joue de plusieurs instruments.<\/span><\/p>\n<p>\u00a0<\/p>\n\n\n<figure class=\"wp-block-image size-full\"><img loading=\"lazy\" decoding=\"async\" width=\"719\" height=\"959\" src=\"https:\/\/sites.wp.odu.edu\/omosefrench102\/wp-content\/uploads\/sites\/38312\/2025\/04\/water-1.jpg\" alt=\"\" class=\"wp-image-623\" srcset=\"https:\/\/sites.wp.odu.edu\/omosefrench102\/wp-content\/uploads\/sites\/38312\/2025\/04\/water-1.jpg 719w, https:\/\/sites.wp.odu.edu\/omosefrench102\/wp-content\/uploads\/sites\/38312\/2025\/04\/water-1-225x300.jpg 225w, https:\/\/sites.wp.odu.edu\/omosefrench102\/wp-content\/uploads\/sites\/38312\/2025\/04\/water-1-600x800.jpg 600w\" sizes=\"(max-width: 719px) 100vw, 719px\" \/><\/figure>\n","protected":false},"excerpt":{"rendered":"<p>Salut ! Je m&#8217;appelle Oliver Mose. J&#8217;ai 19 ans et je suis \u00e9tudiant \u00e0 l&#8217;ODU. J&#8217;habite aux \u00c9tats-Unis, \u00e0 Norfolk, en Virginie. J&#8217;\u00e9tudie la g\u00e9ographie et les sciences de l&#8217;environnement. Je joue du trombone dans l&#8217;orchestre de marche de l&#8217;ODU&#8230;. <a class=\"more-link\" href=\"https:\/\/sites.wp.odu.edu\/omosefrench102\/\">Continue Reading &rarr;<\/a><\/p>\n","protected":false},"author":30457,"featured_media":0,"parent":0,"menu_order":0,"comment_status":"closed","ping_status":"closed","template":"","meta":{"footnotes":""},"_links":{"self":[{"href":"https:\/\/sites.wp.odu.edu\/omosefrench102\/wp-json\/wp\/v2\/pages\/471"}],"collection":[{"href":"https:\/\/sites.wp.odu.edu\/omosefrench102\/wp-json\/wp\/v2\/pages"}],"about":[{"href":"https:\/\/sites.wp.odu.edu\/omosefrench102\/wp-json\/wp\/v2\/types\/page"}],"author":[{"embeddable":true,"href":"https:\/\/sites.wp.odu.edu\/omosefrench102\/wp-json\/wp\/v2\/users\/30457"}],"replies":[{"embeddable":true,"href":"https:\/\/sites.wp.odu.edu\/omosefrench102\/wp-json\/wp\/v2\/comments?post=471"}],"version-history":[{"count":5,"href":"https:\/\/sites.wp.odu.edu\/omosefrench102\/wp-json\/wp\/v2\/pages\/471\/revisions"}],"predecessor-version":[{"id":624,"href":"https:\/\/sites.wp.odu.edu\/omosefrench102\/wp-json\/wp\/v2\/pages\/471\/revisions\/624"}],"wp:attachment":[{"href":"https:\/\/sites.wp.odu.edu\/omosefrench102\/wp-json\/wp\/v2\/media?parent=471"}],"curies":[{"name":"wp","href":"https:\/\/api.w.org\/{rel}","templated":true}]}}