{"id":474,"date":"2025-01-29T17:09:44","date_gmt":"2025-01-29T17:09:44","guid":{"rendered":"https:\/\/wp.odu.edu\/spring2017-fr102-template\/?page_id=474"},"modified":"2025-04-24T19:16:43","modified_gmt":"2025-04-24T19:16:43","slug":"bio","status":"publish","type":"page","link":"https:\/\/sites.wp.odu.edu\/omosefrench102\/bio\/","title":{"rendered":"Bio"},"content":{"rendered":"<p>Je suis n\u00e9 en Angleterre en 2005 et j&#8217;ai d\u00e9m\u00e9nag\u00e9 aux \u00c9tats-Unis en 2010. J&#8217;habite en G\u00e9orgie. J&#8217;ai d\u00e9m\u00e9nag\u00e9 en Virginie en 2021. J&#8217;ai commenc\u00e9 l&#8217;universit\u00e9 en 2023 et j&#8217;\u00e9tudie la g\u00e9ographie \u00e0 l&#8217;ODU. J&#8217;aime la musique, je joue de plusieurs instruments et je chante. J&#8217;aime aussi passe de temps dehors, je fais de la randonn\u00e9e, de l&#8217;escalade, de la natation et du camping avec mes amis. Depuis que je suis jeune, j&#8217;aime aussi les ordinateurs et jouer aux jeux vid\u00e9o. <span class=\"Y2IQFc\" lang=\"fr\">apr\u00e8s avoir recevoir mon dipl\u00f4me, je veux voyager dans le monde pendant un an avant de travailler. J&#8217;aimerais vivre dans une camionnette et voyager le pays.<\/span><\/p>\n<p>\u00a0<\/p>\n\n\n<figure class=\"wp-block-image size-large\"><img loading=\"lazy\" decoding=\"async\" width=\"1024\" height=\"768\" src=\"https:\/\/sites.wp.odu.edu\/omosefrench102\/wp-content\/uploads\/sites\/38312\/2025\/04\/dbz-1024x768.jpg\" alt=\"\" class=\"wp-image-626\" srcset=\"https:\/\/sites.wp.odu.edu\/omosefrench102\/wp-content\/uploads\/sites\/38312\/2025\/04\/dbz-1024x768.jpg 1024w, https:\/\/sites.wp.odu.edu\/omosefrench102\/wp-content\/uploads\/sites\/38312\/2025\/04\/dbz-300x225.jpg 300w, https:\/\/sites.wp.odu.edu\/omosefrench102\/wp-content\/uploads\/sites\/38312\/2025\/04\/dbz-768x576.jpg 768w, https:\/\/sites.wp.odu.edu\/omosefrench102\/wp-content\/uploads\/sites\/38312\/2025\/04\/dbz-600x450.jpg 600w, https:\/\/sites.wp.odu.edu\/omosefrench102\/wp-content\/uploads\/sites\/38312\/2025\/04\/dbz-945x709.jpg 945w, https:\/\/sites.wp.odu.edu\/omosefrench102\/wp-content\/uploads\/sites\/38312\/2025\/04\/dbz.jpg 1279w\" sizes=\"(max-width: 1024px) 100vw, 1024px\" \/><\/figure>\n","protected":false},"excerpt":{"rendered":"<p>Je suis n\u00e9 en Angleterre en 2005 et j&#8217;ai d\u00e9m\u00e9nag\u00e9 aux \u00c9tats-Unis en 2010. J&#8217;habite en G\u00e9orgie. J&#8217;ai d\u00e9m\u00e9nag\u00e9 en Virginie en 2021. J&#8217;ai commenc\u00e9 l&#8217;universit\u00e9 en 2023 et j&#8217;\u00e9tudie la g\u00e9ographie \u00e0 l&#8217;ODU. J&#8217;aime la musique, je joue de&#8230; <a class=\"more-link\" href=\"https:\/\/sites.wp.odu.edu\/omosefrench102\/bio\/\">Continue Reading &rarr;<\/a><\/p>\n","protected":false},"author":30457,"featured_media":0,"parent":0,"menu_order":0,"comment_status":"closed","ping_status":"closed","template":"","meta":{"footnotes":""},"_links":{"self":[{"href":"https:\/\/sites.wp.odu.edu\/omosefrench102\/wp-json\/wp\/v2\/pages\/474"}],"collection":[{"href":"https:\/\/sites.wp.odu.edu\/omosefrench102\/wp-json\/wp\/v2\/pages"}],"about":[{"href":"https:\/\/sites.wp.odu.edu\/omosefrench102\/wp-json\/wp\/v2\/types\/page"}],"author":[{"embeddable":true,"href":"https:\/\/sites.wp.odu.edu\/omosefrench102\/wp-json\/wp\/v2\/users\/30457"}],"replies":[{"embeddable":true,"href":"https:\/\/sites.wp.odu.edu\/omosefrench102\/wp-json\/wp\/v2\/comments?post=474"}],"version-history":[{"count":3,"href":"https:\/\/sites.wp.odu.edu\/omosefrench102\/wp-json\/wp\/v2\/pages\/474\/revisions"}],"predecessor-version":[{"id":627,"href":"https:\/\/sites.wp.odu.edu\/omosefrench102\/wp-json\/wp\/v2\/pages\/474\/revisions\/627"}],"wp:attachment":[{"href":"https:\/\/sites.wp.odu.edu\/omosefrench102\/wp-json\/wp\/v2\/media?parent=474"}],"curies":[{"name":"wp","href":"https:\/\/api.w.org\/{rel}","templated":true}]}}