{"id":486,"date":"2025-01-29T17:09:44","date_gmt":"2025-01-29T17:09:44","guid":{"rendered":"https:\/\/wp.odu.edu\/spring2017-fr102-template\/?page_id=486"},"modified":"2025-04-24T21:27:53","modified_gmt":"2025-04-24T21:27:53","slug":"profil","status":"publish","type":"page","link":"https:\/\/sites.wp.odu.edu\/omosefrench102\/profil\/","title":{"rendered":"Profil"},"content":{"rendered":"<p>Je suis n\u00e9 en Angleterre en 2005 et j&#8217;ai d\u00e9m\u00e9nag\u00e9 aux \u00c9tats-Unis en 2010. J&#8217;habite en G\u00e9orgie. J&#8217;ai d\u00e9m\u00e9nag\u00e9 en Virginie en 2021. J&#8217;ai commenc\u00e9 l&#8217;universit\u00e9 en 2023 et j&#8217;\u00e9tudie la g\u00e9ographie \u00e0 l&#8217;ODU. J&#8217;aime la musique, je joue de plusieurs instruments et je chante. J&#8217;aime aussi passe de temps dehors, je fais de la randonn\u00e9e, de l&#8217;escalade, de la natation et du camping avec mes amis. Depuis que je suis jeune, j&#8217;aime aussi les ordinateurs et jouer aux jeux vid\u00e9o.<\/p>\n<p>Why should you study a world language?<\/p>\n<ul>\n<li>I think studying a world language is something that everybody should do for a few years. To start with, It just helps you develop your own language further and understand how to communicate with other people even if you don&#8217;t share a language. Beyond this though, learning a language, especially one of the bigger more prominent languages can be super helpful if you are ever traveling around the world, or meeting lots of new people for work etc. Honestly, people I know that speak multiple languages, or at least studied them are generally more intelligent and I stand by that.<\/li>\n<\/ul>\n<p>Why am I studying French?<\/p>\n<ul>\n<li>I chose French over Spanish in middle school because at that time, I had been to France a few times and its the language my mom studied when she was in school. I have family in Europe, so learning French seemed more useful to me personally. But to completely honest, I haven&#8217;t enjoyed it as much as I wanted to. I like learning a language, but France really isn&#8217;t super interesting to me and I would love to learn a different language in future.<\/li>\n<\/ul>\n","protected":false},"excerpt":{"rendered":"<p>Je suis n\u00e9 en Angleterre en 2005 et j&#8217;ai d\u00e9m\u00e9nag\u00e9 aux \u00c9tats-Unis en 2010. J&#8217;habite en G\u00e9orgie. J&#8217;ai d\u00e9m\u00e9nag\u00e9 en Virginie en 2021. J&#8217;ai commenc\u00e9 l&#8217;universit\u00e9 en 2023 et j&#8217;\u00e9tudie la g\u00e9ographie \u00e0 l&#8217;ODU. J&#8217;aime la musique, je joue de&#8230; <a class=\"more-link\" href=\"https:\/\/sites.wp.odu.edu\/omosefrench102\/profil\/\">Continue Reading &rarr;<\/a><\/p>\n","protected":false},"author":30457,"featured_media":0,"parent":0,"menu_order":0,"comment_status":"closed","ping_status":"closed","template":"","meta":{"footnotes":""},"_links":{"self":[{"href":"https:\/\/sites.wp.odu.edu\/omosefrench102\/wp-json\/wp\/v2\/pages\/486"}],"collection":[{"href":"https:\/\/sites.wp.odu.edu\/omosefrench102\/wp-json\/wp\/v2\/pages"}],"about":[{"href":"https:\/\/sites.wp.odu.edu\/omosefrench102\/wp-json\/wp\/v2\/types\/page"}],"author":[{"embeddable":true,"href":"https:\/\/sites.wp.odu.edu\/omosefrench102\/wp-json\/wp\/v2\/users\/30457"}],"replies":[{"embeddable":true,"href":"https:\/\/sites.wp.odu.edu\/omosefrench102\/wp-json\/wp\/v2\/comments?post=486"}],"version-history":[{"count":5,"href":"https:\/\/sites.wp.odu.edu\/omosefrench102\/wp-json\/wp\/v2\/pages\/486\/revisions"}],"predecessor-version":[{"id":653,"href":"https:\/\/sites.wp.odu.edu\/omosefrench102\/wp-json\/wp\/v2\/pages\/486\/revisions\/653"}],"wp:attachment":[{"href":"https:\/\/sites.wp.odu.edu\/omosefrench102\/wp-json\/wp\/v2\/media?parent=486"}],"curies":[{"name":"wp","href":"https:\/\/api.w.org\/{rel}","templated":true}]}}