{"id":474,"date":"2025-01-29T17:08:26","date_gmt":"2025-01-29T17:08:26","guid":{"rendered":"https:\/\/wp.odu.edu\/spring2017-fr102-template\/?page_id=474"},"modified":"2025-04-28T03:24:39","modified_gmt":"2025-04-28T03:24:39","slug":"bio","status":"publish","type":"page","link":"https:\/\/sites.wp.odu.edu\/pcumifrench102\/bio\/","title":{"rendered":"Bio"},"content":{"rendered":"<p>Bonjour, je m&#8217;appelle Paul Cumiskey. J&#8217;ai dix-neuf ans. J&#8217;\u00e9tudie la cybers\u00e9curit\u00e9 \u00e0 ODU. J&#8217;habite \u00e0 Norfolk. Je suis sportif. J&#8217;aime faire de la musculation et, pour ma sant\u00e9, je fais du jogging. J&#8217;aime lire de temps en temps. J&#8217;aime manger, mais ce n&#8217;est pas toujours tr\u00e8s sain. J&#8217;ai trois s\u0153urs. Mes s\u0153urs sont \u00e9tudiantes aussi. Je veux devenir analyste en cybers\u00e9curit\u00e9.<\/p>\n","protected":false},"excerpt":{"rendered":"<p>Bonjour, je m&#8217;appelle Paul Cumiskey. J&#8217;ai dix-neuf ans. J&#8217;\u00e9tudie la cybers\u00e9curit\u00e9 \u00e0 ODU. J&#8217;habite \u00e0 Norfolk. Je suis sportif. J&#8217;aime faire de la musculation et, pour ma sant\u00e9, je fais du jogging. J&#8217;aime lire de temps en temps. J&#8217;aime manger,&#8230; <a class=\"more-link\" href=\"https:\/\/sites.wp.odu.edu\/pcumifrench102\/bio\/\">Continue Reading &rarr;<\/a><\/p>\n","protected":false},"author":29376,"featured_media":0,"parent":0,"menu_order":0,"comment_status":"closed","ping_status":"closed","template":"","meta":{"footnotes":""},"_links":{"self":[{"href":"https:\/\/sites.wp.odu.edu\/pcumifrench102\/wp-json\/wp\/v2\/pages\/474"}],"collection":[{"href":"https:\/\/sites.wp.odu.edu\/pcumifrench102\/wp-json\/wp\/v2\/pages"}],"about":[{"href":"https:\/\/sites.wp.odu.edu\/pcumifrench102\/wp-json\/wp\/v2\/types\/page"}],"author":[{"embeddable":true,"href":"https:\/\/sites.wp.odu.edu\/pcumifrench102\/wp-json\/wp\/v2\/users\/29376"}],"replies":[{"embeddable":true,"href":"https:\/\/sites.wp.odu.edu\/pcumifrench102\/wp-json\/wp\/v2\/comments?post=474"}],"version-history":[{"count":5,"href":"https:\/\/sites.wp.odu.edu\/pcumifrench102\/wp-json\/wp\/v2\/pages\/474\/revisions"}],"predecessor-version":[{"id":622,"href":"https:\/\/sites.wp.odu.edu\/pcumifrench102\/wp-json\/wp\/v2\/pages\/474\/revisions\/622"}],"wp:attachment":[{"href":"https:\/\/sites.wp.odu.edu\/pcumifrench102\/wp-json\/wp\/v2\/media?parent=474"}],"curies":[{"name":"wp","href":"https:\/\/api.w.org\/{rel}","templated":true}]}}