{"id":486,"date":"2025-01-29T17:08:26","date_gmt":"2025-01-29T17:08:26","guid":{"rendered":"https:\/\/wp.odu.edu\/spring2017-fr102-template\/?page_id=486"},"modified":"2025-04-28T04:41:58","modified_gmt":"2025-04-28T04:41:58","slug":"profil","status":"publish","type":"page","link":"https:\/\/sites.wp.odu.edu\/pcumifrench102\/profil\/","title":{"rendered":"Profil"},"content":{"rendered":"<p>Bonjour, je m\u2019appelle Paul Cumiskey. J\u2019ai dix-neuf ans. J\u2019\u00e9tudie la cybers\u00e9curit\u00e9 \u00e0 ODU. J\u2019habite \u00e0 Norfolk. Je suis sportif. J\u2019aime faire de la musculation et, pour ma sant\u00e9, je fais du jogging. J\u2019aime lire de temps en temps. J\u2019aime manger, mais ce n\u2019est pas toujours tr\u00e8s sain. J\u2019ai trois s\u0153urs. Mes s\u0153urs sont \u00e9tudiantes aussi. Je veux devenir analyste en cybers\u00e9curit\u00e9.<\/p>\n<ol>\n<li>Why is it important to study a world language?<\/li>\n<\/ol>\n<p>Studying a language is extremely important because it allows us to gain new cultural perspectives. These perspectives can then be applied in many different areas of life. Learning a world language also gives an even more culturally enriched experience when visiting a country that uses the language that was studied. Knowing another language could also help land specific jobs.<\/p>\n<ol>\n<li>Why are you studying French?<\/li>\n<\/ol>\n<p>Right now, I am studying French because it is required for me to graduate. Although I have been enjoying learning French, I will probably continue to learn it in my spare time. It would also be amazing if I could visit France one day, or at least French Canada.<\/p>\n<p><strong>Be sure to remove the instructional language when you have completed updating content on this page.<\/strong><\/p>\n","protected":false},"excerpt":{"rendered":"<p>Bonjour, je m\u2019appelle Paul Cumiskey. J\u2019ai dix-neuf ans. J\u2019\u00e9tudie la cybers\u00e9curit\u00e9 \u00e0 ODU. J\u2019habite \u00e0 Norfolk. Je suis sportif. J\u2019aime faire de la musculation et, pour ma sant\u00e9, je fais du jogging. J\u2019aime lire de temps en temps. J\u2019aime manger,&#8230; <a class=\"more-link\" href=\"https:\/\/sites.wp.odu.edu\/pcumifrench102\/profil\/\">Continue Reading &rarr;<\/a><\/p>\n","protected":false},"author":29376,"featured_media":0,"parent":0,"menu_order":0,"comment_status":"closed","ping_status":"closed","template":"","meta":{"footnotes":""},"_links":{"self":[{"href":"https:\/\/sites.wp.odu.edu\/pcumifrench102\/wp-json\/wp\/v2\/pages\/486"}],"collection":[{"href":"https:\/\/sites.wp.odu.edu\/pcumifrench102\/wp-json\/wp\/v2\/pages"}],"about":[{"href":"https:\/\/sites.wp.odu.edu\/pcumifrench102\/wp-json\/wp\/v2\/types\/page"}],"author":[{"embeddable":true,"href":"https:\/\/sites.wp.odu.edu\/pcumifrench102\/wp-json\/wp\/v2\/users\/29376"}],"replies":[{"embeddable":true,"href":"https:\/\/sites.wp.odu.edu\/pcumifrench102\/wp-json\/wp\/v2\/comments?post=486"}],"version-history":[{"count":5,"href":"https:\/\/sites.wp.odu.edu\/pcumifrench102\/wp-json\/wp\/v2\/pages\/486\/revisions"}],"predecessor-version":[{"id":627,"href":"https:\/\/sites.wp.odu.edu\/pcumifrench102\/wp-json\/wp\/v2\/pages\/486\/revisions\/627"}],"wp:attachment":[{"href":"https:\/\/sites.wp.odu.edu\/pcumifrench102\/wp-json\/wp\/v2\/media?parent=486"}],"curies":[{"name":"wp","href":"https:\/\/api.w.org\/{rel}","templated":true}]}}