{"id":47,"date":"2021-04-29T13:13:58","date_gmt":"2021-04-29T17:13:58","guid":{"rendered":"http:\/\/totesa.website\/faculty\/?page_id=47"},"modified":"2021-06-09T20:42:28","modified_gmt":"2021-06-10T00:42:28","slug":"grants","status":"publish","type":"page","link":"https:\/\/sites.wp.odu.edu\/peterschulmanwordpress\/research\/grants\/","title":{"rendered":"Grants"},"content":{"rendered":"\n<p>2021&nbsp;&nbsp;&nbsp;&nbsp;&nbsp;&nbsp;&nbsp; D\u00e9l\u00e9gation du Qu\u00e9bec \u00e0 New York grant to screen the film <em>Plus haut que les flammes<\/em> by Monique &nbsp;&nbsp;&nbsp;<\/p>\n\n\n\n<p>&nbsp;&nbsp;&nbsp;&nbsp;&nbsp;&nbsp;&nbsp;&nbsp;&nbsp;&nbsp;&nbsp;&nbsp;&nbsp;&nbsp;&nbsp; Leblanc and Louise Dupr\u00e9<\/p>\n\n\n\n<p>2021&nbsp;&nbsp;&nbsp;&nbsp;&nbsp;&nbsp; D\u00e9l\u00e9gation du Qu\u00e9bec \u00e0 New York grant in support of \u201cNorthern Lights\u201d poetry reading by Andr\u00e9anne &nbsp;&nbsp;&nbsp;&nbsp;&nbsp;&nbsp;&nbsp;&nbsp;&nbsp;&nbsp;&nbsp;&nbsp;&nbsp;&nbsp; Frenette- Valli\u00e8res at the Slover Library, Norfolk VA<\/p>\n\n\n\n<p>2020&nbsp; &nbsp;&nbsp;&nbsp;&nbsp;&nbsp;&nbsp;&nbsp;$1750 \u201cDemocracy and the Informed Citizen Grant\u201d from the Virginia Center for the Book (Federation &nbsp;&nbsp;<\/p>\n\n\n\n<p>&nbsp;&nbsp;&nbsp;&nbsp;&nbsp;&nbsp;&nbsp;&nbsp;&nbsp;&nbsp;&nbsp;&nbsp;&nbsp;&nbsp;&nbsp;&nbsp; of&nbsp; State Humanities Councils\u201d for a panel on \u201cThe critical role of local journalism in support of an &nbsp;&nbsp;&nbsp;&nbsp;&nbsp;&nbsp;&nbsp;&nbsp;&nbsp;&nbsp;&nbsp;&nbsp;&nbsp;&nbsp;&nbsp;&nbsp;&nbsp;informed citizenry\u201d at the Slover Library in Sept 2020 (grant co-authors Josette Dubois and &nbsp;Adale Martin,           <\/p>\n\n\n\n<p>                 Slover Library, Norfolk, VA)<\/p>\n\n\n\n<p>2019&nbsp;&nbsp;&nbsp; &nbsp;&nbsp;&nbsp;&nbsp;&nbsp;$2000 by the Minist\u00e8re des Relations internationales et de la Francophonie du Qu\u00e9bec to support&nbsp;&nbsp;&nbsp;&nbsp;&nbsp;&nbsp;&nbsp;&nbsp;&nbsp;&nbsp;&nbsp;&nbsp;&nbsp;&nbsp;&nbsp;&nbsp; the 4th Quebecois-ODU poetry and the visit of 3 Quebecois\/First Nation poets (Louis-Karl Picard-Sioui, Virginia P\u00e9s\u00e9map\u00e9o-Bordeleau, and Isabelle Courteau centered around&nbsp;&nbsp;the theme of notions of &nbsp;<em>\u00e9critures du territoire<\/em>.<\/p>\n\n\n\n<p>2015&nbsp;&nbsp;&nbsp;&nbsp;&nbsp;&nbsp;&nbsp;&nbsp;&nbsp;&nbsp; S.A.C.D. (Soci\u00e9t\u00e9 des Auteurs et Compositeurs Dramatiques) translation and production grant for                       <\/p>\n\n\n\n<p>                     the&nbsp;&nbsp;&nbsp;translation and production of Marie Nimier\u2019s play <em>No\u00ebl revient tous les ans<\/em><\/p>\n\n\n\n<p>2014&nbsp;&nbsp;&nbsp;&nbsp;&nbsp;&nbsp;&nbsp;&nbsp;&nbsp;&nbsp;&nbsp; 2 year Quebec Government\/United States University Grant Program, with the Dept of Study Abroad, &nbsp;&nbsp;&nbsp;&nbsp;&nbsp;&nbsp;&nbsp;&nbsp;&nbsp;&nbsp;&nbsp;&nbsp;&nbsp;&nbsp;&nbsp;&nbsp;&nbsp;&nbsp;&nbsp;&nbsp;&nbsp;&nbsp;&nbsp;ODU ($20 000 to help launch a study abroad program in Montreal);<\/p>\n\n\n\n<p>2007&nbsp;&nbsp;&nbsp;&nbsp;&nbsp;&nbsp;&nbsp;&nbsp;&nbsp;&nbsp;&nbsp;&nbsp;&nbsp;&nbsp;&nbsp;&nbsp; ACSUS Fund for the Arts Grant (Association for Canadian Studies in the US) for the      <\/p>\n\n\n\n<p>                         ON-&nbsp;&nbsp;Film Festival<\/p>\n\n\n\n<p>2000&nbsp;&nbsp;&nbsp;&nbsp;&nbsp;&nbsp;&nbsp;&nbsp;&nbsp;&nbsp;&nbsp;&nbsp;&nbsp;&nbsp;&nbsp; $5000 Old Dominion University Summer Research Grant<\/p>\n\n\n\n<p>1998-1999&nbsp;&nbsp;&nbsp;&nbsp;&nbsp; &nbsp;Federal Government Title 6B Grant (with the College of Business, Old Dominion &nbsp;&nbsp;&nbsp;&nbsp;&nbsp;&nbsp;&nbsp;&nbsp;&nbsp;&nbsp;&nbsp;&nbsp;&nbsp;&nbsp;&nbsp;&nbsp;&nbsp;&nbsp;&nbsp;&nbsp;&nbsp;&nbsp;&nbsp;&nbsp;&nbsp;&nbsp;&nbsp;&nbsp;&nbsp;&nbsp;&nbsp;&nbsp;&nbsp;&nbsp;&nbsp;&nbsp;&nbsp;&nbsp;&nbsp;&nbsp;&nbsp;&nbsp;&nbsp;&nbsp;&nbsp;&nbsp;&nbsp;&nbsp;&nbsp;&nbsp;&nbsp;&nbsp;&nbsp;&nbsp;&nbsp;&nbsp;University) for the development of French for Business Courses<\/p>\n","protected":false},"excerpt":{"rendered":"<p>2021&nbsp;&nbsp;&nbsp;&nbsp;&nbsp;&nbsp;&nbsp; D\u00e9l\u00e9gation du Qu\u00e9bec \u00e0 New York grant to screen the film Plus haut que les flammes by Monique &nbsp;&nbsp;&nbsp; &nbsp;&nbsp;&nbsp;&nbsp;&nbsp;&nbsp;&nbsp;&nbsp;&nbsp;&nbsp;&nbsp;&nbsp;&nbsp;&nbsp;&nbsp; Leblanc and Louise Dupr\u00e9 2021&nbsp;&nbsp;&nbsp;&nbsp;&nbsp;&nbsp; D\u00e9l\u00e9gation du Qu\u00e9bec \u00e0 New York grant in support of \u201cNorthern Lights\u201d poetry reading by Andr\u00e9anne &nbsp;&nbsp;&nbsp;&nbsp;&nbsp;&nbsp;&nbsp;&nbsp;&nbsp;&nbsp;&nbsp;&nbsp;&nbsp;&nbsp; Frenette- Valli\u00e8res at the Slover Library, Norfolk VA 2020&nbsp; &nbsp;&nbsp;&nbsp;&nbsp;&nbsp;&nbsp;&nbsp;$1750 \u201cDemocracy and&#8230; <\/p>\n<div class=\"link-more\"><a href=\"https:\/\/sites.wp.odu.edu\/peterschulmanwordpress\/research\/grants\/\">Read More<\/a><\/div>\n","protected":false},"author":12396,"featured_media":0,"parent":10,"menu_order":0,"comment_status":"closed","ping_status":"closed","template":"","meta":{"footnotes":""},"_links":{"self":[{"href":"https:\/\/sites.wp.odu.edu\/peterschulmanwordpress\/wp-json\/wp\/v2\/pages\/47"}],"collection":[{"href":"https:\/\/sites.wp.odu.edu\/peterschulmanwordpress\/wp-json\/wp\/v2\/pages"}],"about":[{"href":"https:\/\/sites.wp.odu.edu\/peterschulmanwordpress\/wp-json\/wp\/v2\/types\/page"}],"author":[{"embeddable":true,"href":"https:\/\/sites.wp.odu.edu\/peterschulmanwordpress\/wp-json\/wp\/v2\/users\/12396"}],"replies":[{"embeddable":true,"href":"https:\/\/sites.wp.odu.edu\/peterschulmanwordpress\/wp-json\/wp\/v2\/comments?post=47"}],"version-history":[{"count":3,"href":"https:\/\/sites.wp.odu.edu\/peterschulmanwordpress\/wp-json\/wp\/v2\/pages\/47\/revisions"}],"predecessor-version":[{"id":269,"href":"https:\/\/sites.wp.odu.edu\/peterschulmanwordpress\/wp-json\/wp\/v2\/pages\/47\/revisions\/269"}],"up":[{"embeddable":true,"href":"https:\/\/sites.wp.odu.edu\/peterschulmanwordpress\/wp-json\/wp\/v2\/pages\/10"}],"wp:attachment":[{"href":"https:\/\/sites.wp.odu.edu\/peterschulmanwordpress\/wp-json\/wp\/v2\/media?parent=47"}],"curies":[{"name":"wp","href":"https:\/\/api.w.org\/{rel}","templated":true}]}}