{"id":57,"date":"2021-04-29T13:13:58","date_gmt":"2021-04-29T17:13:58","guid":{"rendered":"http:\/\/totesa.website\/faculty\/?page_id=57"},"modified":"2021-06-09T21:42:39","modified_gmt":"2021-06-10T01:42:39","slug":"professional-organizations","status":"publish","type":"page","link":"https:\/\/sites.wp.odu.edu\/peterschulmanwordpress\/service-2\/professional-organizations\/","title":{"rendered":"Professional Organizations"},"content":{"rendered":"\n<p>I serve on the Executive Board of the Societ\u00e9 des Professeurs Fran\u00e7ais d&#8217;Am\u00e9rique (SPFFA)<\/p>\n\n\n\n<p>I serve on the Executive Committee Board of the North American Jules Verne Society (NAJVS)<\/p>\n\n\n\n<p>I am an Assistant Editor to <em>The French Review<\/em> (2013- ) for the American Association of Teachers of French (AATF)<\/p>\n\n\n\n<p>I currently serve on the Elected the Executive Board of the Pacific and Ancient Modern Language Association (PAMLA)<\/p>\n\n\n\n<p>Appointed to the Board of Directors of the Association for Canadian Jewish Studies (ACJS), 2021-2023)<\/p>\n\n\n\n<p>Member of <em>La Travers\u00e9e<\/em> Atelier de g\u00e9opo\u00e9tique D\u00e9partement d&#8217;\u00e9tudes litt\u00e9raires Universit\u00e9 du Qu\u00e9bec \u00e0 Montr\u00e9al\u00a0 (UQAM)<\/p>\n\n\n\n<p>Appointed to the Editorial Advisory Board of the journal <em>French Studies in Southern Africa<\/em> (2013- )<\/p>\n\n\n\n<p>Appointed to the Editorial Board of the French and Francophone Literature journal,\u00a0 <em>Nouvelles\u00a0\u00a0\u00a0\u00a0\u00a0\u00a0\u00a0\u00a0\u00a0\u00a0\u00a0\u00a0\u00a0\u00a0\u00a0\u00a0\u00a0\u00a0\u00a0 \u00a0\u00a0\u00a0\u00a0\u00a0\u00a0\u00a0\u00a0\u00a0\u00a0\u00a0\u00a0\u00a0\u00a0\u00a0\u00a0\u00a0\u00a0\u00a0\u00a0\u00a0\u00a0\u00a0\u00a0Francographies<\/em>, 1999-.<\/p>\n\n\n\n<p>Member of CIEF (Conseil International d&#8217;Etudes Francophones)<\/p>\n\n\n\n<p>Member of the ACQS (American Council of Quebec Studies)<\/p>\n\n\n\n<p>Member of l&#8217;APLAQA (Association des Professeurs des Litt\u00e9ratures Acadiennes et Qu\u00e9b\u00e9coises de l&#8217;Atlantique)<\/p>\n","protected":false},"excerpt":{"rendered":"<p>I serve on the Executive Board of the Societ\u00e9 des Professeurs Fran\u00e7ais d&#8217;Am\u00e9rique (SPFFA) I serve on the Executive Committee Board of the North American Jules Verne Society (NAJVS) I am an Assistant Editor to The French Review (2013- ) for the American Association of Teachers of French (AATF) I currently serve on the Elected&#8230; <\/p>\n<div class=\"link-more\"><a href=\"https:\/\/sites.wp.odu.edu\/peterschulmanwordpress\/service-2\/professional-organizations\/\">Read More<\/a><\/div>\n","protected":false},"author":12396,"featured_media":0,"parent":22,"menu_order":0,"comment_status":"closed","ping_status":"open","template":"","meta":{"footnotes":""},"_links":{"self":[{"href":"https:\/\/sites.wp.odu.edu\/peterschulmanwordpress\/wp-json\/wp\/v2\/pages\/57"}],"collection":[{"href":"https:\/\/sites.wp.odu.edu\/peterschulmanwordpress\/wp-json\/wp\/v2\/pages"}],"about":[{"href":"https:\/\/sites.wp.odu.edu\/peterschulmanwordpress\/wp-json\/wp\/v2\/types\/page"}],"author":[{"embeddable":true,"href":"https:\/\/sites.wp.odu.edu\/peterschulmanwordpress\/wp-json\/wp\/v2\/users\/12396"}],"replies":[{"embeddable":true,"href":"https:\/\/sites.wp.odu.edu\/peterschulmanwordpress\/wp-json\/wp\/v2\/comments?post=57"}],"version-history":[{"count":2,"href":"https:\/\/sites.wp.odu.edu\/peterschulmanwordpress\/wp-json\/wp\/v2\/pages\/57\/revisions"}],"predecessor-version":[{"id":292,"href":"https:\/\/sites.wp.odu.edu\/peterschulmanwordpress\/wp-json\/wp\/v2\/pages\/57\/revisions\/292"}],"up":[{"embeddable":true,"href":"https:\/\/sites.wp.odu.edu\/peterschulmanwordpress\/wp-json\/wp\/v2\/pages\/22"}],"wp:attachment":[{"href":"https:\/\/sites.wp.odu.edu\/peterschulmanwordpress\/wp-json\/wp\/v2\/media?parent=57"}],"curies":[{"name":"wp","href":"https:\/\/api.w.org\/{rel}","templated":true}]}}