{"id":433,"date":"2021-11-03T22:18:46","date_gmt":"2021-11-03T22:18:46","guid":{"rendered":"https:\/\/sites.wp.odu.edu\/basicspanishdraft2\/?page_id=433"},"modified":"2024-04-24T23:48:27","modified_gmt":"2024-04-24T23:48:27","slug":"221-2","status":"publish","type":"page","link":"https:\/\/sites.wp.odu.edu\/princess-spanish-101\/221-2\/","title":{"rendered":"SPAN 311"},"content":{"rendered":"\n<p><a href=\"https:\/\/drive.google.com\/file\/d\/1Eemz_Rr-GzU5VS9zA1AZtI1MTbztESIg\/view?usp=sharing\">Interpretive, Interpersonal, and Presentational Modes of Communicatio<\/a>n <\/p>\n\n\n\n<p><strong>Artifacts<\/strong>.<\/p>\n\n\n\n<p>For the Artifacts piece; I will be putting down below one of my speaking projects; <\/p>\n\n\n\n<p>&#8216;Porsiemprejamon\u2019 (Class presentation from our textbook)<\/p>\n\n\n\n<p> <a href=\"https:\/\/docs.google.com\/presentation\/d\/1qWxXi72x1itN7sQ8dbImaFD_EJeI1NaTlsEgCKf-6dw\/edit\">https:\/\/docs.google.com\/presentation\/d\/1qWxXi72x1itN7sQ8dbImaFD_EJeI1NaTlsEgCKf-6dw\/edit<\/a><\/p>\n\n\n\n<p><\/p>\n\n\n\n<p>Instructions<\/p>\n\n\n\n<p><strong>Exploring Culture<\/strong><\/p>\n\n\n\n<p>Looking back on my time in general taking the many levels of college level Spanish courses, all have excited me but also left me pondering on what obstacles I might come across while doing so; \u201cIs this going to be as easy as the previous levels of Spanish? Or will it be harder to point where I\u2019ll struggle and fail the course?\u201d I hope to someday become a Spanish teacher to help others learn the Spanish language. Granted, even after completing both beginning Spanish 101 &amp; 102 alongside Intermediate Spanish 201 &amp; 202 I was able to gain more than just a decent amount of Spanish under my belt, even after finishing this course; sure it became seriously challenging but it pushed me to keep going and learn other languages! I knew that I had a lot to learn in order to understand the Spanish language and culture, it excited me to the point I was eager to learn new vocabulary, phrases, and to boost my confidence when it comes to speaking said language to others. However, there were times where I struggled with Spanish assignments. It\u2019s honestly true of what they say about doing anything in general; whether trying something new or gaining an experience, it\u2019s not going to be easy and that\u2019s what makes it a challenge. And even with those times where I felt giving up and quitting altogether, I continued to push through and kept trying. For me, that helped with understanding cultural perspectives was completing assignments in VHL and just taking the course in general. Yes, the website\/textbook was there to help keep tabs on our Spanish skills but there would also be times where it talks about people from different Spanish speaking countries, explaining how things are in their country. For example, in our first lesson \u201cViaje a Marte\u201d talks about a boy named Antonio with a dream to go to Mars in a rocket. It amazes me how even in a different language you can express your dreams, wants, and needs just like in English. <br><\/p>\n\n\n\n<p>Here is the recap from the movie; \u201cViaje a Marte\u201d<\/p>\n\n\n\n<p> La Revista; Viaje a Marte.<\/p>\n\n\n\n<ol>\n<li>Relata alg\u00fan acontecimiento que tuvo lugar cuando eras peque\u00f1o y que cambio tu vida: cu\u00e1ntos a\u00f1os ten\u00edas?, \u00bfd\u00f3nde y con qui\u00e9n estabas? \u00bfqu\u00e9 tipo de acontecimiento fue? \u00bfcu\u00e1ndo y d\u00f3nde ocurri\u00f3?, \u00bfqui\u00e9nes eran los protagonistas? \u00bfc\u00f3mo supieron la noticia? Cuando obtuvo mi primer tel\u00e9fono inteligente. Era muy feliz.<\/li>\n\n\n\n<li>Resumen del cortometraje \u201cUn viaje a Marte\u201d Es sobre de un ni\u00f1o con mucha imaginaci\u00f3n y que sue\u00f1a con ir a Marte en un cohete. Antonio estaba viendo la tele sobre ciencia ficci\u00f3n y estaba emocionado. Le dijo a su abuelo que quiere ir a Marte. su abuelo le dijo que puede llevarlo en su camioneta. Cuando ellos llegaron a Marte Vieron una tienda con una mujer. ella dijo bienvenida y antonio quer\u00eda que su abuelo le comprara un recuerdo. M\u00e1s tarde en la escuela les cuenta a todos que cuando era ni\u00f1o fue a Marte.&nbsp;<\/li>\n\n\n\n<li>El paisaje del cortometraje les recuerda alg\u00fan lugar de su regi\u00f3n o pa\u00eds, \u00bfcu\u00e1l y por qu\u00e9? marte o el desierto al que fueron Antonio y su abuelo cuando \u00e9l era ni\u00f1o. Me recuerda al Carolina de Norte porque del suelo rojo de Carolina del Norte.&nbsp;<\/li>\n\n\n\n<li>\u00bfHay alg\u00fan paisaje en tu regi\u00f3n o pa\u00eds que proyecte un aire de ciencia ficci\u00f3n? NASA, El gran ca\u00f1\u00f3n, Tejas.<\/li>\n\n\n\n<li>\u00bfQu\u00e9 diferencias existen entre el paisaje del video: El Valle de la Luna, argentino y alg\u00fan paisaje de Estados Unidos? Est\u00e1n en diferentes lugares del mundo con diferentes caracter\u00edsticas y cosas.&nbsp;<\/li>\n\n\n\n<li>\u00bfEs posible la vida en otro planeta? \u00bfPor qu\u00e9? s\u00ed o no. Argumenta tu respuesta. No creo que es posible la vida en otro planeta porque t\u00fa nescitas aire, comida y agua para vivir.<\/li>\n\n\n\n<li>Los juguetes son positivos o negativos. Argumenta tu respuesta (3 argumentos de cada uno.&nbsp;&nbsp;<\/li>\n<\/ol>\n\n\n\n<p><\/p>\n\n\n\n<p> <strong>Interpersonal Communication<\/strong><\/p>\n\n\n\n<p>It\u2019s hard to believe that this semester marks the 8th time I\u2019ve used TalkAbroad. It\u2019s honestly like a zoom meeting but meeting and connecting with a variety of people from different Spanish speaking countries. During my freshman year, I\u2019ve never heard of TalkAbroad until continuing my path in Spanish. But now after using it, again this year, for this and the previous semesters, I was able to fully flourish and meet very nice people, granted you\u2019ll have to schedule an appointment ahead of time to do so but other than that it\u2019s pretty straight forward with every step. Even though it was my fifth time using TalkAbroad, I was nervous about my first meeting. Granted, within the first few minutes, I did fine but as the meeting progressed and questions were being asked, I kept trembling over my words and felt lost and disappointed in myself. With that being said, I was determined to do better with my next meeting and that I did. It\u2019s true what they say about practice makes perfect, I took my time and practiced my Spanish anytime I could get and even wrote a practice script of what I would say before so. And the more I studied and practiced, the more I felt ready and sure of myself. With that being said, what helps me excel in Spanish is being prepared ahead of time instead of at the very last minute. The first time, I was a rambling mess and the second time I was a lot more prepared and did better.<\/p>\n\n\n\n<p>(Unfortunately I don\u2019t have any recordings of my TalkAbroad meetings that I did this semester)&nbsp;<\/p>\n\n\n\n<p><strong>Presentational Speaking<\/strong><\/p>\n\n\n\n<p>Over the course of time with taking Spanish is that practice, patience, dedication, and confidence are all essential especially when it comes to speaking. For me, I always had the fear that if I were to be in a situation that required me to speak Spanish, that I would mess up and say the wrong things. With that being said, I had to keep in mind that it\u2019s okay if you make a mistake as long as you keep trying and that you\u2019re not going to know or get everything right on the first try, if you do then that\u2019s good. What challenged me was keeping in mind that there\u2019s a difference between writing and speaking, yes with both you\u2019re showing what you learned and how well you perform in said unit or topic. For me, writing and speaking has its moments depending on what\u2019s being asked, written wise; I\u2019m able to really look back and check for any errors to prevent future miscommunications while as for speaking, it happens right in the moment, it\u2019s all on you to keep up. But the good thing of it all is that communication is key otherwise, how else are others going to know how or figure out the best way to help you. For this speaking piece in class we would do Tertulias based on what we\u2019ve done for homework or what we\u2019re reading in the textbook and the teacher would ask us a question and we would then respond in Spanish.<\/p>\n\n\n\n<p>Down below I\u2019m putting one of my Tertulia assignments; <\/p>\n\n\n\n<p>Tertulia 5; Los Misterios del Amor<\/p>\n\n\n\n<ol>\n<li>\u00bfQu\u00e9 es el amor? El amor es un fuerte sentimiento de afecto. Yo describo el amor con amor rom\u00e1ntico; novio y novia, matrimonio. No amor rom\u00e1ntico con familia y amigos.&nbsp;&nbsp;<\/li>\n<\/ol>\n\n\n\n<p>2. \u00bfPor qu\u00e9 nos enamoramos? Nos enamoramos porque sentimos una fuerte atracci\u00f3n por otra persona.&nbsp;<\/p>\n\n\n\n<p>3. \u00bfC\u00f3mo se pasa del amor al enamoramiento? Siempre puedes decirle te amo a tu familia pero enamorarse es diferente, hay sentimientos rom\u00e1nticos.&nbsp;<\/p>\n\n\n\n<p>4. \u00bfQu\u00e9 importancia tiene la atracci\u00f3n fisica en el enamoramiento?&nbsp;En mi opini\u00f3n no me importa la atracci\u00f3n f\u00edsica prefiero la personalidad.<\/p>\n\n\n\n<p>5. \u00bfQu\u00e9 factores intervienen en la experiencia amorosa? Un atracci\u00f3n rom\u00e1ntica por esa persona&nbsp;y la personalidad.<\/p>\n\n\n\n<p>6. \u00bfEs posible enamorarse por Internet? No creo que sea posible porque no se conocen.&nbsp;Prefiero cara a cara.<\/p>\n\n\n\n<p>7. \u00bfEs posible encontrar el amor en un programa de televisi\u00f3n? No, eso es loco; Necesitas conectarte con otras personas en el mundo.&nbsp;<\/p>\n\n\n\n<p>8. El amor a primera vista \u00bfEs un mito? En mi opini\u00f3n depende de la persona y de lo que sientes por la persona.&nbsp;<\/p>\n\n\n\n<p>9. \u00bfCreen que existe una media naranja para cada uno de nosotros? Estoy de acuerdo con esto porque siempre hay una persona especial para todos.&nbsp;<\/p>\n\n\n\n<p> <strong>Presentational Writing<\/strong><\/p>\n\n\n\n<p>For this writing piece, I\u2019m putting down below one of my written homework assignments; Reality or Fantasy. I can honestly say without a shout of doubt writing down any new phrases\/vocabulary has and will always keep me on top of my Spanish; memory wise. And I hope it\u2019ll apply for when I continue my path of learning other languages. <br>La tarea; Realidad o Fantas\u00eda <\/p>\n\n\n\n<ol>\n<li>\u00bfQu\u00e9 historias de Angeles, fantasmas, o extraterrestres conoces? Dios, Casper, y Se\u00f1orita Marciana.\u00a0\u00bfCrees en esas historias? Si porque creo en dios y cuando era ni\u00f1a ve\u00eda Casper y Se\u00f1orita Marciana.<\/li>\n\n\n\n<li>\u00bfCrees que nuestro destino esta predeterminado o podemos modificarlo? No porque creo que depende de lo que quieras hacer en la vida.&nbsp;<\/li>\n\n\n\n<li>\u00bfEs bueno promover la imaginaci\u00f3n de los ni\u00f1os?  Por qu\u00e9? Creo que es bueno promover la imaginaci\u00f3n de los ni\u00f1os porque se sentir\u00e1 muy felices.&nbsp;<\/li>\n<\/ol>\n\n\n\n<p>Parte B; Vocabulario; a. Escribe 5 oraciones usando el vocabulario del corto y el vocabulario del y 4 oraciones usando las expresiones. (No repitas las palabras usadas en el modelo.)&nbsp;<\/p>\n\n\n\n<p>Mis ejemplos son;&nbsp;<\/p>\n\n\n\n<ol>\n<li>El monstruo; El monstruo era grande y verde.<\/li>\n\n\n\n<li>La garra; El tambi\u00e9n tiene grandes garras.<\/li>\n\n\n\n<li>El cohete; Antonio quiere ir a Marte en un cohete.<\/li>\n\n\n\n<li>La camioneta; La camioneta de Antonio es roja.<\/li>\n\n\n\n<li>El hito; El matrimonio es un hito importante en la vida.<\/li>\n\n\n\n<li>Que humor; \u00a1Qu\u00e9 humor! El estaba enojado.<\/li>\n\n\n\n<li>Ya est\u00e1n por llegar; El hombre de la televisi\u00f3n dijo que ya est\u00e1n por llegar.<\/li>\n\n\n\n<li>&nbsp;Es un poco a trasmano; La tienda esta en otra ciudad y es un poco a trasmano.<\/li>\n\n\n\n<li>&nbsp;Los autos se siguen quedando; Antonio no puede ver el despegue si los autos se siguen quedando.&nbsp;&nbsp;&nbsp;&nbsp;<\/li>\n<\/ol>\n\n\n\n<p>b. Seleccionar: Lee el grupo de palabras y elige la palabra que no pertenece.<\/p>\n\n\n\n<ol>\n<li>Cohete, camioneta, nave, platillo volador. Camioneta&nbsp;<\/li>\n\n\n\n<li>Hito, marciano, astronauta, extraterrestre. Hito<\/li>\n\n\n\n<li>Aterrizaje, despegue, cohete, entrenamiento. Entrenamiento&nbsp;<\/li>\n\n\n\n<li>Gr\u00faa, Marte, astronauta, platillo volador. Gr\u00faa <\/li>\n\n\n\n<li>Astronauta, garra, atacar, monstruo. Astronauta&nbsp;<\/li>\n<\/ol>\n\n\n\n<p>&nbsp;c. A escribir<\/p>\n\n\n\n<p>Pretendan que son habitantes de Marte y desean hacer un viaje a la tierra. Usen el vocabulario y algunas expresiones para describir su primer viaje a la Tierra.<\/p>\n\n\n\n<p>&nbsp;&nbsp;&nbsp;&nbsp;&nbsp;&nbsp;&nbsp;&nbsp;&nbsp;&nbsp;&nbsp;&nbsp;&nbsp;&nbsp;&nbsp;&nbsp;&nbsp;&nbsp;&nbsp;&nbsp;&nbsp;&nbsp;&nbsp;&nbsp;&nbsp;&nbsp;&nbsp;&nbsp;&nbsp;&nbsp;&nbsp;&nbsp;&nbsp;&nbsp;Mi primer viaje a la tierra<\/p>\n\n\n\n<p>\u00a1Una ma\u00f1ana estaba tan emocionada porque hoy es mi primer viaje a la Tierra! Mi suena es viajar y explorar otros planetas del universo. M\u00e1s tarde en el d\u00eda nos preparamos para el viaje. \u00c2\u00a1Pronto el despegue del cohete fue muy apasionante! Cuando tuve en la tierra era hermosa; el cielo y el agua eran azules y las muchas plantas eran de diferentes colores. Tambi\u00e9n hab\u00eda diferentes cosas llamadas animales, \u00a1Una cosa llamada perro era muy amigable!\u00a0<\/p>\n\n\n\n<p> <\/p>\n\n\n\n<p><strong>Interpretive Listening<\/strong><\/p>\n\n\n\n<p>I feel like with any language whether it be in Spanish, French, German, Italian, or whatever the case maybe you\u2019re pretty much guessing what that other person is either saying, feeling, or thinking. Throughout the course, there would be times where we had to listen to what the speaker would say based on their tone and mood you could get an idea of what they\u2019re saying, same thing applied for class interviews with the instructor, what I always kept in mind was paying attention to the following; tone of voice, body language, and just listening in general especially if a question is being asked. <br><\/p>\n\n\n\n<p>I feel like what was challenging was overcoming the fear of saying something wrong or just getting embarrassed. But after experiencing it a couple of times, I\u2019m not as anxious as I was. In fact, I feel a lot more confident and sure of myself.<\/p>\n\n\n\n<p> <strong>Interpretive Reading<\/strong><\/p>\n\n\n\n<p>I truly stand by this description, with that being said I feel like this is what helped me to push myself and excel in learning Spanish. While learning any language is a thrilling experience, keep in mind that practice, patience, dedication, and confidence are all essential whether reading, writing, or speaking. The thought of reading in Spanish sounded extremely difficult versus reading in English, the same as if it were a song or anything else that was in a different language. But after taking Spanish for as long as I have and continue to do, I\u2019ve grown to like reading in Spanish, it kind of reminds me of a puzzle when reading something new like \u201cCan I guess what this means?\u201d I can honestly say what helps me improve on reading in Spanish, is practice by reading aloud the words to the best of my ability. Granted, over the course of time, I\u2019ve struggled with reading in Spanish from time to time but what really helps is hearing how the words are properly pronounced and practicing saying them. You\u2019re not going to know or get everything right the first time but as long as you give it your all and keep trying, you\u2019ll be just fine.<\/p>\n","protected":false},"excerpt":{"rendered":"<p>Interpretive, Interpersonal, and Presentational Modes of Communication Artifacts. For the Artifacts piece; I will be putting down below one of my speaking projects; &#8216;Porsiemprejamon\u2019 (Class presentation from our textbook) https:\/\/docs.google.com\/presentation\/d\/1qWxXi72x1itN7sQ8dbImaFD_EJeI1NaTlsEgCKf-6dw\/edit Instructions Exploring Culture Looking back on my time in general taking the many levels of college level Spanish courses, all have excited me but also&#8230; <\/p>\n<div class=\"link-more\"><a href=\"https:\/\/sites.wp.odu.edu\/princess-spanish-101\/221-2\/\">Read More<\/a><\/div>\n","protected":false},"author":22451,"featured_media":0,"parent":0,"menu_order":0,"comment_status":"closed","ping_status":"closed","template":"","meta":{"footnotes":""},"_links":{"self":[{"href":"https:\/\/sites.wp.odu.edu\/princess-spanish-101\/wp-json\/wp\/v2\/pages\/433"}],"collection":[{"href":"https:\/\/sites.wp.odu.edu\/princess-spanish-101\/wp-json\/wp\/v2\/pages"}],"about":[{"href":"https:\/\/sites.wp.odu.edu\/princess-spanish-101\/wp-json\/wp\/v2\/types\/page"}],"author":[{"embeddable":true,"href":"https:\/\/sites.wp.odu.edu\/princess-spanish-101\/wp-json\/wp\/v2\/users\/22451"}],"replies":[{"embeddable":true,"href":"https:\/\/sites.wp.odu.edu\/princess-spanish-101\/wp-json\/wp\/v2\/comments?post=433"}],"version-history":[{"count":5,"href":"https:\/\/sites.wp.odu.edu\/princess-spanish-101\/wp-json\/wp\/v2\/pages\/433\/revisions"}],"predecessor-version":[{"id":545,"href":"https:\/\/sites.wp.odu.edu\/princess-spanish-101\/wp-json\/wp\/v2\/pages\/433\/revisions\/545"}],"wp:attachment":[{"href":"https:\/\/sites.wp.odu.edu\/princess-spanish-101\/wp-json\/wp\/v2\/media?parent=433"}],"curies":[{"name":"wp","href":"https:\/\/api.w.org\/{rel}","templated":true}]}}