{"id":441,"date":"2021-11-03T22:18:46","date_gmt":"2021-11-03T22:18:46","guid":{"rendered":"https:\/\/sites.wp.odu.edu\/basicspanishdraft2\/?page_id=441"},"modified":"2024-04-18T01:08:14","modified_gmt":"2024-04-18T01:08:14","slug":"activities-2","status":"publish","type":"page","link":"https:\/\/sites.wp.odu.edu\/princess-spanish-101\/activities-2\/","title":{"rendered":"Activities"},"content":{"rendered":"\n<p>Please include on this page any content related to activities you have participated in. Related activities include: Events in the&nbsp;<a href=\"https:\/\/www.odu.edu\/languagelearningcenter\">Language Learning Center<\/a>, Tertulias, guest speakers, and any activity beyond the World Language classroom that applies your learning and develops your skills in Spanish.<\/p>\n\n\n\n<p>For this Page\\Activity Part I\u2019m going to type up one of my Tertulia\u2019s that I was required to do during my time in the course Spanish 311; <\/p>\n\n\n\n<p>Tertulia 5; Los Misterios del Amor <\/p>\n\n\n\n<ol>\n<li>\u00bfQu\u00e9 es el amor? El amor es un fuerte sentimiento de afecto. Yo describo el amor con amor rom\u00e1ntico; novio y novia, matrimonio. No amor rom\u00e1ntico con familia y amigos.\u00a0\u00a0<\/li>\n<\/ol>\n\n\n\n<p>    2. \u00bfPor qu\u00e9 nos enamoramos? Nos enamoramos porque sentimos una fuerte atracci\u00f3n por otra          persona.\u00a0<\/p>\n\n\n\n<p>3. \u00bfC\u00f3mo se pasa del amor al enamoramiento? Siempre puedes decirle te amo a tu familia pero enamorarse es diferente, hay sentimientos rom\u00e1nticos.\u00a0<\/p>\n\n\n\n<p>4. \u00bfQu\u00e9 importancia tiene la atracci\u00f3n fisica en el enamoramiento?\u00a0En mi opini\u00f3n no me importa la atracci\u00f3n f\u00edsica prefiero la personalidad.<\/p>\n\n\n\n<p>5. \u00bfQu\u00e9 factores intervienen en la experiencia amorosa? Un atracci\u00f3n rom\u00e1ntica por esa persona y la personalidad.<\/p>\n\n\n\n<p>6. \u00bfEs posible enamorarse por Internet? No creo que sea posible porque no se conocen.\u00a0Prefiero cara a cara.<\/p>\n\n\n\n<p>7. \u00bfEs posible encontrar el amor en un programa de televisi\u00f3n? No, eso es loco; Necesitas conectarte con otras personas en el mundo.\u00a0<\/p>\n\n\n\n<p>8. \u00bfEl amor a primera vista \u00bfEs un mito? En mi opini\u00f3n depende de la persona y de lo que sientes por la persona.\u00a0<\/p>\n\n\n\n<p> 9. \u00bfCreen que existe una media naranja para cada uno de nosotros? Estoy de acuerdo con esto porque siempre hay una persona especial para todos.\u00a0<\/p>\n\n\n\n<p> <\/p>\n","protected":false},"excerpt":{"rendered":"<p>Please include on this page any content related to activities you have participated in. Related activities include: Events in the&nbsp;Language Learning Center, Tertulias, guest speakers, and any activity beyond the World Language classroom that applies your learning and develops your skills in Spanish. For this Page\\Activity Part I\u2019m going to type up one of my&#8230; <\/p>\n<div class=\"link-more\"><a href=\"https:\/\/sites.wp.odu.edu\/princess-spanish-101\/activities-2\/\">Read More<\/a><\/div>\n","protected":false},"author":22451,"featured_media":0,"parent":0,"menu_order":0,"comment_status":"closed","ping_status":"closed","template":"","meta":{"footnotes":""},"_links":{"self":[{"href":"https:\/\/sites.wp.odu.edu\/princess-spanish-101\/wp-json\/wp\/v2\/pages\/441"}],"collection":[{"href":"https:\/\/sites.wp.odu.edu\/princess-spanish-101\/wp-json\/wp\/v2\/pages"}],"about":[{"href":"https:\/\/sites.wp.odu.edu\/princess-spanish-101\/wp-json\/wp\/v2\/types\/page"}],"author":[{"embeddable":true,"href":"https:\/\/sites.wp.odu.edu\/princess-spanish-101\/wp-json\/wp\/v2\/users\/22451"}],"replies":[{"embeddable":true,"href":"https:\/\/sites.wp.odu.edu\/princess-spanish-101\/wp-json\/wp\/v2\/comments?post=441"}],"version-history":[{"count":2,"href":"https:\/\/sites.wp.odu.edu\/princess-spanish-101\/wp-json\/wp\/v2\/pages\/441\/revisions"}],"predecessor-version":[{"id":522,"href":"https:\/\/sites.wp.odu.edu\/princess-spanish-101\/wp-json\/wp\/v2\/pages\/441\/revisions\/522"}],"wp:attachment":[{"href":"https:\/\/sites.wp.odu.edu\/princess-spanish-101\/wp-json\/wp\/v2\/media?parent=441"}],"curies":[{"name":"wp","href":"https:\/\/api.w.org\/{rel}","templated":true}]}}