{"id":159,"date":"2022-04-26T05:57:17","date_gmt":"2022-04-26T05:57:17","guid":{"rendered":"https:\/\/sites.wp.odu.edu\/reaganrichardson\/?page_id=159"},"modified":"2022-04-27T02:40:34","modified_gmt":"2022-04-27T02:40:34","slug":"span-330-hispanic-literature","status":"publish","type":"page","link":"https:\/\/sites.wp.odu.edu\/reaganrichardson\/span-330-hispanic-literature\/","title":{"rendered":"SPAN 330 &#8211; Hispanic Literature"},"content":{"rendered":"\n<p>En la primavera de 2022, tome el Espa\u00f1ol 330 &#8211; la literatura espa\u00f1ola con Dra. Angelica Huizar. En esta clase, analizamos las obras literarias empezando de las edades medias hasta el siglo veinte. Al leer g\u00e9neros como poes\u00eda, obras de teatro y ensayos narrativos, aprendimos c\u00f3mo estas obras juegan un papel importante en la expresi\u00f3n de las identidades y experiencias hispanas y latinoamericanas.<\/p>\n\n\n\n<p>Una de las conclusiones principales de esta clase es como la expresi\u00f3n literaria puede ser una herramienta poderosa para el activismo. De las ideas feministas establecidas en los poemas de Sor Juana In\u00e9s de la Cruz a las historias reales de la colonizaci\u00f3n espa\u00f1ola de las am\u00e9ricas, cada obra cuenta una historia diferente sobre el significado de ser hispano.&nbsp;<\/p>\n\n\n\n<p>Esta clase me ha ayudado a pensar cr\u00edticamente sobre la literatura hispana y latinoamericana y entender su importancia en la historia de Espa\u00f1a y Latinoam\u00e9rica.<\/p>\n\n\n\n<p>English translation:<\/p>\n\n\n\n<p>In the spring of 2022, I took Spanish 330 &#8211; Hispanic Literature with Dr. Angelica Huizar. In this course, we analyzed literary works starting from the Middle Ages all the way up to the twentieth century. By reading genres such as poetry, plays, and narrative essays, we learned how these works play an important role in expressing Hispanic and Latin American identities and experiences<\/p>\n\n\n\n<p>One of the main takeaways from this class is how literary expression can be a powerful tool for activism. From the feminist ideals laid out in the poems of Sor Juana In\u00e9s de la Cruz to the real life accounts of the Spanish colonization of the Americas, each work tells a different story about the meaning of being Hispanic. <\/p>\n\n\n\n<p>This class has helped me think critically about Hispanic and Latin American literature and understand its importance in the history of Spain and Latin America. The next pages display my progress in my Spanish-writing and critical-thinking skills throughout the semester.<\/p>\n\n\n\n<!--nextpage-->\n\n\n\n<h2 class=\"wp-block-heading\">Debate #1: La religi\u00f3n y la cultura<\/h2>\n\n\n<div class=\"ead-preview\"><div class=\"ead-document\" style=\"position: relative;padding-top: 90%;\"><div class=\"ead-iframe-wrapper\"><iframe src=\"\/\/docs.google.com\/viewer?url=https%3A%2F%2Fsites.wp.odu.edu%2Freaganrichardson%2Fwp-content%2Fuploads%2Fsites%2F21550%2F2022%2F04%2FPosition-Statement-1-1.docx&amp;embedded=true&amp;hl=en\" title=\"Embedded Document\" class=\"ead-iframe\" style=\"width: 100%;height: 100%;border: none;position: absolute;left: 0;top: 0;visibility: hidden;\"><\/iframe><\/div>\t\t\t<div class=\"ead-document-loading\" style=\"width:100%;height:100%;position:absolute;left:0;top:0;z-index:10;\">\n\t\t\t\t<div class=\"ead-loading-wrap\">\n\t\t\t\t\t<div class=\"ead-loading-main\">\n\t\t\t\t\t\t<div class=\"ead-loading\">\n\t\t\t\t\t\t\t<img loading=\"lazy\" decoding=\"async\" src=\"https:\/\/sites.wp.odu.edu\/reaganrichardson\/wp-content\/plugins\/embed-any-document\/images\/loading.svg\" width=\"55\" height=\"55\" alt=\"Loader\">\n\t\t\t\t\t\t\t<span>Loading&#8230;<\/span>\n\t\t\t\t\t\t<\/div>\n\t\t\t\t\t<\/div>\n\t\t\t\t\t<div class=\"ead-loading-foot\">\n\t\t\t\t\t\t<div class=\"ead-loading-foot-title\">\n\t\t\t\t\t\t\t<img loading=\"lazy\" decoding=\"async\" src=\"https:\/\/sites.wp.odu.edu\/reaganrichardson\/wp-content\/plugins\/embed-any-document\/images\/EAD-logo.svg\" alt=\"EAD Logo\" width=\"36\" height=\"23\"\/>\n\t\t\t\t\t\t\t<span>Taking too long?<\/span>\n\t\t\t\t\t\t<\/div>\n\t\t\t\t\t\t<p>\n\t\t\t\t\t\t\t<div class=\"ead-document-btn ead-reload-btn\" role=\"button\">\n\t\t\t\t\t\t\t\t<img loading=\"lazy\" decoding=\"async\" src=\"https:\/\/sites.wp.odu.edu\/reaganrichardson\/wp-content\/plugins\/embed-any-document\/images\/reload.svg\" alt=\"Reload\" width=\"12\" height=\"12\"\/> Reload document\t\t\t\t\t\t\t<\/div>\n\t\t\t\t\t\t\t<span>|<\/span>\n\t\t\t\t\t\t\t<a href=\"https:\/\/docs.google.com\/viewer?url=https%3A%2F%2Fsites.wp.odu.edu%2Freaganrichardson%2Fwp-content%2Fuploads%2Fsites%2F21550%2F2022%2F04%2FPosition-Statement-1-1.docx&#038;hl=en\" class=\"ead-document-btn\" target=\"_blank\">\n\t\t\t\t\t\t\t\t<img loading=\"lazy\" decoding=\"async\" src=\"https:\/\/sites.wp.odu.edu\/reaganrichardson\/wp-content\/plugins\/embed-any-document\/images\/open.svg\" alt=\"Open\" width=\"12\" height=\"12\"\/> Open in new tab\t\t\t\t\t\t\t<\/a>\n\t\t\t\t\t<\/div>\n\t\t\t\t<\/div>\n\t\t\t<\/div>\n\t\t<\/div><\/div>\n\n<div class=\"ead-preview\"><div class=\"ead-document\" style=\"position: relative;padding-top: 90%;\"><div class=\"ead-iframe-wrapper\"><iframe src=\"\/\/docs.google.com\/viewer?url=https%3A%2F%2Fsites.wp.odu.edu%2Freaganrichardson%2Fwp-content%2Fuploads%2Fsites%2F21550%2F2022%2F04%2FSPAN-330-Reflection-essay-1.docx&amp;embedded=true&amp;hl=en\" title=\"Embedded Document\" class=\"ead-iframe\" style=\"width: 100%;height: 100%;border: none;position: absolute;left: 0;top: 0;visibility: hidden;\"><\/iframe><\/div>\t\t\t<div class=\"ead-document-loading\" style=\"width:100%;height:100%;position:absolute;left:0;top:0;z-index:10;\">\n\t\t\t\t<div class=\"ead-loading-wrap\">\n\t\t\t\t\t<div class=\"ead-loading-main\">\n\t\t\t\t\t\t<div class=\"ead-loading\">\n\t\t\t\t\t\t\t<img loading=\"lazy\" decoding=\"async\" src=\"https:\/\/sites.wp.odu.edu\/reaganrichardson\/wp-content\/plugins\/embed-any-document\/images\/loading.svg\" width=\"55\" height=\"55\" alt=\"Loader\">\n\t\t\t\t\t\t\t<span>Loading&#8230;<\/span>\n\t\t\t\t\t\t<\/div>\n\t\t\t\t\t<\/div>\n\t\t\t\t\t<div class=\"ead-loading-foot\">\n\t\t\t\t\t\t<div class=\"ead-loading-foot-title\">\n\t\t\t\t\t\t\t<img loading=\"lazy\" decoding=\"async\" src=\"https:\/\/sites.wp.odu.edu\/reaganrichardson\/wp-content\/plugins\/embed-any-document\/images\/EAD-logo.svg\" alt=\"EAD Logo\" width=\"36\" height=\"23\"\/>\n\t\t\t\t\t\t\t<span>Taking too long?<\/span>\n\t\t\t\t\t\t<\/div>\n\t\t\t\t\t\t<p>\n\t\t\t\t\t\t\t<div class=\"ead-document-btn ead-reload-btn\" role=\"button\">\n\t\t\t\t\t\t\t\t<img loading=\"lazy\" decoding=\"async\" src=\"https:\/\/sites.wp.odu.edu\/reaganrichardson\/wp-content\/plugins\/embed-any-document\/images\/reload.svg\" alt=\"Reload\" width=\"12\" height=\"12\"\/> Reload document\t\t\t\t\t\t\t<\/div>\n\t\t\t\t\t\t\t<span>|<\/span>\n\t\t\t\t\t\t\t<a href=\"https:\/\/docs.google.com\/viewer?url=https%3A%2F%2Fsites.wp.odu.edu%2Freaganrichardson%2Fwp-content%2Fuploads%2Fsites%2F21550%2F2022%2F04%2FSPAN-330-Reflection-essay-1.docx&#038;hl=en\" class=\"ead-document-btn\" target=\"_blank\">\n\t\t\t\t\t\t\t\t<img loading=\"lazy\" decoding=\"async\" src=\"https:\/\/sites.wp.odu.edu\/reaganrichardson\/wp-content\/plugins\/embed-any-document\/images\/open.svg\" alt=\"Open\" width=\"12\" height=\"12\"\/> Open in new tab\t\t\t\t\t\t\t<\/a>\n\t\t\t\t\t<\/div>\n\t\t\t\t<\/div>\n\t\t\t<\/div>\n\t\t<\/div><\/div>\n\n\n<p>In the first debate, I argued that the coexistence of multiple religions in Spain helped to unify the country and create a strong national identity. I will admit that this position was difficult to argue since Catholicism holds a strong presence in Spain. However, while I was writing my position statement, I realized that the reign of Alfonso X during the 13th and 14th centuries of Spain actually paved the way for tolerance towards religious minorities including Jewish and Muslim people. <\/p>\n\n\n\n<h2 class=\"wp-block-heading\">Debate #2: Los marginalizados<\/h2>\n\n\n<div class=\"ead-preview\"><div class=\"ead-document\" style=\"position: relative;padding-top: 90%;\"><div class=\"ead-iframe-wrapper\"><iframe src=\"\/\/docs.google.com\/viewer?url=https%3A%2F%2Fsites.wp.odu.edu%2Freaganrichardson%2Fwp-content%2Fuploads%2Fsites%2F21550%2F2022%2F04%2FDebate-2-Las-luchas-de-la-mujer.docx&amp;embedded=true&amp;hl=en\" title=\"Embedded Document\" class=\"ead-iframe\" style=\"width: 100%;height: 100%;border: none;position: absolute;left: 0;top: 0;visibility: hidden;\"><\/iframe><\/div>\t\t\t<div class=\"ead-document-loading\" style=\"width:100%;height:100%;position:absolute;left:0;top:0;z-index:10;\">\n\t\t\t\t<div class=\"ead-loading-wrap\">\n\t\t\t\t\t<div class=\"ead-loading-main\">\n\t\t\t\t\t\t<div class=\"ead-loading\">\n\t\t\t\t\t\t\t<img loading=\"lazy\" decoding=\"async\" src=\"https:\/\/sites.wp.odu.edu\/reaganrichardson\/wp-content\/plugins\/embed-any-document\/images\/loading.svg\" width=\"55\" height=\"55\" alt=\"Loader\">\n\t\t\t\t\t\t\t<span>Loading&#8230;<\/span>\n\t\t\t\t\t\t<\/div>\n\t\t\t\t\t<\/div>\n\t\t\t\t\t<div class=\"ead-loading-foot\">\n\t\t\t\t\t\t<div class=\"ead-loading-foot-title\">\n\t\t\t\t\t\t\t<img loading=\"lazy\" decoding=\"async\" src=\"https:\/\/sites.wp.odu.edu\/reaganrichardson\/wp-content\/plugins\/embed-any-document\/images\/EAD-logo.svg\" alt=\"EAD Logo\" width=\"36\" height=\"23\"\/>\n\t\t\t\t\t\t\t<span>Taking too long?<\/span>\n\t\t\t\t\t\t<\/div>\n\t\t\t\t\t\t<p>\n\t\t\t\t\t\t\t<div class=\"ead-document-btn ead-reload-btn\" role=\"button\">\n\t\t\t\t\t\t\t\t<img loading=\"lazy\" decoding=\"async\" src=\"https:\/\/sites.wp.odu.edu\/reaganrichardson\/wp-content\/plugins\/embed-any-document\/images\/reload.svg\" alt=\"Reload\" width=\"12\" height=\"12\"\/> Reload document\t\t\t\t\t\t\t<\/div>\n\t\t\t\t\t\t\t<span>|<\/span>\n\t\t\t\t\t\t\t<a href=\"https:\/\/docs.google.com\/viewer?url=https%3A%2F%2Fsites.wp.odu.edu%2Freaganrichardson%2Fwp-content%2Fuploads%2Fsites%2F21550%2F2022%2F04%2FDebate-2-Las-luchas-de-la-mujer.docx&#038;hl=en\" class=\"ead-document-btn\" target=\"_blank\">\n\t\t\t\t\t\t\t\t<img loading=\"lazy\" decoding=\"async\" src=\"https:\/\/sites.wp.odu.edu\/reaganrichardson\/wp-content\/plugins\/embed-any-document\/images\/open.svg\" alt=\"Open\" width=\"12\" height=\"12\"\/> Open in new tab\t\t\t\t\t\t\t<\/a>\n\t\t\t\t\t<\/div>\n\t\t\t\t<\/div>\n\t\t\t<\/div>\n\t\t<\/div><\/div>\n\n<div class=\"ead-preview\"><div class=\"ead-document\" style=\"position: relative;padding-top: 90%;\"><div class=\"ead-iframe-wrapper\"><iframe src=\"\/\/docs.google.com\/viewer?url=https%3A%2F%2Fsites.wp.odu.edu%2Freaganrichardson%2Fwp-content%2Fuploads%2Fsites%2F21550%2F2022%2F04%2FSPAN-330-Reflection-Essay-2.docx&amp;embedded=true&amp;hl=en\" title=\"Embedded Document\" class=\"ead-iframe\" style=\"width: 100%;height: 100%;border: none;position: absolute;left: 0;top: 0;visibility: hidden;\"><\/iframe><\/div>\t\t\t<div class=\"ead-document-loading\" style=\"width:100%;height:100%;position:absolute;left:0;top:0;z-index:10;\">\n\t\t\t\t<div class=\"ead-loading-wrap\">\n\t\t\t\t\t<div class=\"ead-loading-main\">\n\t\t\t\t\t\t<div class=\"ead-loading\">\n\t\t\t\t\t\t\t<img loading=\"lazy\" decoding=\"async\" src=\"https:\/\/sites.wp.odu.edu\/reaganrichardson\/wp-content\/plugins\/embed-any-document\/images\/loading.svg\" width=\"55\" height=\"55\" alt=\"Loader\">\n\t\t\t\t\t\t\t<span>Loading&#8230;<\/span>\n\t\t\t\t\t\t<\/div>\n\t\t\t\t\t<\/div>\n\t\t\t\t\t<div class=\"ead-loading-foot\">\n\t\t\t\t\t\t<div class=\"ead-loading-foot-title\">\n\t\t\t\t\t\t\t<img loading=\"lazy\" decoding=\"async\" src=\"https:\/\/sites.wp.odu.edu\/reaganrichardson\/wp-content\/plugins\/embed-any-document\/images\/EAD-logo.svg\" alt=\"EAD Logo\" width=\"36\" height=\"23\"\/>\n\t\t\t\t\t\t\t<span>Taking too long?<\/span>\n\t\t\t\t\t\t<\/div>\n\t\t\t\t\t\t<p>\n\t\t\t\t\t\t\t<div class=\"ead-document-btn ead-reload-btn\" role=\"button\">\n\t\t\t\t\t\t\t\t<img loading=\"lazy\" decoding=\"async\" src=\"https:\/\/sites.wp.odu.edu\/reaganrichardson\/wp-content\/plugins\/embed-any-document\/images\/reload.svg\" alt=\"Reload\" width=\"12\" height=\"12\"\/> Reload document\t\t\t\t\t\t\t<\/div>\n\t\t\t\t\t\t\t<span>|<\/span>\n\t\t\t\t\t\t\t<a href=\"https:\/\/docs.google.com\/viewer?url=https%3A%2F%2Fsites.wp.odu.edu%2Freaganrichardson%2Fwp-content%2Fuploads%2Fsites%2F21550%2F2022%2F04%2FSPAN-330-Reflection-Essay-2.docx&#038;hl=en\" class=\"ead-document-btn\" target=\"_blank\">\n\t\t\t\t\t\t\t\t<img loading=\"lazy\" decoding=\"async\" src=\"https:\/\/sites.wp.odu.edu\/reaganrichardson\/wp-content\/plugins\/embed-any-document\/images\/open.svg\" alt=\"Open\" width=\"12\" height=\"12\"\/> Open in new tab\t\t\t\t\t\t\t<\/a>\n\t\t\t\t\t<\/div>\n\t\t\t\t<\/div>\n\t\t\t<\/div>\n\t\t<\/div><\/div>\n\n\n<p><\/p>\n\n\n\n<p>In my position statement for the second debate, I discussed how women are able to overcome the struggles associated with living in a patriarchal society. As a pre-medical student, feminism is an important cause for me because many women and marginalized groups have limited access to healthcare. Therefore, reading about women&#8217;s struggles for equal rights was incredibly helpful for me and my future career. <\/p>\n\n\n\n<hr class=\"wp-block-separator\" \/>\n\n\n\n<h2 class=\"wp-block-heading\">Artifacts 1 and 2<\/h2>\n\n\n\n<figure class=\"wp-block-gallery columns-2 is-cropped wp-block-gallery-1 is-layout-flex wp-block-gallery-is-layout-flex\"><ul class=\"blocks-gallery-grid\"><li class=\"blocks-gallery-item\"><figure><a href=\"http:\/\/sites.wp.odu.edu\/reaganrichardson\/wp-content\/uploads\/sites\/21550\/2022\/04\/Screen-Shot-2022-04-26-at-12.21.36-PM-1.png\"><img loading=\"lazy\" decoding=\"async\" width=\"822\" height=\"588\" src=\"http:\/\/sites.wp.odu.edu\/reaganrichardson\/wp-content\/uploads\/sites\/21550\/2022\/04\/Screen-Shot-2022-04-26-at-12.21.36-PM-1.png\" alt=\"\" data-id=\"349\" data-full-url=\"http:\/\/sites.wp.odu.edu\/reaganrichardson\/wp-content\/uploads\/sites\/21550\/2022\/04\/Screen-Shot-2022-04-26-at-12.21.36-PM-1.png\" data-link=\"https:\/\/sites.wp.odu.edu\/reaganrichardson\/span-330-hispanic-literature\/screen-shot-2022-04-26-at-12-21-36-pm-1\/\" class=\"wp-image-349\" srcset=\"https:\/\/sites.wp.odu.edu\/reaganrichardson\/wp-content\/uploads\/sites\/21550\/2022\/04\/Screen-Shot-2022-04-26-at-12.21.36-PM-1.png 822w, https:\/\/sites.wp.odu.edu\/reaganrichardson\/wp-content\/uploads\/sites\/21550\/2022\/04\/Screen-Shot-2022-04-26-at-12.21.36-PM-1-300x215.png 300w, https:\/\/sites.wp.odu.edu\/reaganrichardson\/wp-content\/uploads\/sites\/21550\/2022\/04\/Screen-Shot-2022-04-26-at-12.21.36-PM-1-768x549.png 768w, https:\/\/sites.wp.odu.edu\/reaganrichardson\/wp-content\/uploads\/sites\/21550\/2022\/04\/Screen-Shot-2022-04-26-at-12.21.36-PM-1-600x429.png 600w\" sizes=\"(max-width: 822px) 100vw, 822px\" \/><\/a><\/figure><\/li><li class=\"blocks-gallery-item\"><figure><a href=\"http:\/\/sites.wp.odu.edu\/reaganrichardson\/wp-content\/uploads\/sites\/21550\/2022\/04\/IMG_5928-1-scaled.jpg\"><img loading=\"lazy\" decoding=\"async\" width=\"1024\" height=\"842\" src=\"http:\/\/sites.wp.odu.edu\/reaganrichardson\/wp-content\/uploads\/sites\/21550\/2022\/04\/IMG_5928-1-1024x842.jpg\" alt=\"\" data-id=\"351\" data-full-url=\"http:\/\/sites.wp.odu.edu\/reaganrichardson\/wp-content\/uploads\/sites\/21550\/2022\/04\/IMG_5928-1-scaled.jpg\" data-link=\"https:\/\/sites.wp.odu.edu\/reaganrichardson\/span-330-hispanic-literature\/img_5928-2\/\" class=\"wp-image-351\" srcset=\"https:\/\/sites.wp.odu.edu\/reaganrichardson\/wp-content\/uploads\/sites\/21550\/2022\/04\/IMG_5928-1-1024x842.jpg 1024w, https:\/\/sites.wp.odu.edu\/reaganrichardson\/wp-content\/uploads\/sites\/21550\/2022\/04\/IMG_5928-1-300x247.jpg 300w, https:\/\/sites.wp.odu.edu\/reaganrichardson\/wp-content\/uploads\/sites\/21550\/2022\/04\/IMG_5928-1-768x632.jpg 768w, https:\/\/sites.wp.odu.edu\/reaganrichardson\/wp-content\/uploads\/sites\/21550\/2022\/04\/IMG_5928-1-1536x1263.jpg 1536w, https:\/\/sites.wp.odu.edu\/reaganrichardson\/wp-content\/uploads\/sites\/21550\/2022\/04\/IMG_5928-1-2048x1684.jpg 2048w, https:\/\/sites.wp.odu.edu\/reaganrichardson\/wp-content\/uploads\/sites\/21550\/2022\/04\/IMG_5928-1-600x493.jpg 600w, https:\/\/sites.wp.odu.edu\/reaganrichardson\/wp-content\/uploads\/sites\/21550\/2022\/04\/IMG_5928-1-945x777.jpg 945w\" sizes=\"(max-width: 1024px) 100vw, 1024px\" \/><\/a><\/figure><\/li><\/ul><\/figure>\n\n\n\n<p>I have a passion for visual art, and I love to incorporate it into my assignments. <\/p>\n\n\n\n<p>In the first artifact, I incorporated the writings of Bernal D\u00edaz del Castillo, a Spanish explorer during the early 16th century, into a political cartoon. In his account of the treatment of indigenous populations, D\u00edaz del Castillo justified the inquisition on religious grounds, stating that it is their duty to spread Christianity to the New World. However, the indigenous populations endured harsh punishments and unfair treatments, which were not accounted for in D\u00edaz del Castillo&#8217;s manuscripts. <\/p>\n\n\n\n<p>In the second artifact, I chose to depict Jos\u00e9 Hern\u00e1ndez&#8217;s Mart\u00edn Fierro, who was a gaucho in Argentina during the late 19th century. In this epic poem, Mart\u00edn Fierro, an outcast from society, was drafted to serve the Argentine army to fight against native populations. However, Fierro ends up fleeing in a series of events that lead him to become an outcast once again.<\/p>\n\n\n\n<p>Reflecting on both of these artifacts, I find it interesting how different D\u00edaz del Castillo and Mart\u00edn Fierro&#8217;s attitudes were towards indigenous people. While D\u00edaz del Castillo openly justified controlling native populations in Latin America, Fierro does not take race or ethnic background into account. <\/p>\n\n\n\n<p>Completing these artifacts helped me understand the main ideas behind these two stories while implementing some creative elements. <\/p>\n","protected":false},"excerpt":{"rendered":"<p>En la primavera de 2022, tome el Espa\u00f1ol 330 &#8211; la literatura espa\u00f1ola con Dra. Angelica Huizar. En esta clase, analizamos las obras literarias empezando de las edades medias hasta el siglo veinte. Al leer g\u00e9neros como poes\u00eda, obras de&#8230; <a class=\"more-link\" href=\"https:\/\/sites.wp.odu.edu\/reaganrichardson\/span-330-hispanic-literature\/\">Continue Reading &rarr;<\/a><\/p>\n","protected":false},"author":16881,"featured_media":0,"parent":0,"menu_order":0,"comment_status":"closed","ping_status":"closed","template":"","meta":{"footnotes":""},"_links":{"self":[{"href":"https:\/\/sites.wp.odu.edu\/reaganrichardson\/wp-json\/wp\/v2\/pages\/159"}],"collection":[{"href":"https:\/\/sites.wp.odu.edu\/reaganrichardson\/wp-json\/wp\/v2\/pages"}],"about":[{"href":"https:\/\/sites.wp.odu.edu\/reaganrichardson\/wp-json\/wp\/v2\/types\/page"}],"author":[{"embeddable":true,"href":"https:\/\/sites.wp.odu.edu\/reaganrichardson\/wp-json\/wp\/v2\/users\/16881"}],"replies":[{"embeddable":true,"href":"https:\/\/sites.wp.odu.edu\/reaganrichardson\/wp-json\/wp\/v2\/comments?post=159"}],"version-history":[{"count":4,"href":"https:\/\/sites.wp.odu.edu\/reaganrichardson\/wp-json\/wp\/v2\/pages\/159\/revisions"}],"predecessor-version":[{"id":384,"href":"https:\/\/sites.wp.odu.edu\/reaganrichardson\/wp-json\/wp\/v2\/pages\/159\/revisions\/384"}],"wp:attachment":[{"href":"https:\/\/sites.wp.odu.edu\/reaganrichardson\/wp-json\/wp\/v2\/media?parent=159"}],"curies":[{"name":"wp","href":"https:\/\/api.w.org\/{rel}","templated":true}]}}