{"id":173,"date":"2020-02-25T20:42:22","date_gmt":"2020-02-25T20:42:22","guid":{"rendered":"https:\/\/wp.odu.edu\/odupresentationtemplate\/?page_id=2"},"modified":"2020-04-06T20:44:35","modified_gmt":"2020-04-06T20:44:35","slug":"sample-page-2","status":"publish","type":"page","link":"https:\/\/sites.wp.odu.edu\/rrich006spanish266\/","title":{"rendered":"About Me"},"content":{"rendered":"\n<figure class=\"wp-block-image\"><img loading=\"lazy\" decoding=\"async\" width=\"1024\" height=\"684\" src=\"http:\/\/sites.wp.odu.edu\/rrich006spanish266\/wp-content\/uploads\/sites\/18837\/2020\/04\/Reagan-Richardson-2-1024x684.jpg\" alt=\"\" class=\"wp-image-213\" srcset=\"https:\/\/sites.wp.odu.edu\/rrich006spanish266\/wp-content\/uploads\/sites\/18837\/2020\/04\/Reagan-Richardson-2-1024x684.jpg 1024w, https:\/\/sites.wp.odu.edu\/rrich006spanish266\/wp-content\/uploads\/sites\/18837\/2020\/04\/Reagan-Richardson-2-300x201.jpg 300w, https:\/\/sites.wp.odu.edu\/rrich006spanish266\/wp-content\/uploads\/sites\/18837\/2020\/04\/Reagan-Richardson-2-768x513.jpg 768w, https:\/\/sites.wp.odu.edu\/rrich006spanish266\/wp-content\/uploads\/sites\/18837\/2020\/04\/Reagan-Richardson-2-960x640.jpg 960w, https:\/\/sites.wp.odu.edu\/rrich006spanish266\/wp-content\/uploads\/sites\/18837\/2020\/04\/Reagan-Richardson-2-449x300.jpg 449w\" sizes=\"(max-width: 1024px) 100vw, 1024px\" \/><\/figure>\n\n\n\n<p>Welcome to my ePortfolio page! My name is Reagan Richardson, and I am pursuing an undergraduate degree at Old Dominion University in Biological Sciences with a minor in Spanish. I decided to study Spanish because I plan to pursue a career in the medical field. In order to understand the healthcare challenges that the Latinx population faces here, I decided to take SPAN 266 &#8211; Spanish for Healthcare Professions. This course has been valuable for me because I expanded my medical Spanish vocabulary, and I was able to volunteer for the local Spanish-speaking community. With the information that I have gained from this course, I hope to provide quality healthcare services to the local Spanish-speaking population in the future. Thank you for visiting my page!<\/p>\n\n\n\n<p>\u00a1Bienvenido a mi p\u00e1gina web de eportfolio! Me llamo Reagan Richardson, y estoy cursando una licenciatura en la Universidad Old Dominion en Biolog\u00eda con una licenciatura menor en espa\u00f1ol. Decid\u00ed estudiar el espa\u00f1ol porque planeo perseguir una carrera en medicina. Para comprender los desaf\u00edos de salud que enfrenta la poblaci\u00f3n latinx aqu\u00ed, decid\u00ed tomar el SPAN 266 &#8211; Espa\u00f1ol para las profesiones m\u00e9dicas. Este curso ha sido invaluable para m\u00ed porque crec\u00ed mi vocabulario m\u00e9dico en espa\u00f1ol y pude ser voluntaria para la comunidad de hispanohablantes aqu\u00ed. Con la informaci\u00f3n que he ganado de este curso, espero proporcionar servicios m\u00e9dicos de calidad a la poblaci\u00f3n de hispanohablantes aqu\u00ed en el futuro. \u00a1Gracias por visitar mi pagina web!<br><\/p>\n\n\n\n<hr class=\"wp-block-separator\" \/>\n\n\n\n<p><\/p>\n","protected":false},"excerpt":{"rendered":"<p>Welcome to my ePortfolio page! My name is Reagan Richardson, and I am pursuing an undergraduate degree at Old Dominion University in Biological Sciences with a minor in Spanish. I decided to study Spanish because I plan to pursue a career in the medical field. In order to understand the healthcare challenges that the Latinx&#8230; <\/p>\n<div class=\"link-more\"><a href=\"https:\/\/sites.wp.odu.edu\/rrich006spanish266\/\">Read More<\/a><\/div>\n","protected":false},"author":16881,"featured_media":0,"parent":0,"menu_order":0,"comment_status":"closed","ping_status":"open","template":"","meta":{"footnotes":""},"_links":{"self":[{"href":"https:\/\/sites.wp.odu.edu\/rrich006spanish266\/wp-json\/wp\/v2\/pages\/173"}],"collection":[{"href":"https:\/\/sites.wp.odu.edu\/rrich006spanish266\/wp-json\/wp\/v2\/pages"}],"about":[{"href":"https:\/\/sites.wp.odu.edu\/rrich006spanish266\/wp-json\/wp\/v2\/types\/page"}],"author":[{"embeddable":true,"href":"https:\/\/sites.wp.odu.edu\/rrich006spanish266\/wp-json\/wp\/v2\/users\/16881"}],"replies":[{"embeddable":true,"href":"https:\/\/sites.wp.odu.edu\/rrich006spanish266\/wp-json\/wp\/v2\/comments?post=173"}],"version-history":[{"count":5,"href":"https:\/\/sites.wp.odu.edu\/rrich006spanish266\/wp-json\/wp\/v2\/pages\/173\/revisions"}],"predecessor-version":[{"id":246,"href":"https:\/\/sites.wp.odu.edu\/rrich006spanish266\/wp-json\/wp\/v2\/pages\/173\/revisions\/246"}],"wp:attachment":[{"href":"https:\/\/sites.wp.odu.edu\/rrich006spanish266\/wp-json\/wp\/v2\/media?parent=173"}],"curies":[{"name":"wp","href":"https:\/\/api.w.org\/{rel}","templated":true}]}}