{"id":474,"date":"2020-05-04T02:55:48","date_gmt":"2020-05-04T02:55:48","guid":{"rendered":"https:\/\/wp.odu.edu\/spring2017-fr102-template\/?page_id=474"},"modified":"2020-05-04T03:06:28","modified_gmt":"2020-05-04T03:06:28","slug":"bio","status":"publish","type":"page","link":"https:\/\/sites.wp.odu.edu\/rwodufrench\/bio\/","title":{"rendered":"Bio"},"content":{"rendered":"\n<p>J&#8217;ai 23 ans. J&#8217;\u00e9tudie \u00e0 ODU. Je me sp\u00e9cialise en l&#8217;histoire. Je travaille \u00e0 Southampton Memorial Hospital \u00e0 Franklin, Virginie.<\/p>\n","protected":false},"excerpt":{"rendered":"<p>J&#8217;ai 23 ans. J&#8217;\u00e9tudie \u00e0 ODU. Je me sp\u00e9cialise en l&#8217;histoire. Je travaille \u00e0 Southampton Memorial Hospital \u00e0 Franklin, Virginie.<\/p>\n","protected":false},"author":16640,"featured_media":0,"parent":0,"menu_order":0,"comment_status":"closed","ping_status":"closed","template":"","meta":{"footnotes":""},"_links":{"self":[{"href":"https:\/\/sites.wp.odu.edu\/rwodufrench\/wp-json\/wp\/v2\/pages\/474"}],"collection":[{"href":"https:\/\/sites.wp.odu.edu\/rwodufrench\/wp-json\/wp\/v2\/pages"}],"about":[{"href":"https:\/\/sites.wp.odu.edu\/rwodufrench\/wp-json\/wp\/v2\/types\/page"}],"author":[{"embeddable":true,"href":"https:\/\/sites.wp.odu.edu\/rwodufrench\/wp-json\/wp\/v2\/users\/16640"}],"replies":[{"embeddable":true,"href":"https:\/\/sites.wp.odu.edu\/rwodufrench\/wp-json\/wp\/v2\/comments?post=474"}],"version-history":[{"count":2,"href":"https:\/\/sites.wp.odu.edu\/rwodufrench\/wp-json\/wp\/v2\/pages\/474\/revisions"}],"predecessor-version":[{"id":566,"href":"https:\/\/sites.wp.odu.edu\/rwodufrench\/wp-json\/wp\/v2\/pages\/474\/revisions\/566"}],"wp:attachment":[{"href":"https:\/\/sites.wp.odu.edu\/rwodufrench\/wp-json\/wp\/v2\/media?parent=474"}],"curies":[{"name":"wp","href":"https:\/\/api.w.org\/{rel}","templated":true}]}}