{"id":478,"date":"2020-05-04T02:55:48","date_gmt":"2020-05-04T02:55:48","guid":{"rendered":"https:\/\/wp.odu.edu\/spring2017-fr102-template\/?page_id=478"},"modified":"2020-05-04T04:23:33","modified_gmt":"2020-05-04T04:23:33","slug":"resume","status":"publish","type":"page","link":"https:\/\/sites.wp.odu.edu\/rwodufrench\/resume\/","title":{"rendered":"R\u00e9sum\u00e9"},"content":{"rendered":"<p>This is where you add content for your French r\u00e9sum\u00e9.<\/p>\n\n<a href=\"https:\/\/sites.wp.odu.edu\/rwodufrench\/wp-content\/uploads\/sites\/19566\/2020\/05\/8.-CV-1.pdf\" class=\"pdfemb-viewer\" style=\"\" data-width=\"max\" data-height=\"max\"  data-toolbar=\"bottom\" data-toolbar-fixed=\"off\">8.-CV-1<br\/><\/a>\n<p class=\"wp-block-pdfemb-pdf-embedder-viewer\"><\/p>\n","protected":false},"excerpt":{"rendered":"<p>This is where you add content for your French r\u00e9sum\u00e9.<\/p>\n","protected":false},"author":16640,"featured_media":0,"parent":0,"menu_order":0,"comment_status":"closed","ping_status":"closed","template":"","meta":{"footnotes":""},"_links":{"self":[{"href":"https:\/\/sites.wp.odu.edu\/rwodufrench\/wp-json\/wp\/v2\/pages\/478"}],"collection":[{"href":"https:\/\/sites.wp.odu.edu\/rwodufrench\/wp-json\/wp\/v2\/pages"}],"about":[{"href":"https:\/\/sites.wp.odu.edu\/rwodufrench\/wp-json\/wp\/v2\/types\/page"}],"author":[{"embeddable":true,"href":"https:\/\/sites.wp.odu.edu\/rwodufrench\/wp-json\/wp\/v2\/users\/16640"}],"replies":[{"embeddable":true,"href":"https:\/\/sites.wp.odu.edu\/rwodufrench\/wp-json\/wp\/v2\/comments?post=478"}],"version-history":[{"count":2,"href":"https:\/\/sites.wp.odu.edu\/rwodufrench\/wp-json\/wp\/v2\/pages\/478\/revisions"}],"predecessor-version":[{"id":606,"href":"https:\/\/sites.wp.odu.edu\/rwodufrench\/wp-json\/wp\/v2\/pages\/478\/revisions\/606"}],"wp:attachment":[{"href":"https:\/\/sites.wp.odu.edu\/rwodufrench\/wp-json\/wp\/v2\/media?parent=478"}],"curies":[{"name":"wp","href":"https:\/\/api.w.org\/{rel}","templated":true}]}}