{"id":474,"date":"2026-02-02T17:35:46","date_gmt":"2026-02-02T17:35:46","guid":{"rendered":"https:\/\/wp.odu.edu\/spring2017-fr102-template\/?page_id=474"},"modified":"2026-05-01T18:18:38","modified_gmt":"2026-05-01T18:18:38","slug":"bio","status":"publish","type":"page","link":"https:\/\/sites.wp.odu.edu\/samyas999\/bio\/","title":{"rendered":"Bio"},"content":{"rendered":"<p data-start=\"88\" data-end=\"169\">Je m\u2019appelle Samya. J\u2019ai 20 ans. Je suis afro-am\u00e9ricaine.<\/p>\n<p data-start=\"171\" data-end=\"286\">Je suis \u00e9tudiante \u00e0 l\u2019universit\u00e9 et j\u2019\u00e9tudie la justice criminelle. Je veux \u00eatre d\u00e9tective ou juge dans le futur.<\/p>\n<p data-start=\"288\" data-end=\"340\">Je travaille dans un bar \u00e0 jus et chez McDonald\u2019s.<\/p>\n<p data-start=\"342\" data-end=\"437\">Je suis petite Cinq pieds trois avec des locs. Je suis une personne gentille, travailleuse et sociable.<\/p>\n<p data-start=\"439\" data-end=\"527\">Je suis tr\u00e8s proche de ma m\u00e8re et de ma petite s\u0153ur. J\u2019habite avec mes grands-parents.<\/p>\n<p data-start=\"529\" data-end=\"649\">J\u2019aime \u00e9couter de la musique, sortir avec mes amis et voyager. Je pr\u00e9f\u00e8re passer du temps avec ma famille et mes amis.<\/p>\n","protected":false},"excerpt":{"rendered":"<p>Je m\u2019appelle Samya. J\u2019ai 20 ans. Je suis afro-am\u00e9ricaine. Je suis \u00e9tudiante \u00e0 l\u2019universit\u00e9 et j\u2019\u00e9tudie la justice criminelle. Je veux \u00eatre d\u00e9tective ou juge dans le futur. Je travaille dans un bar \u00e0 jus et chez McDonald\u2019s. Je suis&#8230; <a class=\"more-link\" href=\"https:\/\/sites.wp.odu.edu\/samyas999\/bio\/\">Continue Reading &rarr;<\/a><\/p>\n","protected":false},"author":32033,"featured_media":0,"parent":0,"menu_order":0,"comment_status":"closed","ping_status":"closed","template":"","meta":{"footnotes":""},"_links":{"self":[{"href":"https:\/\/sites.wp.odu.edu\/samyas999\/wp-json\/wp\/v2\/pages\/474"}],"collection":[{"href":"https:\/\/sites.wp.odu.edu\/samyas999\/wp-json\/wp\/v2\/pages"}],"about":[{"href":"https:\/\/sites.wp.odu.edu\/samyas999\/wp-json\/wp\/v2\/types\/page"}],"author":[{"embeddable":true,"href":"https:\/\/sites.wp.odu.edu\/samyas999\/wp-json\/wp\/v2\/users\/32033"}],"replies":[{"embeddable":true,"href":"https:\/\/sites.wp.odu.edu\/samyas999\/wp-json\/wp\/v2\/comments?post=474"}],"version-history":[{"count":3,"href":"https:\/\/sites.wp.odu.edu\/samyas999\/wp-json\/wp\/v2\/pages\/474\/revisions"}],"predecessor-version":[{"id":617,"href":"https:\/\/sites.wp.odu.edu\/samyas999\/wp-json\/wp\/v2\/pages\/474\/revisions\/617"}],"wp:attachment":[{"href":"https:\/\/sites.wp.odu.edu\/samyas999\/wp-json\/wp\/v2\/media?parent=474"}],"curies":[{"name":"wp","href":"https:\/\/api.w.org\/{rel}","templated":true}]}}