{"id":474,"date":"2024-01-22T17:09:41","date_gmt":"2024-01-22T17:09:41","guid":{"rendered":"https:\/\/wp.odu.edu\/spring2017-fr102-template\/?page_id=474"},"modified":"2024-04-19T21:06:25","modified_gmt":"2024-04-19T21:06:25","slug":"bio","status":"publish","type":"page","link":"https:\/\/sites.wp.odu.edu\/sbuckhalter\/bio\/","title":{"rendered":"Bio"},"content":{"rendered":"\n<pre id=\"tw-target-text\" class=\"wp-block-preformatted has-large-font-size\"><span class=\"Y2IQFc\" lang=\"fr\">Je suis originaire de Californie, mais j'ai v\u00e9cu en Virginie depuis 24 ans. J'ai \u00e9t\u00e9 dans la marine am\u00e9ricaine pendant 21 ans et j'ai pris ma retraite en 2019. J'\u00e9tudie les beaux-arts \u00e0 l'universit\u00e9. Je suis mari\u00e9 et j'ai trois fils, deux chats et un chien. J'aime la cuisine, la lecture, la musique, la c\u00e9ramique, le th\u00e9\u00e2tre, et le football. J'aime aussi beaucoup voyager.<\/span>\n\n<\/pre>\n","protected":false},"excerpt":{"rendered":"<p class=\"excerpt\">Je suis originaire de Californie, mais j&#8217;ai v\u00e9cu en Virginie depuis 24 ans. J&#8217;ai \u00e9t\u00e9 dans la marine am\u00e9ricaine pendant 21 ans et j&#8217;ai pris ma retraite en 2019. J&#8217;\u00e9tudie les beaux-arts \u00e0 l&#8217;universit\u00e9. Je suis mari\u00e9 et j&#8217;ai trois fils, deux chats et un chien. J&#8217;aime la cuisine, la lecture, la musique, la c\u00e9ramique, le th\u00e9\u00e2tre, et le football.&hellip; <a href=\"https:\/\/sites.wp.odu.edu\/sbuckhalter\/bio\/\">Read more &rarr;<\/a><\/p>\n","protected":false},"author":27072,"featured_media":0,"parent":0,"menu_order":0,"comment_status":"closed","ping_status":"closed","template":"","meta":{"footnotes":""},"_links":{"self":[{"href":"https:\/\/sites.wp.odu.edu\/sbuckhalter\/wp-json\/wp\/v2\/pages\/474"}],"collection":[{"href":"https:\/\/sites.wp.odu.edu\/sbuckhalter\/wp-json\/wp\/v2\/pages"}],"about":[{"href":"https:\/\/sites.wp.odu.edu\/sbuckhalter\/wp-json\/wp\/v2\/types\/page"}],"author":[{"embeddable":true,"href":"https:\/\/sites.wp.odu.edu\/sbuckhalter\/wp-json\/wp\/v2\/users\/27072"}],"replies":[{"embeddable":true,"href":"https:\/\/sites.wp.odu.edu\/sbuckhalter\/wp-json\/wp\/v2\/comments?post=474"}],"version-history":[{"count":5,"href":"https:\/\/sites.wp.odu.edu\/sbuckhalter\/wp-json\/wp\/v2\/pages\/474\/revisions"}],"predecessor-version":[{"id":688,"href":"https:\/\/sites.wp.odu.edu\/sbuckhalter\/wp-json\/wp\/v2\/pages\/474\/revisions\/688"}],"wp:attachment":[{"href":"https:\/\/sites.wp.odu.edu\/sbuckhalter\/wp-json\/wp\/v2\/media?parent=474"}],"curies":[{"name":"wp","href":"https:\/\/api.w.org\/{rel}","templated":true}]}}