{"id":101,"date":"2022-09-28T20:38:53","date_gmt":"2022-09-28T20:38:53","guid":{"rendered":"https:\/\/sites.wp.odu.edu\/fre366draft\/?page_id=101"},"modified":"2022-12-12T03:13:27","modified_gmt":"2022-12-12T03:13:27","slug":"creer-une-entreprise","status":"publish","type":"page","link":"https:\/\/sites.wp.odu.edu\/sedgwickfr366\/creer-une-entreprise\/","title":{"rendered":"Cr\u00e9er une entreprise"},"content":{"rendered":"<div class=\"wp-block-image\">\n<figure class=\"aligncenter size-full is-resized\"><a href=\"https:\/\/sites.wp.odu.edu\/sedgwickfr366\/wp-content\/uploads\/sites\/30696\/2022\/12\/Screenshot-2022-12-02-at-12.19.28-AM.png\"><img loading=\"lazy\" decoding=\"async\" src=\"https:\/\/sites.wp.odu.edu\/sedgwickfr366\/wp-content\/uploads\/sites\/30696\/2022\/12\/Screenshot-2022-12-02-at-12.19.28-AM.png\" alt=\"\" class=\"wp-image-264\" width=\"294\" height=\"293\" srcset=\"https:\/\/sites.wp.odu.edu\/sedgwickfr366\/wp-content\/uploads\/sites\/30696\/2022\/12\/Screenshot-2022-12-02-at-12.19.28-AM.png 880w, https:\/\/sites.wp.odu.edu\/sedgwickfr366\/wp-content\/uploads\/sites\/30696\/2022\/12\/Screenshot-2022-12-02-at-12.19.28-AM-300x300.png 300w, https:\/\/sites.wp.odu.edu\/sedgwickfr366\/wp-content\/uploads\/sites\/30696\/2022\/12\/Screenshot-2022-12-02-at-12.19.28-AM-150x150.png 150w, https:\/\/sites.wp.odu.edu\/sedgwickfr366\/wp-content\/uploads\/sites\/30696\/2022\/12\/Screenshot-2022-12-02-at-12.19.28-AM-768x766.png 768w, https:\/\/sites.wp.odu.edu\/sedgwickfr366\/wp-content\/uploads\/sites\/30696\/2022\/12\/Screenshot-2022-12-02-at-12.19.28-AM-301x300.png 301w\" sizes=\"(max-width: 294px) 100vw, 294px\" \/><\/a><figcaption>&#8220;D\u00e9connecter Pour Reconnecter&#8221;<\/figcaption><\/figure><\/div>\n\n\n<p class=\"has-text-align-center\"><strong>C&#8217;est Quoi Beaumont?<\/strong><\/p>\n\n\n\n<p class=\"has-text-align-center\">Beaumont sera un \u00e9tablissement de retraite pour la sant\u00e9 mentale qui int\u00e9grera des techniques psychiatriques holistiques et modernes adapt\u00e9es \u00e0 chaque r\u00e9sident (patient). En g\u00e9n\u00e9rale, l&#8217;objectif pour cet \u00e9tablissement de retraite est de ne pas ressembler \u00e0 un h\u00f4pital pas le moindre d&#8217;\u00e9viter le stress suppl\u00e9mentaire aux r\u00e9sidents en raison d&#8217;exp\u00e9riences ant\u00e9rieures et de lutter contre la stigmatisation qui accompagne ces \u00e9tablissements de sant\u00e9 mentale. Nous sp\u00e9cialisons dans une base de besoins qui accepte tous les programmes Medicaid de garantir que ceux qui ont le plus besoin d&#8217;aide la recevront sans que le stress des finances ait un impact sur leur voyage de gu\u00e9rison.<\/p>\n\n\n<div class=\"wp-block-image\">\n<figure class=\"alignleft size-large is-resized\"><a href=\"https:\/\/sites.wp.odu.edu\/sedgwickfr366\/wp-content\/uploads\/sites\/30696\/2022\/12\/1IMG_2823-Edit.jpg\"><img loading=\"lazy\" decoding=\"async\" src=\"https:\/\/sites.wp.odu.edu\/sedgwickfr366\/wp-content\/uploads\/sites\/30696\/2022\/12\/1IMG_2823-Edit-1024x683.jpg\" alt=\"\" class=\"wp-image-294\" width=\"358\" height=\"239\" srcset=\"https:\/\/sites.wp.odu.edu\/sedgwickfr366\/wp-content\/uploads\/sites\/30696\/2022\/12\/1IMG_2823-Edit-1024x683.jpg 1024w, https:\/\/sites.wp.odu.edu\/sedgwickfr366\/wp-content\/uploads\/sites\/30696\/2022\/12\/1IMG_2823-Edit-300x200.jpg 300w, https:\/\/sites.wp.odu.edu\/sedgwickfr366\/wp-content\/uploads\/sites\/30696\/2022\/12\/1IMG_2823-Edit-768x512.jpg 768w, https:\/\/sites.wp.odu.edu\/sedgwickfr366\/wp-content\/uploads\/sites\/30696\/2022\/12\/1IMG_2823-Edit-1536x1024.jpg 1536w, https:\/\/sites.wp.odu.edu\/sedgwickfr366\/wp-content\/uploads\/sites\/30696\/2022\/12\/1IMG_2823-Edit-2048x1365.jpg 2048w, https:\/\/sites.wp.odu.edu\/sedgwickfr366\/wp-content\/uploads\/sites\/30696\/2022\/12\/1IMG_2823-Edit-960x640.jpg 960w, https:\/\/sites.wp.odu.edu\/sedgwickfr366\/wp-content\/uploads\/sites\/30696\/2022\/12\/1IMG_2823-Edit-450x300.jpg 450w\" sizes=\"(max-width: 358px) 100vw, 358px\" \/><\/a><\/figure><\/div>\n\n\n<p class=\"has-text-align-center\"><strong>Location Id\u00e9ale<\/strong><\/p>\n\n\n\n<p class=\"has-text-align-center\">Beaumont traduit par &#8220;belle montagne&#8221; en anglais. Comme il repr\u00e9sente symboliquement les obstacles que nous devons affronter dans la vie, Beaumont serait id\u00e9alement situ\u00e9 dans les Appalaches, dans le sud-ouest de la Virginie, pour b\u00e9n\u00e9ficier d&#8217;un climat quatre saisons \u00e0 faciliter les activit\u00e9s d&#8217;hors et permettre le r\u00e9sident b\u00e9n\u00e9ficier des b\u00e9n\u00e9fices d&#8217;air propre montagnes.<\/p>\n\n\n\n<p class=\"has-text-align-center\">Dans l&#8217;article int\u00e9ressant ci-dessous, <em>Stanford researchers find mental health prescription: Nature<\/em>, vous donnera les benefices d&#8217;air de la montagne et comme il soutient notre choix de l&#8217;emplacement d&#8217;entreprise.<\/p>\n\n\n\n<figure class=\"wp-block-embed aligncenter is-type-video is-provider-youtube wp-block-embed-youtube wp-embed-aspect-16-9 wp-has-aspect-ratio\"><div class=\"wp-block-embed__wrapper\">\n<iframe loading=\"lazy\" title=\"Stanford researchers find mental health prescription: Nature\" width=\"1000\" height=\"563\" src=\"https:\/\/www.youtube.com\/embed\/wTzl_AHCmho?start=2&#038;feature=oembed\" frameborder=\"0\" allow=\"accelerometer; autoplay; clipboard-write; encrypted-media; gyroscope; picture-in-picture\" allowfullscreen><\/iframe>\n<\/div><figcaption>https:\/\/news.stanford.edu\/2015\/06\/30\/hiking-mental-health-063015\/<\/figcaption><\/figure>\n\n\n\n<p class=\"has-text-align-center\"><strong>Comment Nous Comparons<\/strong> <strong>Aux Autres ?<\/strong><\/p>\n\n\n\n<p class=\"has-text-align-center\">Il existe des retraites qui sont commercialis\u00e9es comme des retraites de luxe pour la sant\u00e9 mentale et qui sont principalement situ\u00e9es dans le centre et l&#8217;ouest des \u00c9tats-Unis. Nous souhaitons apporter la m\u00eame atmosph\u00e8re de luxe sur la c\u00f4te est pour les personnes qui en ont besoin.<\/p>\n\n\n\n<p class=\"has-text-align-center\"><strong>Qu&#8217;est-ce que Notre Campagne de Publicit\u00e9 ?<\/strong><\/p>\n\n\n\n<p class=\"has-text-align-center\">Notre m\u00e9thode de campagne serait \u00e0 collaborer avec des professionnels locaux (psychologues, travailleurs sociaux, etc.) et placer strat\u00e9giquement des informations sur les lieux de travail o\u00f9 le stress est statistiquement plus \u00e9lev\u00e9, comme les postes dans le secteur m\u00e9dical, les travailleurs du construction, les services sociaux, etc. Id\u00e9alement, nous aimerions avoir un repr\u00e9sentant au moins quelques fois par semaine pour r\u00e9pondre directement aux questions et fournir des solutions au personnel et aux patients\/public.<\/p>\n","protected":false},"excerpt":{"rendered":"<p>C&#8217;est Quoi Beaumont? Beaumont sera un \u00e9tablissement de retraite pour la sant\u00e9 mentale qui int\u00e9grera des techniques psychiatriques holistiques et modernes adapt\u00e9es \u00e0 chaque r\u00e9sident (patient). En g\u00e9n\u00e9rale, l&#8217;objectif pour cet \u00e9tablissement de retraite est de ne pas ressembler \u00e0 un h\u00f4pital pas le moindre d&#8217;\u00e9viter le stress suppl\u00e9mentaire aux r\u00e9sidents en raison d&#8217;exp\u00e9riences ant\u00e9rieures&#8230; <\/p>\n<div class=\"link-more\"><a href=\"https:\/\/sites.wp.odu.edu\/sedgwickfr366\/creer-une-entreprise\/\">Read More<\/a><\/div>\n","protected":false},"author":23821,"featured_media":0,"parent":0,"menu_order":0,"comment_status":"closed","ping_status":"closed","template":"","meta":{"footnotes":""},"_links":{"self":[{"href":"https:\/\/sites.wp.odu.edu\/sedgwickfr366\/wp-json\/wp\/v2\/pages\/101"}],"collection":[{"href":"https:\/\/sites.wp.odu.edu\/sedgwickfr366\/wp-json\/wp\/v2\/pages"}],"about":[{"href":"https:\/\/sites.wp.odu.edu\/sedgwickfr366\/wp-json\/wp\/v2\/types\/page"}],"author":[{"embeddable":true,"href":"https:\/\/sites.wp.odu.edu\/sedgwickfr366\/wp-json\/wp\/v2\/users\/23821"}],"replies":[{"embeddable":true,"href":"https:\/\/sites.wp.odu.edu\/sedgwickfr366\/wp-json\/wp\/v2\/comments?post=101"}],"version-history":[{"count":4,"href":"https:\/\/sites.wp.odu.edu\/sedgwickfr366\/wp-json\/wp\/v2\/pages\/101\/revisions"}],"predecessor-version":[{"id":298,"href":"https:\/\/sites.wp.odu.edu\/sedgwickfr366\/wp-json\/wp\/v2\/pages\/101\/revisions\/298"}],"wp:attachment":[{"href":"https:\/\/sites.wp.odu.edu\/sedgwickfr366\/wp-json\/wp\/v2\/media?parent=101"}],"curies":[{"name":"wp","href":"https:\/\/api.w.org\/{rel}","templated":true}]}}