{"id":130,"date":"2022-09-28T20:38:53","date_gmt":"2022-09-28T20:38:53","guid":{"rendered":"https:\/\/sites.wp.odu.edu\/fre366draft\/?page_id=130"},"modified":"2022-12-11T16:43:33","modified_gmt":"2022-12-11T16:43:33","slug":"la-terminologie-le-vocabulaire-economique-et-commercial","status":"publish","type":"page","link":"https:\/\/sites.wp.odu.edu\/sedgwickfr366\/la-terminologie-le-vocabulaire-economique-et-commercial\/","title":{"rendered":"La terminologie &#8211; Le vocabulaire \u00e9conomique et commercial"},"content":{"rendered":"\n<p><\/p>\n\n\n\n<div class=\"wp-block-columns alignwide is-layout-flex wp-container-core-columns-layout-1 wp-block-columns-is-layout-flex\">\n<div class=\"wp-block-column has-text-color has-background has-link-color wp-elements-2c965804f2b54627b9331031661143a6 is-layout-flow wp-block-column-is-layout-flow\" style=\"background-color:#d1d1e1;color:#000000;padding-top:2em;padding-right:2em;padding-bottom:2em;padding-left:2em\">\n<p class=\"has-text-align-center has-normal-font-size\" style=\"line-height:1.5\">La Terminologie Du Marketing<\/p>\n\n\n\n<hr class=\"wp-block-separator has-css-opacity is-style-wide\" \/>\n\n\n\n<div class=\"wp-block-buttons alignfull is-horizontal is-content-justification-center is-layout-flex wp-container-core-buttons-layout-1 wp-block-buttons-is-layout-flex\">\n<div class=\"wp-block-button has-custom-width wp-block-button__width-100 is-style-fill\"><a class=\"wp-block-button__link has-white-color has-text-color has-background no-border-radius\" style=\"background-color:#000000\">Mes Favoris<\/a><\/div>\n<\/div>\n\n\n\n<ul class=\"has-normal-font-size\"><li>Le Bouche \u00e0 oreille. <\/li><li>L&#8217;\u00c9tude de march\u00e9<\/li><li>Le voyageur-repr\u00e9sentant <\/li><\/ul>\n<\/div>\n\n\n\n<div class=\"wp-block-column has-text-color has-background has-link-color wp-elements-c4f0ea4af8838a6ae3f88e9616a32d59 is-layout-flow wp-block-column-is-layout-flow\" style=\"background-color:#ffe97d;color:#000000;padding-top:2em;padding-right:2em;padding-bottom:2em;padding-left:2em\">\n<p class=\"has-text-align-center has-normal-font-size\" style=\"line-height:1.5\">La Terminologie D&#8217;Entreprise <\/p>\n\n\n\n<hr class=\"wp-block-separator has-text-color has-css-opacity has-background is-style-wide\" style=\"background-color:#000000;color:#000000\" \/>\n\n\n\n<div class=\"wp-block-buttons alignfull is-horizontal is-content-justification-center is-layout-flex wp-container-core-buttons-layout-2 wp-block-buttons-is-layout-flex\">\n<div class=\"wp-block-button has-custom-width wp-block-button__width-100\"><a class=\"wp-block-button__link has-white-color has-text-color has-background no-border-radius\" style=\"background-color:#000000\">Mes Favoris<\/a><\/div>\n<\/div>\n\n\n\n<ul class=\"has-normal-font-size\"><li>Les Avantages sociaux <\/li><li>Le Cong\u00e9<\/li><li>Un \u00c9preuve <\/li><\/ul>\n<\/div>\n\n\n\n<div class=\"wp-block-column has-text-color has-background has-link-color wp-elements-22eb806c5841a201a9cbb5eb964f4eac is-layout-flow wp-block-column-is-layout-flow\" style=\"background-color:#c0ebf1;color:#000000;padding-top:2em;padding-right:2em;padding-bottom:2em;padding-left:2em\">\n<p class=\"has-text-align-center has-normal-font-size\">La Terminologie Bancaire<\/p>\n\n\n\n<hr class=\"wp-block-separator has-css-opacity is-style-wide\" \/>\n\n\n\n<div class=\"wp-block-buttons alignfull is-horizontal is-content-justification-center is-layout-flex wp-container-core-buttons-layout-3 wp-block-buttons-is-layout-flex\">\n<div class=\"wp-block-button has-custom-width wp-block-button__width-100\"><a class=\"wp-block-button__link has-white-color has-text-color has-background no-border-radius\" style=\"background-color:#000000\">Mes Favoris<\/a><\/div>\n<\/div>\n\n\n\n<ul class=\"has-normal-font-size\"><li>Une prorogation <\/li><li>Une Traite<\/li><li>Un Guichet Automatique De Banque (GAB)<\/li><\/ul>\n<\/div>\n<\/div>\n\n\n\n<figure class=\"wp-block-pullquote\"><blockquote><p>La qualit\u00e9 est le meilleur plan d&#8217;affaires.<\/p><cite>John Lasseter<\/cite><\/blockquote><\/figure>\n\n\n\n<div class=\"wp-block-columns is-layout-flex wp-container-core-columns-layout-2 wp-block-columns-is-layout-flex\">\n<div class=\"wp-block-column is-layout-flow wp-block-column-is-layout-flow\">\n<p class=\"has-text-align-center\"><strong>Des Acronyms<\/strong> <strong>Importantes Que J&#8217;ai Appris<\/strong><\/p>\n\n\n\n<p class=\"has-text-align-center\"><strong>CFE<\/strong> = Centre de Formalit\u00e9s des Entreprises<\/p>\n\n\n\n<p class=\"has-text-align-center\"><strong>INSEE<\/strong> = Institut Nationale de la Statistique et des \u00c9tudes \u00c9conomiques<\/p>\n\n\n\n<p class=\"has-text-align-center\"><strong>INPI<\/strong> = Institut Nationale de la Propri\u00e9t\u00e9 Industrielle<\/p>\n\n\n\n<p class=\"has-text-align-center\"><strong>VRC<\/strong> = Vente En R\u00e9seau par Cooptation <\/p>\n\n\n\n<p class=\"has-text-align-center\"><strong>CODEVI<\/strong> = Compte Pour le D\u00e9veloppement Industriel<\/p>\n\n\n\n<p class=\"has-text-align-center\"><strong>TIP<\/strong> = Titre Interbancaire de Paiement<\/p>\n\n\n\n<p class=\"has-text-align-center\"><\/p>\n<\/div>\n<\/div>\n","protected":false},"excerpt":{"rendered":"<p>La Terminologie Du Marketing Le Bouche \u00e0 oreille. L&#8217;\u00c9tude de march\u00e9 Le voyageur-repr\u00e9sentant La Terminologie D&#8217;Entreprise Les Avantages sociaux Le Cong\u00e9 Un \u00c9preuve La Terminologie Bancaire Une prorogation Une Traite Un Guichet Automatique De Banque (GAB) La qualit\u00e9 est le meilleur plan d&#8217;affaires. John Lasseter Des Acronyms Importantes Que J&#8217;ai Appris CFE = Centre de&#8230; <\/p>\n<div class=\"link-more\"><a href=\"https:\/\/sites.wp.odu.edu\/sedgwickfr366\/la-terminologie-le-vocabulaire-economique-et-commercial\/\">Read More<\/a><\/div>\n","protected":false},"author":23821,"featured_media":0,"parent":0,"menu_order":0,"comment_status":"closed","ping_status":"closed","template":"","meta":{"footnotes":""},"_links":{"self":[{"href":"https:\/\/sites.wp.odu.edu\/sedgwickfr366\/wp-json\/wp\/v2\/pages\/130"}],"collection":[{"href":"https:\/\/sites.wp.odu.edu\/sedgwickfr366\/wp-json\/wp\/v2\/pages"}],"about":[{"href":"https:\/\/sites.wp.odu.edu\/sedgwickfr366\/wp-json\/wp\/v2\/types\/page"}],"author":[{"embeddable":true,"href":"https:\/\/sites.wp.odu.edu\/sedgwickfr366\/wp-json\/wp\/v2\/users\/23821"}],"replies":[{"embeddable":true,"href":"https:\/\/sites.wp.odu.edu\/sedgwickfr366\/wp-json\/wp\/v2\/comments?post=130"}],"version-history":[{"count":3,"href":"https:\/\/sites.wp.odu.edu\/sedgwickfr366\/wp-json\/wp\/v2\/pages\/130\/revisions"}],"predecessor-version":[{"id":271,"href":"https:\/\/sites.wp.odu.edu\/sedgwickfr366\/wp-json\/wp\/v2\/pages\/130\/revisions\/271"}],"wp:attachment":[{"href":"https:\/\/sites.wp.odu.edu\/sedgwickfr366\/wp-json\/wp\/v2\/media?parent=130"}],"curies":[{"name":"wp","href":"https:\/\/api.w.org\/{rel}","templated":true}]}}