{"id":202,"date":"2022-09-28T20:38:53","date_gmt":"2022-09-28T20:38:53","guid":{"rendered":"https:\/\/sites.wp.odu.edu\/fre366draft\/?page_id=199"},"modified":"2022-12-12T04:54:49","modified_gmt":"2022-12-12T04:54:49","slug":"plan-daffaires","status":"publish","type":"page","link":"https:\/\/sites.wp.odu.edu\/sedgwickfr366\/plan-daffaires\/","title":{"rendered":"Plan d&#8217;Affaires"},"content":{"rendered":"\n<h3 class=\"has-text-align-center has-large-font-size wp-block-heading\"><strong>Mon Plan d&#8217;Affaire<\/strong><\/h3>\n\n\n\n<p class=\"has-text-align-center has-medium-font-size\"><strong>Ma D\u00e9claration d&#8217;Entreprise <\/strong><\/p>\n\n\n\n<p class=\"has-text-align-center\">Cr\u00e9er un \u00e9tablissement de curatif, et structur\u00e9 qui embrasse les pratiques psychiatriques holistiques et traditionnelles et qui offre une exp\u00e9rience curatif unique et effective pour l&#8217;individu unique.<\/p>\n\n\n\n<p><\/p>\n\n\n\n<h3 class=\"has-text-align-center wp-block-heading\">Mon Recherche du March\u00e9<\/h3>\n\n\n\n<p class=\"has-text-align-center\">Apr\u00e8s une analyse de march\u00e9 comparant mon entreprise \u00e0 des entreprises \u00e9tablies, j&#8217;ai choisi de modeler mon entreprise sur le mod\u00e8le de l&#8217;\u00e9tablissement de sant\u00e9 mentale qui marche bien.<\/p>\n\n\n\n<figure class=\"wp-block-gallery has-nested-images columns-default is-cropped wp-block-gallery-1 is-layout-flex wp-block-gallery-is-layout-flex\">\n<figure class=\"wp-block-image size-large\"><a href=\"https:\/\/sites.wp.odu.edu\/sedgwickfr366\/wp-content\/uploads\/sites\/30696\/2022\/12\/Screenshot-2022-12-11-at-12.15.33-PM.png\"><img loading=\"lazy\" decoding=\"async\" width=\"2122\" height=\"820\" data-id=\"276\" src=\"http:\/\/sites.wp.odu.edu\/sedgwickfr366\/wp-content\/uploads\/sites\/30696\/2022\/12\/Screenshot-2022-12-11-at-12.15.33-PM.png\" alt=\"\" class=\"wp-image-276\" srcset=\"https:\/\/sites.wp.odu.edu\/sedgwickfr366\/wp-content\/uploads\/sites\/30696\/2022\/12\/Screenshot-2022-12-11-at-12.15.33-PM.png 2122w, https:\/\/sites.wp.odu.edu\/sedgwickfr366\/wp-content\/uploads\/sites\/30696\/2022\/12\/Screenshot-2022-12-11-at-12.15.33-PM-300x116.png 300w, https:\/\/sites.wp.odu.edu\/sedgwickfr366\/wp-content\/uploads\/sites\/30696\/2022\/12\/Screenshot-2022-12-11-at-12.15.33-PM-1024x396.png 1024w, https:\/\/sites.wp.odu.edu\/sedgwickfr366\/wp-content\/uploads\/sites\/30696\/2022\/12\/Screenshot-2022-12-11-at-12.15.33-PM-768x297.png 768w, https:\/\/sites.wp.odu.edu\/sedgwickfr366\/wp-content\/uploads\/sites\/30696\/2022\/12\/Screenshot-2022-12-11-at-12.15.33-PM-1536x594.png 1536w, https:\/\/sites.wp.odu.edu\/sedgwickfr366\/wp-content\/uploads\/sites\/30696\/2022\/12\/Screenshot-2022-12-11-at-12.15.33-PM-2048x791.png 2048w, https:\/\/sites.wp.odu.edu\/sedgwickfr366\/wp-content\/uploads\/sites\/30696\/2022\/12\/Screenshot-2022-12-11-at-12.15.33-PM-600x232.png 600w\" sizes=\"(max-width: 2122px) 100vw, 2122px\" \/><\/a><figcaption>Leur utilisent de media sociale<\/figcaption><\/figure>\n\n\n\n<figure class=\"wp-block-image size-large\"><a href=\"https:\/\/sites.wp.odu.edu\/sedgwickfr366\/wp-content\/uploads\/sites\/30696\/2022\/12\/Screenshot-2022-12-11-at-12.14.45-PM.png\"><img loading=\"lazy\" decoding=\"async\" width=\"2108\" height=\"1044\" data-id=\"277\" src=\"http:\/\/sites.wp.odu.edu\/sedgwickfr366\/wp-content\/uploads\/sites\/30696\/2022\/12\/Screenshot-2022-12-11-at-12.14.45-PM.png\" alt=\"\" class=\"wp-image-277\" srcset=\"https:\/\/sites.wp.odu.edu\/sedgwickfr366\/wp-content\/uploads\/sites\/30696\/2022\/12\/Screenshot-2022-12-11-at-12.14.45-PM.png 2108w, https:\/\/sites.wp.odu.edu\/sedgwickfr366\/wp-content\/uploads\/sites\/30696\/2022\/12\/Screenshot-2022-12-11-at-12.14.45-PM-300x149.png 300w, https:\/\/sites.wp.odu.edu\/sedgwickfr366\/wp-content\/uploads\/sites\/30696\/2022\/12\/Screenshot-2022-12-11-at-12.14.45-PM-1024x507.png 1024w, https:\/\/sites.wp.odu.edu\/sedgwickfr366\/wp-content\/uploads\/sites\/30696\/2022\/12\/Screenshot-2022-12-11-at-12.14.45-PM-768x380.png 768w, https:\/\/sites.wp.odu.edu\/sedgwickfr366\/wp-content\/uploads\/sites\/30696\/2022\/12\/Screenshot-2022-12-11-at-12.14.45-PM-1536x761.png 1536w, https:\/\/sites.wp.odu.edu\/sedgwickfr366\/wp-content\/uploads\/sites\/30696\/2022\/12\/Screenshot-2022-12-11-at-12.14.45-PM-2048x1014.png 2048w, https:\/\/sites.wp.odu.edu\/sedgwickfr366\/wp-content\/uploads\/sites\/30696\/2022\/12\/Screenshot-2022-12-11-at-12.14.45-PM-600x297.png 600w\" sizes=\"(max-width: 2108px) 100vw, 2108px\" \/><\/a><figcaption>Leur fr\u00e9quentation au fil du temps<\/figcaption><\/figure>\n<\/figure>\n\n\n\n<p class=\"has-text-align-center\">Conform\u00e9ment aux donn\u00e9es compar\u00e9es, il est important \u00e0 envisager d&#8217;utiliser les plateformes de m\u00e9dias sociaux \u00e0 cr\u00e9er une pr\u00e9sence r\u00e9ussi et informer sur les services offerts et informer le public sur la sant\u00e9 mentale.<\/p>\n\n\n\n<h3 class=\"has-text-align-center wp-block-heading\">Legal Creation of the Company<\/h3>\n\n\n\n<p class=\"has-text-align-center\">Les collectes de fonds et les association caritative sont essentielles pour fournir les soins les plus bas et les plus qualitatifs aux r\u00e9sidents de l&#8217;\u00e9tablissement. La collecte de fonds et les \u0153uvres de bienfaisance sont essentielles pour fournir les soins les plus bas et les plus qualitatifs aux r\u00e9sidents de l&#8217;\u00e9tablissement. La collecte de fonds et les associations caritatives nous permettent d&#8217;\u00e9tablir la confiance au sein de la communaut\u00e9 que nous servirons.<\/p>\n\n\n<div class=\"wp-block-image\">\n<figure class=\"alignleft size-full is-resized\"><a href=\"http:\/\/sites.wp.odu.edu\/sedgwickfr366\/wp-content\/uploads\/sites\/30696\/2022\/12\/220px-GoldSeal_4color.jpg\"><img loading=\"lazy\" decoding=\"async\" src=\"http:\/\/sites.wp.odu.edu\/sedgwickfr366\/wp-content\/uploads\/sites\/30696\/2022\/12\/220px-GoldSeal_4color.jpg\" alt=\"\" class=\"wp-image-281\" width=\"262\" height=\"262\" srcset=\"https:\/\/sites.wp.odu.edu\/sedgwickfr366\/wp-content\/uploads\/sites\/30696\/2022\/12\/220px-GoldSeal_4color.jpg 220w, https:\/\/sites.wp.odu.edu\/sedgwickfr366\/wp-content\/uploads\/sites\/30696\/2022\/12\/220px-GoldSeal_4color-150x150.jpg 150w\" sizes=\"(max-width: 262px) 100vw, 262px\" \/><\/a><\/figure><\/div>\n\n<div class=\"wp-block-image\">\n<figure class=\"alignright size-full is-resized\"><a href=\"http:\/\/sites.wp.odu.edu\/sedgwickfr366\/wp-content\/uploads\/sites\/30696\/2022\/12\/download.png\"><img loading=\"lazy\" decoding=\"async\" src=\"http:\/\/sites.wp.odu.edu\/sedgwickfr366\/wp-content\/uploads\/sites\/30696\/2022\/12\/download.png\" alt=\"\" class=\"wp-image-282\" width=\"299\" height=\"223\" \/><\/a><\/figure><\/div>\n\n\n<p class=\"has-text-align-center\"><br>Nous souhaitons \u00eatre certifi\u00e9s comme un \u00e9tablissement m\u00e9dical par la &#8220;Joint Commission&#8221; et il est essential que nous suivions les r\u00e8gles de &#8220;SAMSA&#8221; par le recrutement et la pr\u00e9paration du personnel, la collecte de donn\u00e9es et l&#8217;\u00e9tablissement de rapports, et les proc\u00e9dures de soins appropri\u00e9es.<\/p>\n\n\n\n<p class=\"has-text-align-center\"><strong>Il faut que nous d\u00e9veloppions un conseil d&#8217;\u00e9thique aux c\u00f4t\u00e9s d&#8217;un conseil ex\u00e9cutif qui sont des entit\u00e9s distinctes. Il n&#8217;y aura aucune membre que peut faire un membre simultan\u00e9ment dans le comit\u00e9 d&#8217;\u00e9thique et du comit\u00e9 ex\u00e9cutif (et vice versa) afin d&#8217;\u00e9viter toute partialit\u00e9.<\/strong><\/p>\n\n\n\n<p><\/p>\n\n\n<div class=\"wp-block-image\">\n<figure class=\"alignleft size-full\"><a href=\"http:\/\/sites.wp.odu.edu\/sedgwickfr366\/wp-content\/uploads\/sites\/30696\/2022\/12\/Screenshot-2022-12-11-at-2.14.07-PM.png\"><img loading=\"lazy\" decoding=\"async\" width=\"392\" height=\"960\" src=\"http:\/\/sites.wp.odu.edu\/sedgwickfr366\/wp-content\/uploads\/sites\/30696\/2022\/12\/Screenshot-2022-12-11-at-2.14.07-PM.png\" alt=\"\" class=\"wp-image-280\" srcset=\"https:\/\/sites.wp.odu.edu\/sedgwickfr366\/wp-content\/uploads\/sites\/30696\/2022\/12\/Screenshot-2022-12-11-at-2.14.07-PM.png 392w, https:\/\/sites.wp.odu.edu\/sedgwickfr366\/wp-content\/uploads\/sites\/30696\/2022\/12\/Screenshot-2022-12-11-at-2.14.07-PM-123x300.png 123w\" sizes=\"(max-width: 392px) 100vw, 392px\" \/><\/a><\/figure><\/div>\n\n\n<div class=\"wp-block-group is-layout-flow wp-block-group-is-layout-flow\"><div class=\"wp-block-group__inner-container\">\n<div class=\"wp-block-group is-vertical is-content-justification-center is-nowrap is-layout-flex wp-container-core-group-layout-2 wp-block-group-is-layout-flex\">\n<h3 class=\"has-text-align-center wp-block-heading\">Le Marketing <\/h3>\n\n\n\n<div class=\"wp-block-group is-layout-flow wp-block-group-is-layout-flow\"><div class=\"wp-block-group__inner-container\">\n<p class=\"has-text-align-center\"><strong>Placement strat\u00e9gique<\/strong><br>* S&#8217;associer avec des psychologues et des conseillers locaux et Services sociaux<br>* Lieux de travail stressants comme: La militaire, les \u00e9coles, les h\u00f4pitaux, et sites de construction.<\/p>\n\n\n\n<p class=\"has-text-align-center\"><br><strong>Pourquoi cibler ces lieux ?<\/strong><br>Ce sont statistiquement les carri\u00e8res et les emplois les plus stressants.<\/p>\n\n\n\n<p class=\"has-text-align-center\"><br><strong>Quelle est l&#8217;approche possible ?<\/strong><br>Dans les h\u00f4pitaux, par exemple, des repr\u00e9sentants sont pr\u00e9sents chaque semaine pour r\u00e9pondre aux questions et fournir de la documentation aux soignants et au grand public.<\/p>\n<\/div><\/div>\n<\/div>\n<\/div><\/div>\n\n\n\n<figure class=\"wp-block-embed is-type-video is-provider-youtube wp-block-embed-youtube wp-embed-aspect-4-3 wp-has-aspect-ratio\"><div class=\"wp-block-embed__wrapper\">\n<iframe loading=\"lazy\" title=\"FR366 Quick Facility Walkthrough\" width=\"1000\" height=\"750\" src=\"https:\/\/www.youtube.com\/embed\/Et4WV5ub1ZM?feature=oembed\" frameborder=\"0\" allow=\"accelerometer; autoplay; clipboard-write; encrypted-media; gyroscope; picture-in-picture\" allowfullscreen><\/iframe>\n<\/div><figcaption>Cette vid\u00e9o illustre ma facilit\u00e9 avec des exemples de pi\u00e8ces. Suivez la l\u00e9gende ci-dessous pour la compr\u00e9hension optimale.<\/figcaption><\/figure>\n\n\n\n<p class=\"has-text-align-center\"><strong>La Grande Salle<\/strong> : Espace commun \u00e9quip\u00e9 d&#8217;une salle de pr\u00e9paration du snack et un pi\u00e8ce de m\u00e9dicaments satellite.<\/p>\n\n\n\n<p class=\"has-text-align-center\"><strong>La Chambre avec une Figure de Surveillance<\/strong> : Surveillance des r\u00e9sidents \u00e0 risque<\/p>\n\n\n\n<p class=\"has-text-align-center\"><strong>La Chambre sans une <strong>Figure de Surveillance<\/strong><\/strong> : R\u00e9sident \u00e0 long terme et\/ou sans risque<\/p>\n\n\n\n<p class=\"has-text-align-center\"><strong>La Deuxi\u00e8me Pi\u00e8ce avec Figure de Surveillance<\/strong> : Salle de douche<\/p>\n\n\n\n<p class=\"has-text-align-center\"><strong>La Pi\u00e8ce \u00e0 Gauche de la Pi\u00e8ce du Personnel<\/strong> : Salle du Pause<\/p>\n\n\n\n<p class=\"has-text-align-center\"><strong>La Pi\u00e8ce \u00e0 droite de la Pi\u00e8ce du Personnel<\/strong> : Salle de Briefing<\/p>\n","protected":false},"excerpt":{"rendered":"<p>Mon Plan d&#8217;Affaire Ma D\u00e9claration d&#8217;Entreprise Cr\u00e9er un \u00e9tablissement de curatif, et structur\u00e9 qui embrasse les pratiques psychiatriques holistiques et traditionnelles et qui offre une exp\u00e9rience curatif unique et effective pour l&#8217;individu unique. Mon Recherche du March\u00e9 Apr\u00e8s une analyse de march\u00e9 comparant mon entreprise \u00e0 des entreprises \u00e9tablies, j&#8217;ai choisi de modeler mon entreprise&#8230; <\/p>\n<div class=\"link-more\"><a href=\"https:\/\/sites.wp.odu.edu\/sedgwickfr366\/plan-daffaires\/\">Read More<\/a><\/div>\n","protected":false},"author":23821,"featured_media":0,"parent":0,"menu_order":0,"comment_status":"closed","ping_status":"closed","template":"","meta":{"footnotes":""},"_links":{"self":[{"href":"https:\/\/sites.wp.odu.edu\/sedgwickfr366\/wp-json\/wp\/v2\/pages\/202"}],"collection":[{"href":"https:\/\/sites.wp.odu.edu\/sedgwickfr366\/wp-json\/wp\/v2\/pages"}],"about":[{"href":"https:\/\/sites.wp.odu.edu\/sedgwickfr366\/wp-json\/wp\/v2\/types\/page"}],"author":[{"embeddable":true,"href":"https:\/\/sites.wp.odu.edu\/sedgwickfr366\/wp-json\/wp\/v2\/users\/23821"}],"replies":[{"embeddable":true,"href":"https:\/\/sites.wp.odu.edu\/sedgwickfr366\/wp-json\/wp\/v2\/comments?post=202"}],"version-history":[{"count":4,"href":"https:\/\/sites.wp.odu.edu\/sedgwickfr366\/wp-json\/wp\/v2\/pages\/202\/revisions"}],"predecessor-version":[{"id":307,"href":"https:\/\/sites.wp.odu.edu\/sedgwickfr366\/wp-json\/wp\/v2\/pages\/202\/revisions\/307"}],"wp:attachment":[{"href":"https:\/\/sites.wp.odu.edu\/sedgwickfr366\/wp-json\/wp\/v2\/media?parent=202"}],"curies":[{"name":"wp","href":"https:\/\/api.w.org\/{rel}","templated":true}]}}