{"id":93,"date":"2022-09-28T20:38:53","date_gmt":"2022-09-28T20:38:53","guid":{"rendered":"https:\/\/sites.wp.odu.edu\/fre366draft\/?page_id=93"},"modified":"2023-08-26T15:10:02","modified_gmt":"2023-08-26T15:10:02","slug":"accueil","status":"publish","type":"page","link":"https:\/\/sites.wp.odu.edu\/sedgwickfr366\/","title":{"rendered":"Accueil"},"content":{"rendered":"\n<p class=\"has-text-align-center\"><strong>Qui Je Suis?<\/strong><\/p>\n\n\n\n<p class=\"has-text-align-center\">Bonjour, je m&#8217;appelle Jolene, et je suis \u00e9tudiante en psychologie au College of Sciences de l&#8217;Old Dominion University et poursuivre deux mineurs en philosophie et en Fran\u00e7ais. Je suis passionn\u00e9 par mes \u00e9tudes en psychologie philosophique, en particulier la psychologie ph\u00e9nom\u00e9nologique\/existentielle, et excit\u00e9 \u00e0 l&#8217;id\u00e9e d&#8217;incorporer ma connaissance de la langue fran\u00e7aise pour \u00e9tudier les textes existentialistes fran\u00e7ais dans leur vraie nature.<\/p>\n\n\n<div class=\"wp-block-image is-style-rounded\">\n<figure class=\"alignleft size-medium\"><a href=\"http:\/\/sites.wp.odu.edu\/sedgwickfr366\/wp-content\/uploads\/sites\/30696\/2022\/12\/IMG_3782-scaled.jpg\"><img loading=\"lazy\" decoding=\"async\" width=\"225\" height=\"300\" src=\"https:\/\/sites.wp.odu.edu\/sedgwickfr366\/wp-content\/uploads\/sites\/30696\/2022\/12\/IMG_3782-225x300.jpg\" alt=\"\" class=\"wp-image-288\" srcset=\"https:\/\/sites.wp.odu.edu\/sedgwickfr366\/wp-content\/uploads\/sites\/30696\/2022\/12\/IMG_3782-225x300.jpg 225w, https:\/\/sites.wp.odu.edu\/sedgwickfr366\/wp-content\/uploads\/sites\/30696\/2022\/12\/IMG_3782-768x1024.jpg 768w, https:\/\/sites.wp.odu.edu\/sedgwickfr366\/wp-content\/uploads\/sites\/30696\/2022\/12\/IMG_3782-1152x1536.jpg 1152w, https:\/\/sites.wp.odu.edu\/sedgwickfr366\/wp-content\/uploads\/sites\/30696\/2022\/12\/IMG_3782-1536x2048.jpg 1536w, https:\/\/sites.wp.odu.edu\/sedgwickfr366\/wp-content\/uploads\/sites\/30696\/2022\/12\/IMG_3782-630x840.jpg 630w, https:\/\/sites.wp.odu.edu\/sedgwickfr366\/wp-content\/uploads\/sites\/30696\/2022\/12\/IMG_3782-960x1280.jpg 960w, https:\/\/sites.wp.odu.edu\/sedgwickfr366\/wp-content\/uploads\/sites\/30696\/2022\/12\/IMG_3782-scaled.jpg 1920w\" sizes=\"(max-width: 225px) 100vw, 225px\" \/><\/a><\/figure><\/div>\n\n\n<p class=\"has-text-align-center\"><strong>Qu&#8217;est-ce Sont Mes Objectifs?<\/strong><\/p>\n\n\n\n<p class=\"has-text-align-center\">Mon r\u00eave est d&#8217;ouvrir mon propre \u00e9tablissement priv\u00e9 de soins de sant\u00e9 mentale de courte et de longue dur\u00e9e qui concentrera sur les soins holistiques qui traitent la sant\u00e9 mentale \u00e0 la source et d&#8217;\u00e9tablir des m\u00e9canismes d&#8217;adaptation qui durent en dehors de l&#8217;\u00e9tablissement pour mener une vie satisfaisante dans un environnement neutre et d\u00e9tendu.<\/p>\n\n\n\n<p class=\"has-text-align-center\"><strong>Qu&#8217;est-ce Le Purpose de Cet E-portfolio?<\/strong><\/p>\n\n\n\n<p class=\"has-text-align-center\">L&#8217;objectif de cet e-portfolio est de d\u00e9montrer ma compr\u00e9hension du commerce fran\u00e7ais et la langue fran\u00e7aise. Aussi pr\u00e9senter mon projet commercial de fin d&#8217;ann\u00e9e.<\/p>\n\n\n\n<p><\/p>\n","protected":false},"excerpt":{"rendered":"<p>Qui Je Suis? Bonjour, je m&#8217;appelle Jolene, et je suis \u00e9tudiante en psychologie au College of Sciences de l&#8217;Old Dominion University et poursuivre deux mineurs en philosophie et en Fran\u00e7ais. Je suis passionn\u00e9 par mes \u00e9tudes en psychologie philosophique, en particulier la psychologie ph\u00e9nom\u00e9nologique\/existentielle, et excit\u00e9 \u00e0 l&#8217;id\u00e9e d&#8217;incorporer ma connaissance de la langue fran\u00e7aise&#8230; <\/p>\n<div class=\"link-more\"><a href=\"https:\/\/sites.wp.odu.edu\/sedgwickfr366\/\">Read More<\/a><\/div>\n","protected":false},"author":23821,"featured_media":0,"parent":0,"menu_order":0,"comment_status":"closed","ping_status":"closed","template":"","meta":{"footnotes":""},"_links":{"self":[{"href":"https:\/\/sites.wp.odu.edu\/sedgwickfr366\/wp-json\/wp\/v2\/pages\/93"}],"collection":[{"href":"https:\/\/sites.wp.odu.edu\/sedgwickfr366\/wp-json\/wp\/v2\/pages"}],"about":[{"href":"https:\/\/sites.wp.odu.edu\/sedgwickfr366\/wp-json\/wp\/v2\/types\/page"}],"author":[{"embeddable":true,"href":"https:\/\/sites.wp.odu.edu\/sedgwickfr366\/wp-json\/wp\/v2\/users\/23821"}],"replies":[{"embeddable":true,"href":"https:\/\/sites.wp.odu.edu\/sedgwickfr366\/wp-json\/wp\/v2\/comments?post=93"}],"version-history":[{"count":5,"href":"https:\/\/sites.wp.odu.edu\/sedgwickfr366\/wp-json\/wp\/v2\/pages\/93\/revisions"}],"predecessor-version":[{"id":312,"href":"https:\/\/sites.wp.odu.edu\/sedgwickfr366\/wp-json\/wp\/v2\/pages\/93\/revisions\/312"}],"wp:attachment":[{"href":"https:\/\/sites.wp.odu.edu\/sedgwickfr366\/wp-json\/wp\/v2\/media?parent=93"}],"curies":[{"name":"wp","href":"https:\/\/api.w.org\/{rel}","templated":true}]}}