{"id":97,"date":"2022-09-28T20:38:53","date_gmt":"2022-09-28T20:38:53","guid":{"rendered":"https:\/\/sites.wp.odu.edu\/fre366draft\/?page_id=97"},"modified":"2022-12-11T17:01:24","modified_gmt":"2022-12-11T17:01:24","slug":"les-entreprises-locales-en-actions","status":"publish","type":"page","link":"https:\/\/sites.wp.odu.edu\/sedgwickfr366\/les-entreprises-locales-en-actions\/","title":{"rendered":"Les Entreprises Locales en Actions"},"content":{"rendered":"\n<p><\/p>\n\n\n<div class=\"wp-block-image\">\n<figure class=\"alignleft size-large is-resized\"><a href=\"http:\/\/sites.wp.odu.edu\/sedgwickfr366\/wp-content\/uploads\/sites\/30696\/2022\/12\/Screenshot-2022-12-03-at-9.33.07-AM.png\"><img loading=\"lazy\" decoding=\"async\" src=\"http:\/\/sites.wp.odu.edu\/sedgwickfr366\/wp-content\/uploads\/sites\/30696\/2022\/12\/Screenshot-2022-12-03-at-9.33.07-AM-1024x694.png\" alt=\"\" class=\"wp-image-251\" width=\"368\" height=\"249\" srcset=\"https:\/\/sites.wp.odu.edu\/sedgwickfr366\/wp-content\/uploads\/sites\/30696\/2022\/12\/Screenshot-2022-12-03-at-9.33.07-AM-1024x694.png 1024w, https:\/\/sites.wp.odu.edu\/sedgwickfr366\/wp-content\/uploads\/sites\/30696\/2022\/12\/Screenshot-2022-12-03-at-9.33.07-AM-300x203.png 300w, https:\/\/sites.wp.odu.edu\/sedgwickfr366\/wp-content\/uploads\/sites\/30696\/2022\/12\/Screenshot-2022-12-03-at-9.33.07-AM-768x520.png 768w, https:\/\/sites.wp.odu.edu\/sedgwickfr366\/wp-content\/uploads\/sites\/30696\/2022\/12\/Screenshot-2022-12-03-at-9.33.07-AM-443x300.png 443w, https:\/\/sites.wp.odu.edu\/sedgwickfr366\/wp-content\/uploads\/sites\/30696\/2022\/12\/Screenshot-2022-12-03-at-9.33.07-AM.png 1054w\" sizes=\"(max-width: 368px) 100vw, 368px\" \/><\/a><\/figure><\/div>\n\n\n<p><strong>Orateur Invit\u00e9<\/strong>: Lindsey Sims<\/p>\n\n\n\n<p>Maison Soleil est une petite entreprise qui est bas\u00e9e \u00e0 Washington, D.C. avec un magasin local \u00e0 Ghent, Norfolk. Maison Soleil est une boutique de mode \u00e9quitable avec les produits qui sont tous faits \u00e0 la main par des femmes du monde entier. Les produits fabriqu\u00e9s aux \u00c9tats-Unis le sont en petites quantit\u00e9s et sont confectionn\u00e9s par des r\u00e9fugi\u00e9es, des survivantes d&#8217;abus, des drogues, ou de trafic d&#8217;\u00eatres humains. Les produits fabriqu\u00e9s en dehors des \u00c9tats-Unis sont certifi\u00e9s \u00e9quitables. Vous trouverez ci-dessous le site Internet de Maison Soleil ainsi qu&#8217;une vid\u00e9o de pr\u00e9sentation.\u00a0Pendant son temps avec nous, elle d\u00e9crit les obstacles de la fermeture de COVID-19 et son d\u00e9marrage des salons \u00e0 deux boutiques !<\/p>\n\n\n\n<p><\/p>\n\n\n<div class=\"wp-block-image\">\n<figure class=\"alignright size-full is-resized\"><a href=\"http:\/\/sites.wp.odu.edu\/sedgwickfr366\/wp-content\/uploads\/sites\/30696\/2022\/12\/download.jpg\"><img loading=\"lazy\" decoding=\"async\" src=\"http:\/\/sites.wp.odu.edu\/sedgwickfr366\/wp-content\/uploads\/sites\/30696\/2022\/12\/download.jpg\" alt=\"\" class=\"wp-image-252\" width=\"291\" height=\"291\" srcset=\"https:\/\/sites.wp.odu.edu\/sedgwickfr366\/wp-content\/uploads\/sites\/30696\/2022\/12\/download.jpg 225w, https:\/\/sites.wp.odu.edu\/sedgwickfr366\/wp-content\/uploads\/sites\/30696\/2022\/12\/download-150x150.jpg 150w\" sizes=\"(max-width: 291px) 100vw, 291px\" \/><\/a><\/figure><\/div>\n\n\n<p><strong>Orateur Invit\u00e9<\/strong>: Kerrie Stacks<\/p>\n\n\n\n<p>C&#8217;\u00e9tait g\u00e9nial de voir un autre \u00e9l\u00e8ve fran\u00e7ais r\u00e9ussir dans leur entreprise. J&#8217;appr\u00e9cie le fait qu&#8217;il s&#8217;agisse d&#8217;une entreprise appartenant \u00e0 un ancien combattant et j&#8217;ai remarqu\u00e9 qu&#8217;il y a beaucoup d&#8217;entreprises appartenant \u00e0 des anciens combattants soient construit plus r\u00e9cemment. J&#8217;ai trouv\u00e9 que l&#8217;emplacement de son entreprise \u00e9tait magnifique et qu&#8217;il pouvait accueillir beaucoup des personnes et d&#8217;\u00e9v\u00e9nements; lorsque je pense qu&#8217;il est tr\u00e8s importante pour un entreprise qui voudrait construire une communaut\u00e9. C&#8217;\u00e9tait vraiment cool d&#8217;apprendre qu&#8217;ils ont cr\u00e9\u00e9 des bi\u00e8res maison qui sont distribu\u00e9es localement et nationalement. J&#8217;ai aim\u00e9 entendre le parcours de son entreprise pendant la pand\u00e9mie aussi.<\/p>\n","protected":false},"excerpt":{"rendered":"<p>Orateur Invit\u00e9: Lindsey Sims Maison Soleil est une petite entreprise qui est bas\u00e9e \u00e0 Washington, D.C. avec un magasin local \u00e0 Ghent, Norfolk. Maison Soleil est une boutique de mode \u00e9quitable avec les produits qui sont tous faits \u00e0 la main par des femmes du monde entier. Les produits fabriqu\u00e9s aux \u00c9tats-Unis le sont en&#8230; <\/p>\n<div class=\"link-more\"><a href=\"https:\/\/sites.wp.odu.edu\/sedgwickfr366\/les-entreprises-locales-en-actions\/\">Read More<\/a><\/div>\n","protected":false},"author":23821,"featured_media":253,"parent":0,"menu_order":0,"comment_status":"closed","ping_status":"closed","template":"","meta":{"footnotes":""},"_links":{"self":[{"href":"https:\/\/sites.wp.odu.edu\/sedgwickfr366\/wp-json\/wp\/v2\/pages\/97"}],"collection":[{"href":"https:\/\/sites.wp.odu.edu\/sedgwickfr366\/wp-json\/wp\/v2\/pages"}],"about":[{"href":"https:\/\/sites.wp.odu.edu\/sedgwickfr366\/wp-json\/wp\/v2\/types\/page"}],"author":[{"embeddable":true,"href":"https:\/\/sites.wp.odu.edu\/sedgwickfr366\/wp-json\/wp\/v2\/users\/23821"}],"replies":[{"embeddable":true,"href":"https:\/\/sites.wp.odu.edu\/sedgwickfr366\/wp-json\/wp\/v2\/comments?post=97"}],"version-history":[{"count":2,"href":"https:\/\/sites.wp.odu.edu\/sedgwickfr366\/wp-json\/wp\/v2\/pages\/97\/revisions"}],"predecessor-version":[{"id":274,"href":"https:\/\/sites.wp.odu.edu\/sedgwickfr366\/wp-json\/wp\/v2\/pages\/97\/revisions\/274"}],"wp:featuredmedia":[{"embeddable":true,"href":"https:\/\/sites.wp.odu.edu\/sedgwickfr366\/wp-json\/wp\/v2\/media\/253"}],"wp:attachment":[{"href":"https:\/\/sites.wp.odu.edu\/sedgwickfr366\/wp-json\/wp\/v2\/media?parent=97"}],"curies":[{"name":"wp","href":"https:\/\/api.w.org\/{rel}","templated":true}]}}