{"id":99,"date":"2022-09-28T20:38:53","date_gmt":"2022-09-28T20:38:53","guid":{"rendered":"https:\/\/sites.wp.odu.edu\/fre366draft\/?page_id=99"},"modified":"2022-12-12T03:48:52","modified_gmt":"2022-12-12T03:48:52","slug":"la-culture-dentreprise","status":"publish","type":"page","link":"https:\/\/sites.wp.odu.edu\/sedgwickfr366\/la-culture-dentreprise\/","title":{"rendered":"La culture d&#8217;entreprise"},"content":{"rendered":"\n<p class=\"has-text-align-center\"><strong>Caf\u00e9 de Flore<\/strong><\/p>\n\n\n\n<p class=\"has-text-align-center\">Un caf\u00e9 fran\u00e7ais qui m&#8217;a toujours laiss\u00e9 en admiration est le fameux Caf\u00e9 de Flore. De quoi ressembler \u00e0 un caf\u00e9 fran\u00e7ais ordinaire sur le Sainte Germaine a une histoire riche de personnages historiques qui ont adopt\u00e9 cet endroit comme lieu de rencontre pour collaborer et cr\u00e9er leurs travails plus embl\u00e9matiques. Le Caf\u00e9 de Flore est un caf\u00e9 situ\u00e9 au c\u0153ur de Paris qui existe depuis 1887. L&#8217;endroit a \u00e9t\u00e9 une seconde maison pour des personnes exceptionnelles qui ont fait un impact sur l&#8217;histoire, comme Picasso, Ernest Hemingway, Sartre, Merleau-Ponty et Albert Camus.<\/p>\n\n\n\n<figure class=\"wp-block-embed aligncenter is-type-wp-embed is-provider-gastronomos wp-block-embed-gastronomos\"><div class=\"wp-block-embed__wrapper\">\n<blockquote class=\"wp-embedded-content\" data-secret=\"SuGTaDhrcK\"><a href=\"https:\/\/gastronomos.fr\/en\/restaurants\/paris-en\/cafe-de-flore-the-most-mythical-of-paris-coffee-shops\/\">Caf\u00e9 de Flore &#8211; The most mythical of Paris&#8217; coffee shops<\/a><\/blockquote><iframe class=\"wp-embedded-content\" sandbox=\"allow-scripts\" security=\"restricted\" style=\"position: absolute; clip: rect(1px, 1px, 1px, 1px);\" title=\"&#8220;Caf\u00e9 de Flore &#8211; The most mythical of Paris&#8217; coffee shops&#8221; &#8212; Gastronomos\" src=\"https:\/\/gastronomos.fr\/en\/restaurants\/paris-en\/cafe-de-flore-the-most-mythical-of-paris-coffee-shops\/embed\/#?secret=YY4VNcM6CF#?secret=SuGTaDhrcK\" data-secret=\"SuGTaDhrcK\" width=\"600\" height=\"338\" frameborder=\"0\" marginwidth=\"0\" marginheight=\"0\" scrolling=\"no\"><\/iframe>\n<\/div><\/figure>\n\n\n\n<p class=\"has-text-align-center\">L&#8217;article est int\u00e9ressant \u00e0 lire parce qu&#8217;il raconte comment le caf\u00e9 est devenu le caf\u00e9 iconique qu&#8217;il est aujourd&#8217;hui.<\/p>\n\n\n<div class=\"wp-block-image\">\n<figure class=\"alignright size-large is-resized\"><a href=\"https:\/\/sites.wp.odu.edu\/sedgwickfr366\/wp-content\/uploads\/sites\/30696\/2022\/12\/IMG_4635.jpg\"><img loading=\"lazy\" decoding=\"async\" src=\"https:\/\/sites.wp.odu.edu\/sedgwickfr366\/wp-content\/uploads\/sites\/30696\/2022\/12\/IMG_4635-841x1024.jpg\" alt=\"\" class=\"wp-image-258\" width=\"380\" height=\"462\" srcset=\"https:\/\/sites.wp.odu.edu\/sedgwickfr366\/wp-content\/uploads\/sites\/30696\/2022\/12\/IMG_4635-841x1024.jpg 841w, https:\/\/sites.wp.odu.edu\/sedgwickfr366\/wp-content\/uploads\/sites\/30696\/2022\/12\/IMG_4635-246x300.jpg 246w, https:\/\/sites.wp.odu.edu\/sedgwickfr366\/wp-content\/uploads\/sites\/30696\/2022\/12\/IMG_4635-768x935.jpg 768w, https:\/\/sites.wp.odu.edu\/sedgwickfr366\/wp-content\/uploads\/sites\/30696\/2022\/12\/IMG_4635-1261x1536.jpg 1261w, https:\/\/sites.wp.odu.edu\/sedgwickfr366\/wp-content\/uploads\/sites\/30696\/2022\/12\/IMG_4635.jpg 1284w\" sizes=\"(max-width: 380px) 100vw, 380px\" \/><\/a><\/figure><\/div>\n\n\n<div class=\"wp-block-columns is-layout-flex wp-container-core-columns-layout-1 wp-block-columns-is-layout-flex\">\n<div class=\"wp-block-column is-layout-flow wp-block-column-is-layout-flow\" style=\"flex-basis:100%\"><div class=\"wp-block-image\">\n<figure class=\"alignright size-large is-resized\"><a href=\"https:\/\/sites.wp.odu.edu\/sedgwickfr366\/wp-content\/uploads\/sites\/30696\/2022\/12\/IMG_4634.jpg\"><img loading=\"lazy\" decoding=\"async\" src=\"https:\/\/sites.wp.odu.edu\/sedgwickfr366\/wp-content\/uploads\/sites\/30696\/2022\/12\/IMG_4634-937x1024.jpg\" alt=\"\" class=\"wp-image-257\" width=\"405\" height=\"443\" srcset=\"https:\/\/sites.wp.odu.edu\/sedgwickfr366\/wp-content\/uploads\/sites\/30696\/2022\/12\/IMG_4634-937x1024.jpg 937w, https:\/\/sites.wp.odu.edu\/sedgwickfr366\/wp-content\/uploads\/sites\/30696\/2022\/12\/IMG_4634-275x300.jpg 275w, https:\/\/sites.wp.odu.edu\/sedgwickfr366\/wp-content\/uploads\/sites\/30696\/2022\/12\/IMG_4634-768x839.jpg 768w, https:\/\/sites.wp.odu.edu\/sedgwickfr366\/wp-content\/uploads\/sites\/30696\/2022\/12\/IMG_4634.jpg 1284w\" sizes=\"(max-width: 405px) 100vw, 405px\" \/><\/a><\/figure><\/div><\/div>\n<\/div>\n\n\n\n<p class=\"has-text-align-center\">Regarde comme la nourriture est magnifique. Je peux comprendre pourquoi les existentialistes, les peintres, et les \u00e9crivains nourrissent leurs inspirations.<\/p>\n","protected":false},"excerpt":{"rendered":"<p>Caf\u00e9 de Flore Un caf\u00e9 fran\u00e7ais qui m&#8217;a toujours laiss\u00e9 en admiration est le fameux Caf\u00e9 de Flore. De quoi ressembler \u00e0 un caf\u00e9 fran\u00e7ais ordinaire sur le Sainte Germaine a une histoire riche de personnages historiques qui ont adopt\u00e9 cet endroit comme lieu de rencontre pour collaborer et cr\u00e9er leurs travails plus embl\u00e9matiques. Le&#8230; <\/p>\n<div class=\"link-more\"><a href=\"https:\/\/sites.wp.odu.edu\/sedgwickfr366\/la-culture-dentreprise\/\">Read More<\/a><\/div>\n","protected":false},"author":23821,"featured_media":255,"parent":0,"menu_order":0,"comment_status":"closed","ping_status":"closed","template":"","meta":{"footnotes":""},"_links":{"self":[{"href":"https:\/\/sites.wp.odu.edu\/sedgwickfr366\/wp-json\/wp\/v2\/pages\/99"}],"collection":[{"href":"https:\/\/sites.wp.odu.edu\/sedgwickfr366\/wp-json\/wp\/v2\/pages"}],"about":[{"href":"https:\/\/sites.wp.odu.edu\/sedgwickfr366\/wp-json\/wp\/v2\/types\/page"}],"author":[{"embeddable":true,"href":"https:\/\/sites.wp.odu.edu\/sedgwickfr366\/wp-json\/wp\/v2\/users\/23821"}],"replies":[{"embeddable":true,"href":"https:\/\/sites.wp.odu.edu\/sedgwickfr366\/wp-json\/wp\/v2\/comments?post=99"}],"version-history":[{"count":4,"href":"https:\/\/sites.wp.odu.edu\/sedgwickfr366\/wp-json\/wp\/v2\/pages\/99\/revisions"}],"predecessor-version":[{"id":300,"href":"https:\/\/sites.wp.odu.edu\/sedgwickfr366\/wp-json\/wp\/v2\/pages\/99\/revisions\/300"}],"wp:featuredmedia":[{"embeddable":true,"href":"https:\/\/sites.wp.odu.edu\/sedgwickfr366\/wp-json\/wp\/v2\/media\/255"}],"wp:attachment":[{"href":"https:\/\/sites.wp.odu.edu\/sedgwickfr366\/wp-json\/wp\/v2\/media?parent=99"}],"curies":[{"name":"wp","href":"https:\/\/api.w.org\/{rel}","templated":true}]}}