{"id":116,"date":"2018-11-08T20:08:29","date_gmt":"2018-11-08T20:08:29","guid":{"rendered":"https:\/\/sites.wp.odu.edu\/french101-102\/?page_id=116"},"modified":"2018-11-08T20:08:29","modified_gmt":"2018-11-08T20:08:29","slug":"analytic-rubric","status":"publish","type":"page","link":"https:\/\/sites.wp.odu.edu\/shanetolentinofr201\/assessment\/analytic-rubric\/","title":{"rendered":"Analytic Rubric"},"content":{"rendered":"<p>Cette rubrique analytique vous permet d\u2019\u00eatre inform\u00e9 sur comment vous allez \u00eatre \u00e9valu\u00e9 pour votre telecollaborative conversation<\/p>\n<p><strong>This analytic rubric allows you to be informed about how you will be evaluated on your telecollaborative conversations<\/strong><\/p>\n<a href=\"https:\/\/sites.wp.odu.edu\/french201\/wp-content\/uploads\/sites\/6308\/2016\/12\/Level-1-Speaking-Tasks-Analytic-Rubric-1.pdf\" class=\"pdfemb-viewer\" style=\"\" data-width=\"max\" data-height=\"max\"  data-toolbar=\"bottom\" data-toolbar-fixed=\"off\">level-1-speaking-tasks-analytic-rubric<br\/><\/a>\n","protected":false},"excerpt":{"rendered":"<p>Cette rubrique analytique vous permet d\u2019\u00eatre inform\u00e9 sur comment vous allez \u00eatre \u00e9valu\u00e9 pour votre telecollaborative conversation This analytic rubric allows you to be informed about how you will be evaluated on your telecollaborative conversations<\/p>\n","protected":false},"author":8815,"featured_media":0,"parent":94,"menu_order":0,"comment_status":"closed","ping_status":"closed","template":"","meta":{"footnotes":""},"_links":{"self":[{"href":"https:\/\/sites.wp.odu.edu\/shanetolentinofr201\/wp-json\/wp\/v2\/pages\/116"}],"collection":[{"href":"https:\/\/sites.wp.odu.edu\/shanetolentinofr201\/wp-json\/wp\/v2\/pages"}],"about":[{"href":"https:\/\/sites.wp.odu.edu\/shanetolentinofr201\/wp-json\/wp\/v2\/types\/page"}],"author":[{"embeddable":true,"href":"https:\/\/sites.wp.odu.edu\/shanetolentinofr201\/wp-json\/wp\/v2\/users\/8815"}],"replies":[{"embeddable":true,"href":"https:\/\/sites.wp.odu.edu\/shanetolentinofr201\/wp-json\/wp\/v2\/comments?post=116"}],"version-history":[{"count":0,"href":"https:\/\/sites.wp.odu.edu\/shanetolentinofr201\/wp-json\/wp\/v2\/pages\/116\/revisions"}],"up":[{"embeddable":true,"href":"https:\/\/sites.wp.odu.edu\/shanetolentinofr201\/wp-json\/wp\/v2\/pages\/94"}],"wp:attachment":[{"href":"https:\/\/sites.wp.odu.edu\/shanetolentinofr201\/wp-json\/wp\/v2\/media?parent=116"}],"curies":[{"name":"wp","href":"https:\/\/api.w.org\/{rel}","templated":true}]}}