{"id":173,"date":"2021-04-30T00:59:56","date_gmt":"2021-04-30T00:59:56","guid":{"rendered":"https:\/\/wp.odu.edu\/odupresentationtemplate\/?page_id=2"},"modified":"2021-04-30T01:36:22","modified_gmt":"2021-04-30T01:36:22","slug":"sample-page-2","status":"publish","type":"page","link":"https:\/\/sites.wp.odu.edu\/shaquilegarces-phillips-span101f\/","title":{"rendered":"Home"},"content":{"rendered":"\n<p>Hola, mi nombre es Shaquile Garces-Phillips Soy de Virginia beach, Virginia. Actualmente voy a la Universidad Old Dominion para estudio psicolog\u00eda. Mientras voy a la escuela tambi\u00e9n trabajo en sentara Health Care en la quir\u00f3fano.  Una cosa que me gusta hacer es dibujar y otra cosa que no me gusta hace es bailar.  Por ultimo, mis padres y mi hermano tambi\u00e9n son de la playa de Virginia. El nombre de mi madre es tiffany, el nombre de mi padre es don, y los nombres de mis hermanos jalen y peque\u00f1o don.<\/p>\n\n\n\n<pre id=\"tw-target-text\" class=\"wp-block-preformatted\"><\/pre>\n","protected":false},"excerpt":{"rendered":"<p>Hola, mi nombre es Shaquile Garces-Phillips Soy de Virginia beach, Virginia. Actualmente voy a la Universidad Old Dominion para estudio psicolog\u00eda. Mientras voy a la escuela tambi\u00e9n trabajo en sentara Health Care en la quir\u00f3fano. Una cosa que me gusta hacer es dibujar y otra cosa que no me gusta hace es bailar. Por ultimo,&#8230; <\/p>\n<div class=\"link-more\"><a href=\"https:\/\/sites.wp.odu.edu\/shaquilegarces-phillips-span101f\/\">Read More<\/a><\/div>\n","protected":false},"author":20749,"featured_media":0,"parent":0,"menu_order":0,"comment_status":"closed","ping_status":"open","template":"","meta":{"footnotes":""},"_links":{"self":[{"href":"https:\/\/sites.wp.odu.edu\/shaquilegarces-phillips-span101f\/wp-json\/wp\/v2\/pages\/173"}],"collection":[{"href":"https:\/\/sites.wp.odu.edu\/shaquilegarces-phillips-span101f\/wp-json\/wp\/v2\/pages"}],"about":[{"href":"https:\/\/sites.wp.odu.edu\/shaquilegarces-phillips-span101f\/wp-json\/wp\/v2\/types\/page"}],"author":[{"embeddable":true,"href":"https:\/\/sites.wp.odu.edu\/shaquilegarces-phillips-span101f\/wp-json\/wp\/v2\/users\/20749"}],"replies":[{"embeddable":true,"href":"https:\/\/sites.wp.odu.edu\/shaquilegarces-phillips-span101f\/wp-json\/wp\/v2\/comments?post=173"}],"version-history":[{"count":4,"href":"https:\/\/sites.wp.odu.edu\/shaquilegarces-phillips-span101f\/wp-json\/wp\/v2\/pages\/173\/revisions"}],"predecessor-version":[{"id":487,"href":"https:\/\/sites.wp.odu.edu\/shaquilegarces-phillips-span101f\/wp-json\/wp\/v2\/pages\/173\/revisions\/487"}],"wp:attachment":[{"href":"https:\/\/sites.wp.odu.edu\/shaquilegarces-phillips-span101f\/wp-json\/wp\/v2\/media?parent=173"}],"curies":[{"name":"wp","href":"https:\/\/api.w.org\/{rel}","templated":true}]}}