{"id":441,"date":"2020-12-02T23:27:42","date_gmt":"2020-12-02T23:27:42","guid":{"rendered":"https:\/\/sites.wp.odu.edu\/basicspanishdraft2\/?page_id=441"},"modified":"2020-12-07T23:57:53","modified_gmt":"2020-12-07T23:57:53","slug":"activities-2","status":"publish","type":"page","link":"https:\/\/sites.wp.odu.edu\/shawnia-span101f\/activities-2\/","title":{"rendered":"Activities"},"content":{"rendered":"\n<h2 class=\"wp-block-heading\">Composition 1<\/h2>\n\n\n\n<p>Hola, amigos<\/p>\n\n\n\n<p>Quiero hablar de mi familia. Mi familia es peque\u00f1a. Empezar\u00e9 a hablar de mi padre. Mi padre se llama shawn. Mi padre es cuarenta a\u00f1os. Su cumplea\u00f1os es el doce de febrero. Mi padre es Viejo, aburrido y alto. Mi padre es Africano. Vive en Richmond, VA. A mi padre le gusta jugar al f\u00fatbol americano Mi padre es ingeniero y lo amo. Mi madre es mi persona favorite. Mi madre es cuarenta a\u00f1os. Su cumplea\u00f1os es el cuatro de julio. Mi madre es guapa, baja y gracioso. Mi madre &nbsp;tambi\u00e9n es Africana. Vive en Houston, TX. Mi madre es medico. A mi madre le gusta jugar al tenis. Amo a mi madre. No tengo hermanos ni hermanas. Tengo veinte anos. Estudio psicolog\u00eda en la universidad Old Dominion. Esta es mi familia. S\u00ed, amo a mi familia.<\/p>\n\n\n\n<p>Gracias,<\/p>\n\n\n\n<p>Shawniaya<\/p>\n\n\n\n<h2 class=\"wp-block-heading\">Final composition <\/h2>\n\n\n\n<p>Mi deporte importante &nbsp;es el f\u00fatbol de americano.&nbsp;Los jugadores practican en un estadio y&nbsp; en el parque &nbsp;por la tarde.&nbsp;El pr\u00f3ximo deporte es el voleibol. Los jugadores practicar en un el gimnasio. El \u00daltimo, deporte es el tenis. Los jugadores practican en &nbsp;la cancha de tenis y en &nbsp;el gimnasio.&nbsp;<\/p>\n\n\n\n<p>Los estudiantes de ODU tienen muchan &nbsp;diversi\u00f3n y pasatiempos.&nbsp;Estudiantes de la ODU&nbsp;&nbsp;les gusta pasar tiempo con sus amigos en el dormitorio por la tarde, comer en los restaurantes como el Webb durante hora de actividad&nbsp;. A los estudiantes De ODU les gusta montar en bicicleta fuera del campus en la ma\u00f1ana. &nbsp;Los estudiantes van al cine a ver pel\u00edculas los fines de semana en la tarde&nbsp;y &nbsp;ir el Centro de Norfolk.&nbsp;En el&nbsp; centro de Norfolk, los estudiantes van a comprar en MacArthur Mall.&nbsp;<\/p>\n\n\n\n<p>Finalmente, los estudiantes tienen muchan diversi\u00f3n y pasatiempos como ver y jugar \u00a0deportes. Los deportes y pasatiempos me amar ODU.<\/p>\n","protected":false},"excerpt":{"rendered":"<p>Composition 1 Hola, amigos Quiero hablar de mi familia. Mi familia es peque\u00f1a. Empezar\u00e9 a hablar de mi padre. Mi padre se llama shawn. Mi padre es cuarenta a\u00f1os. Su cumplea\u00f1os es el doce de febrero. Mi padre es Viejo, aburrido y alto. Mi padre es Africano. Vive en Richmond, VA. A mi padre le&#8230; <\/p>\n<div class=\"link-more\"><a href=\"https:\/\/sites.wp.odu.edu\/shawnia-span101f\/activities-2\/\">Read More<\/a><\/div>\n","protected":false},"author":18157,"featured_media":0,"parent":0,"menu_order":0,"comment_status":"closed","ping_status":"closed","template":"","meta":{"footnotes":""},"_links":{"self":[{"href":"https:\/\/sites.wp.odu.edu\/shawnia-span101f\/wp-json\/wp\/v2\/pages\/441"}],"collection":[{"href":"https:\/\/sites.wp.odu.edu\/shawnia-span101f\/wp-json\/wp\/v2\/pages"}],"about":[{"href":"https:\/\/sites.wp.odu.edu\/shawnia-span101f\/wp-json\/wp\/v2\/types\/page"}],"author":[{"embeddable":true,"href":"https:\/\/sites.wp.odu.edu\/shawnia-span101f\/wp-json\/wp\/v2\/users\/18157"}],"replies":[{"embeddable":true,"href":"https:\/\/sites.wp.odu.edu\/shawnia-span101f\/wp-json\/wp\/v2\/comments?post=441"}],"version-history":[{"count":1,"href":"https:\/\/sites.wp.odu.edu\/shawnia-span101f\/wp-json\/wp\/v2\/pages\/441\/revisions"}],"predecessor-version":[{"id":485,"href":"https:\/\/sites.wp.odu.edu\/shawnia-span101f\/wp-json\/wp\/v2\/pages\/441\/revisions\/485"}],"wp:attachment":[{"href":"https:\/\/sites.wp.odu.edu\/shawnia-span101f\/wp-json\/wp\/v2\/media?parent=441"}],"curies":[{"name":"wp","href":"https:\/\/api.w.org\/{rel}","templated":true}]}}