{"id":423,"date":"2023-07-02T16:43:03","date_gmt":"2023-07-02T16:43:03","guid":{"rendered":"https:\/\/sites.wp.odu.edu\/basicspanishdraft2\/?page_id=423"},"modified":"2023-08-03T03:17:19","modified_gmt":"2023-08-03T03:17:19","slug":"101-2","status":"publish","type":"page","link":"https:\/\/sites.wp.odu.edu\/simonefreemanspan101f\/101-2\/","title":{"rendered":"SPAN 101"},"content":{"rendered":"\n<p>Vocabulario<\/p>\n\n\n\n<p class=\"has-vivid-cyan-blue-color has-text-color\">LOS D\u00cdAS DE LA SEMANA<\/p>\n\n\n\n<p>lunes, martes, mi\u00e9rcoles, jueves, viernes, s\u00e1bado, domingo<\/p>\n\n\n\n<p class=\"has-vivid-cyan-blue-color has-text-color\">LOS MESES DEL A\u00d1O<\/p>\n\n\n\n<p>enero, febrero, marzo, abril, mayo, junio, julio, agosto, septiembre, octubre, noviembre, diciembre<\/p>\n\n\n\n<p class=\"has-vivid-cyan-blue-color has-text-color\">LAS ESTACIONES<\/p>\n\n\n\n<p>el oto\u00f1o, el invierno, la primavera, el verano<\/p>\n\n\n\n<p class=\"has-vivid-cyan-blue-color has-text-color\">ACTIVIDADES DIARIAS<\/p>\n\n\n\n<p>almorzar, desayunar, dormir, cenar, regresar <\/p>\n\n\n\n<p class=\"has-vivid-cyan-blue-color has-text-color\">ACEPTAR O RECHAZAR UNA INVITACI\u00d3N<\/p>\n\n\n\n<p>\u00a1Ay, no!, \u00a1Buena idea!, \u00a1Qu\u00e9 l\u00e1stima!<\/p>\n\n\n\n<p class=\"has-vivid-cyan-blue-color has-text-color\">CUALIDADES POSITIVAS<\/p>\n\n\n\n<p>abierto, alegre, amable, bondadoso, bueno, capaz, cari\u00f1oso, chistoso, compasivo, comprensivo, creativo<\/p>\n\n\n\n<p class=\"has-vivid-cyan-blue-color has-text-color\">PARA HABLAR DE PERSONAS ADMIRADAS<\/p>\n\n\n\n<p>acompa\u00f1ar, admirar, apoyar, ayudar, comer, compartir, comprender, conocer, crear, creer, cumplir <\/p>\n\n\n\n<p class=\"has-vivid-cyan-blue-color has-text-color\">EXPRESIONES PARA CARTAS FORMALES<\/p>\n\n\n\n<p>Querido, Estimado, Por la presente, quisiera nominar a, Quedo a su disposici\u00f3n para, Atentamente, Saludos cordiales<\/p>\n\n\n\n<p class=\"has-vivid-cyan-blue-color has-text-color\">LOS SALUDOS<\/p>\n\n\n\n<p>\u00a1Buenos d\u00edas!, \u00a1Buenas tardes!, \u00a1Buenas noches!, \u00a1Hola!<\/p>\n\n\n\n<p class=\"has-vivid-cyan-blue-color has-text-color\">LAS DESPEDIDAS<\/p>\n\n\n\n<p>\u00a1Adi\u00f3s! \/ \u00a1Chau!, \u00a1Hasta luego! See you later!, \u00a1Hasta ma\u00f1ana!, \u00a1Hasta pronto!, \u00a1Nos vemos!<\/p>\n","protected":false},"excerpt":{"rendered":"<p>Vocabulario LOS D\u00cdAS DE LA SEMANA lunes, martes, mi\u00e9rcoles, jueves, viernes, s\u00e1bado, domingo LOS MESES DEL A\u00d1O enero, febrero, marzo, abril, mayo, junio, julio, agosto, septiembre, octubre, noviembre, diciembre LAS ESTACIONES el oto\u00f1o, el invierno, la primavera, el verano ACTIVIDADES DIARIAS almorzar, desayunar, dormir, cenar, regresar ACEPTAR O RECHAZAR UNA INVITACI\u00d3N \u00a1Ay, no!, \u00a1Buena idea!,&#8230; <a href=\"https:\/\/sites.wp.odu.edu\/simonefreemanspan101f\/101-2\/\">read more &raquo;<\/a><\/p>\n","protected":false},"author":26953,"featured_media":0,"parent":0,"menu_order":0,"comment_status":"closed","ping_status":"closed","template":"","meta":{"footnotes":""},"_links":{"self":[{"href":"https:\/\/sites.wp.odu.edu\/simonefreemanspan101f\/wp-json\/wp\/v2\/pages\/423"}],"collection":[{"href":"https:\/\/sites.wp.odu.edu\/simonefreemanspan101f\/wp-json\/wp\/v2\/pages"}],"about":[{"href":"https:\/\/sites.wp.odu.edu\/simonefreemanspan101f\/wp-json\/wp\/v2\/types\/page"}],"author":[{"embeddable":true,"href":"https:\/\/sites.wp.odu.edu\/simonefreemanspan101f\/wp-json\/wp\/v2\/users\/26953"}],"replies":[{"embeddable":true,"href":"https:\/\/sites.wp.odu.edu\/simonefreemanspan101f\/wp-json\/wp\/v2\/comments?post=423"}],"version-history":[{"count":1,"href":"https:\/\/sites.wp.odu.edu\/simonefreemanspan101f\/wp-json\/wp\/v2\/pages\/423\/revisions"}],"predecessor-version":[{"id":509,"href":"https:\/\/sites.wp.odu.edu\/simonefreemanspan101f\/wp-json\/wp\/v2\/pages\/423\/revisions\/509"}],"wp:attachment":[{"href":"https:\/\/sites.wp.odu.edu\/simonefreemanspan101f\/wp-json\/wp\/v2\/media?parent=423"}],"curies":[{"name":"wp","href":"https:\/\/api.w.org\/{rel}","templated":true}]}}