{"id":173,"date":"2023-03-27T17:04:58","date_gmt":"2023-03-27T17:04:58","guid":{"rendered":"https:\/\/wp.odu.edu\/odupresentationtemplate\/?page_id=2"},"modified":"2023-03-27T17:08:07","modified_gmt":"2023-03-27T17:08:07","slug":"sample-page-2","status":"publish","type":"page","link":"https:\/\/sites.wp.odu.edu\/sp101\/","title":{"rendered":"About Me"},"content":{"rendered":"\n<p>Mi nombre es Sydney Walker. Mi especializaci\u00f3n es ingl\u00e9s. Me gusta aprender espa\u00f1ol porque me gusta estudiar idiomas. Es importante aprender otras idiomas, as\u00ed que puedo hablar con muchas personas diferentes. Quiero hablar espa\u00f1ol para trabajar. Tambi\u00e9n, creo que es importante aprender sobre otras culturas.<\/p>\n\n\n\n<p><\/p>\n\n\n\n<p><\/p>\n","protected":false},"excerpt":{"rendered":"<p>Mi nombre es Sydney Walker. Mi especializaci\u00f3n es ingl\u00e9s. Me gusta aprender espa\u00f1ol porque me gusta estudiar idiomas. Es importante aprender otras idiomas, as\u00ed que puedo hablar con muchas personas diferentes. Quiero hablar espa\u00f1ol para trabajar. Tambi\u00e9n, creo que es importante aprender sobre otras culturas.<\/p>\n","protected":false},"author":26460,"featured_media":0,"parent":0,"menu_order":0,"comment_status":"closed","ping_status":"open","template":"","meta":{"footnotes":""},"_links":{"self":[{"href":"https:\/\/sites.wp.odu.edu\/sp101\/wp-json\/wp\/v2\/pages\/173"}],"collection":[{"href":"https:\/\/sites.wp.odu.edu\/sp101\/wp-json\/wp\/v2\/pages"}],"about":[{"href":"https:\/\/sites.wp.odu.edu\/sp101\/wp-json\/wp\/v2\/types\/page"}],"author":[{"embeddable":true,"href":"https:\/\/sites.wp.odu.edu\/sp101\/wp-json\/wp\/v2\/users\/26460"}],"replies":[{"embeddable":true,"href":"https:\/\/sites.wp.odu.edu\/sp101\/wp-json\/wp\/v2\/comments?post=173"}],"version-history":[{"count":1,"href":"https:\/\/sites.wp.odu.edu\/sp101\/wp-json\/wp\/v2\/pages\/173\/revisions"}],"predecessor-version":[{"id":476,"href":"https:\/\/sites.wp.odu.edu\/sp101\/wp-json\/wp\/v2\/pages\/173\/revisions\/476"}],"wp:attachment":[{"href":"https:\/\/sites.wp.odu.edu\/sp101\/wp-json\/wp\/v2\/media?parent=173"}],"curies":[{"name":"wp","href":"https:\/\/api.w.org\/{rel}","templated":true}]}}