{"id":423,"date":"2023-03-27T17:04:58","date_gmt":"2023-03-27T17:04:58","guid":{"rendered":"https:\/\/sites.wp.odu.edu\/basicspanishdraft2\/?page_id=423"},"modified":"2023-04-19T21:11:45","modified_gmt":"2023-04-19T21:11:45","slug":"101-2","status":"publish","type":"page","link":"https:\/\/sites.wp.odu.edu\/sp101\/101-2\/","title":{"rendered":"SPAN 101"},"content":{"rendered":"\n<p><\/p>\n\n\n\n<h3 class=\"has-black-color has-text-color has-background wp-block-heading\" style=\"background-color:#7cb6a1\"><strong>Exploring Culture<\/strong><\/h3>\n\n\n\n<p>LingroLearning provides students with the opportunity to learn about other cultures through the  Exploraci\u00f3n Cultural activities. They consist of a section of general information about Spanish speaking countries and provide examples of how people in these other countries live. <\/p>\n\n\n\n<p><strong>La vida universitaria en los pa\u00edses hispanos, Exploraci\u00f3n 4-1 \u00bfQui\u00e9n?<\/strong><\/p>\n\n\n\n<p>\u00bfSabes que hay m\u00e1s de 20 millones de personas que\u00a0<strong>estudian<\/strong>\u00a0en universidades en el mundo hispano\u00a0actualmente? La experiencia de estos estudiantes es diferente de pa\u00eds a pa\u00eds, pero en general no hay\u00a0<strong>residencias estudiantiles<\/strong>\u00a0en las universidades y en muchos casos los estudiantes viven con sus familias mientras van a la universidad. El 70% de los estudiantes\u00a0<strong>universitarios<\/strong>\u00a0en Am\u00e9rica Latina son los primeros en su familia en\u00a0<strong>asistir<\/strong>\u00a0a la universidad. Muchos estudiantes trabajan para ayudar a sus familias o para\u00a0pagar\u00a0sus estudios. Lee sobre cuatro colaboradores culturales que\u00a0<strong>comparten<\/strong>\u00a0su experiencia como estudiantes universitarios.<\/p>\n\n\n\n<figure class=\"wp-block-image size-large\"><a href=\"http:\/\/sites.wp.odu.edu\/sp101\/wp-content\/uploads\/sites\/32978\/2023\/04\/students-lingro.png\"><img loading=\"lazy\" decoding=\"async\" width=\"1024\" height=\"684\" src=\"http:\/\/sites.wp.odu.edu\/sp101\/wp-content\/uploads\/sites\/32978\/2023\/04\/students-lingro-1024x684.png\" alt=\"\" class=\"wp-image-527\" srcset=\"https:\/\/sites.wp.odu.edu\/sp101\/wp-content\/uploads\/sites\/32978\/2023\/04\/students-lingro-1024x684.png 1024w, https:\/\/sites.wp.odu.edu\/sp101\/wp-content\/uploads\/sites\/32978\/2023\/04\/students-lingro-300x201.png 300w, https:\/\/sites.wp.odu.edu\/sp101\/wp-content\/uploads\/sites\/32978\/2023\/04\/students-lingro-768x513.png 768w, https:\/\/sites.wp.odu.edu\/sp101\/wp-content\/uploads\/sites\/32978\/2023\/04\/students-lingro-960x640.png 960w, https:\/\/sites.wp.odu.edu\/sp101\/wp-content\/uploads\/sites\/32978\/2023\/04\/students-lingro-449x300.png 449w, https:\/\/sites.wp.odu.edu\/sp101\/wp-content\/uploads\/sites\/32978\/2023\/04\/students-lingro.png 1131w\" sizes=\"(max-width: 1024px) 100vw, 1024px\" \/><\/a><\/figure>\n\n\n\n<p>These sections were helpful for me to compare how I live with other countries, as well as compare other Spanish speaking countries to each other. There are many Spanish speaking countries, all with their own rich and unique culture, so it is important to learn the distinctions between them. <\/p>\n\n\n\n<h3 class=\"has-background wp-block-heading\" style=\"background-color:#7cb6a1\"><strong>Engaging in Communities<\/strong><\/h3>\n\n\n\n<p>Engaging in your local community is important for personal development, as well as the development of communal ties. I like to practice Spanish with my daughter, and she enjoys reading Spanish stories from The Fable Cottage with me. She likes to practice what she has learned with her Latinx classmates at school and that helps create a cultural connection between them. I&#8217;m also an assistant Girl Scout troop leader and enjoy sharing The Fable Cottage videos with my troop. As a mother I believe it&#8217;s important to pass on knowledge, like languages, to the younger generation and cultivate a love for other cultures early in life. <\/p>\n\n\n\n<figure class=\"wp-block-embed is-type-video is-provider-youtube wp-block-embed-youtube wp-embed-aspect-16-9 wp-has-aspect-ratio\"><div class=\"wp-block-embed__wrapper\">\n<iframe loading=\"lazy\" title=\"Pollito Tito - Chicken Little in Spanish with English subtitles\" width=\"1000\" height=\"563\" src=\"https:\/\/www.youtube.com\/embed\/UijM1gt0-hM?feature=oembed\" frameborder=\"0\" allow=\"accelerometer; autoplay; clipboard-write; encrypted-media; gyroscope; picture-in-picture; web-share\" allowfullscreen><\/iframe>\n<\/div><figcaption class=\"wp-element-caption\">Our favorite story from The Fable Cottage: Pollito Tito<\/figcaption><\/figure>\n\n\n\n<p><\/p>\n\n\n\n<h3 class=\"has-background wp-block-heading\" style=\"background-color:#6eb3a9\"><strong>Interpersonal Communication<\/strong><\/h3>\n\n\n\n<p>LingroHub has Conversar activities which act as a forum in each section that allow for students to interact with each other and compare information. These usually consist of a student creating a post and other students reacting and sharing their opinion, similar to social media.<\/p>\n\n\n<a href=\"https:\/\/sites.wp.odu.edu\/sp101\/wp-content\/uploads\/sites\/32978\/2023\/04\/Conversar-4-25-Foro-de-conversacion_-\u00bfComo-es-la-universidad_-1.pdf\" class=\"pdfemb-viewer\" style=\"\" data-width=\"max\" data-height=\"max\"  data-toolbar=\"bottom\" data-toolbar-fixed=\"off\">Conversar-4-25-Foro-de-conversacion_-\u00bfComo-es-la-universidad_-1<br\/><\/a>\n<p class=\"wp-block-pdfemb-pdf-embedder-viewer\"><\/p>\n\n\n\n<p>Although these are not always the most effective exercises because they don&#8217;t allow for a lot of face-to-face conversational Spanish, they do encourage the spontaneous drafting of sentences and analyzing information in Spanish. This activity was helpful because it gave us a platform to discuss our university and what we like about it. <\/p>\n\n\n\n<h3 class=\"has-background wp-block-heading\" style=\"background-color:#7cb6a1\"><strong>Presentational Speaking<\/strong><\/h3>\n\n\n\n<p>For the Proyecto for unit 4, I made a video of my favorite places: the university orchid conservatory, the art student lounge and my home office. I enjoyed this project because it allowed me to be creative and expand my vocabulary to words that were relevant to my daily life. <\/p>\n\n\n\n<figure class=\"wp-block-embed is-type-video is-provider-youtube wp-block-embed-youtube wp-embed-aspect-16-9 wp-has-aspect-ratio\"><div class=\"wp-block-embed__wrapper\">\n<iframe loading=\"lazy\" title=\"Mis lugares favoritos- Proyecto 4 for Spanish 101\" width=\"1000\" height=\"563\" src=\"https:\/\/www.youtube.com\/embed\/Xka6EA5dLhE?feature=oembed\" frameborder=\"0\" allow=\"accelerometer; autoplay; clipboard-write; encrypted-media; gyroscope; picture-in-picture; web-share\" allowfullscreen><\/iframe>\n<\/div><figcaption class=\"wp-element-caption\">Mis lugares favoritos<\/figcaption><\/figure>\n\n\n\n<p>The LingroLearning program is, understandably, geared towards what the average college student would want to speak about. However, because my life doesn&#8217;t reflect that of an average college student, this project allowed me to learn vocabulary that is more suited to my daily life. Part of what made this project enjoyable is also what made it challenging. I had difficulty knowing which word was most appropriate for my project in some cases. For example, there are many words that can be used for an orchid greenhouse, such as invernadero, vivero, jard\u00edn bot\u00e1nico, or jard\u00edn de orqu\u00eddeas. <\/p>\n\n\n\n<h3 class=\"has-background wp-block-heading\" style=\"background-color:#7cb6a1\"><strong>Presentational Writing<\/strong><\/h3>\n\n\n\n<p>For LingroLearning, I created a project to show my schedule and reflect on my daily life. This included a completed calendar and short composition on how I spend my average week. <\/p>\n\n\n<a href=\"https:\/\/sites.wp.odu.edu\/sp101\/wp-content\/uploads\/sites\/32978\/2023\/04\/Proyecto3.pdf\" class=\"pdfemb-viewer\" style=\"\" data-width=\"max\" data-height=\"max\"  data-toolbar=\"bottom\" data-toolbar-fixed=\"off\">Proyecto3<br\/><\/a>\n<p class=\"wp-block-pdfemb-pdf-embedder-viewer\"><\/p>\n\n\n\n<p>It was helpful for learning new vocabulary to put my schedule in Spanish into a calendar. The familiar calendar format made it easier to see vocabulary and recognize what that word was based on what time slot it was in. I enjoy having my schedule in Spanish and hope that I can continue with the practice. The most difficult part of this project was narrowing down what is the most important information to include in the synopsis of my weekly schedule. I had to reflect on what was the most relevant and important to me to include.<\/p>\n\n\n\n<h3 class=\"has-background wp-block-heading\" style=\"background-color:#7cb6a1\"><strong>Interpretive Listening<\/strong><\/h3>\n\n\n\n<p>LingroLearning\u2019s Contresa\u00f1a: Texto for each unit provides students with examples on what their project needs to look like. It also gives students the opportunity to read and listen to Spanish speakers in contexts that make sense.<\/p>\n\n\n\n<figure class=\"wp-block-embed is-type-video is-provider-youtube wp-block-embed-youtube wp-embed-aspect-16-9 wp-has-aspect-ratio\"><div class=\"wp-block-embed__wrapper\">\n<iframe loading=\"lazy\" title=\"Contresa\u00f1a 4: Mi Universidad\" width=\"1000\" height=\"563\" src=\"https:\/\/www.youtube.com\/embed\/jcIsX7aiuUo?feature=oembed\" frameborder=\"0\" allow=\"accelerometer; autoplay; clipboard-write; encrypted-media; gyroscope; picture-in-picture; web-share\" allowfullscreen><\/iframe>\n<\/div><\/figure>\n\n\n\n<p>This activity gave me the opportunity to hear other Spanish speakers. I struggle to understand spoken Spanish so this was especially helpful for understanding the vocabulary for this section. It also provided context and examples on how I wanted my project to be.<\/p>\n\n\n\n<p><\/p>\n\n\n\n<h3 class=\"has-background wp-block-heading\" style=\"background-color:#7cb6a1\"><strong>Interpretive Reading<\/strong><\/h3>\n\n\n\n<p>The Exploraci\u00f3n Cultural section in LingroLearning helped develop my skills for investigating other cultures in Spanish. These activities encourage you to do &#8220;wildcard&#8221; internet searches in Spanish to stretch your understanding of the language. <\/p>\n\n\n\n<figure class=\"wp-block-image size-large\"><a href=\"http:\/\/sites.wp.odu.edu\/sp101\/wp-content\/uploads\/sites\/32978\/2023\/04\/Screenshot-Spanish-siesta.png\"><img loading=\"lazy\" decoding=\"async\" width=\"1024\" height=\"445\" src=\"http:\/\/sites.wp.odu.edu\/sp101\/wp-content\/uploads\/sites\/32978\/2023\/04\/Screenshot-Spanish-siesta-1024x445.png\" alt=\"\" class=\"wp-image-512\" srcset=\"https:\/\/sites.wp.odu.edu\/sp101\/wp-content\/uploads\/sites\/32978\/2023\/04\/Screenshot-Spanish-siesta-1024x445.png 1024w, https:\/\/sites.wp.odu.edu\/sp101\/wp-content\/uploads\/sites\/32978\/2023\/04\/Screenshot-Spanish-siesta-300x130.png 300w, https:\/\/sites.wp.odu.edu\/sp101\/wp-content\/uploads\/sites\/32978\/2023\/04\/Screenshot-Spanish-siesta-768x334.png 768w, https:\/\/sites.wp.odu.edu\/sp101\/wp-content\/uploads\/sites\/32978\/2023\/04\/Screenshot-Spanish-siesta-600x261.png 600w, https:\/\/sites.wp.odu.edu\/sp101\/wp-content\/uploads\/sites\/32978\/2023\/04\/Screenshot-Spanish-siesta.png 1096w\" sizes=\"(max-width: 1024px) 100vw, 1024px\" \/><\/a><\/figure>\n\n\n\n<p>These activities encouraged me to practice my Spanish outside of the curriculum as well as investigate how other cultures live their daily lives. The Exploraci\u00f3n Cultural sections in the curriculum allowed me to learn how people in Spanish speaking countries interact with technology, what their college life is like and how the typical workday is structured. These are common points of interest in many cultures, so knowing how to communicate about them makes it easier to make connections with other people in those countries. It was interesting to learn that d<em>ormir la siesta<\/em> is still a valued tradition in Peru. It was sad to learn that even in these countries that practice <em>la siesta<\/em> there are still people who much work so hard that they still do not have time to partake in the tradition. This is particularly tragic in hot countries who practice <em>la siesta<\/em> as a way to rest during the hottest part of the day.&nbsp;<\/p>\n","protected":false},"excerpt":{"rendered":"<p>Exploring Culture LingroLearning provides students with the opportunity to learn about other cultures through the Exploraci\u00f3n Cultural activities. They consist of a section of general information about Spanish speaking countries and provide examples of how people in these other countries live. La vida universitaria en los pa\u00edses hispanos, Exploraci\u00f3n 4-1 \u00bfQui\u00e9n? \u00bfSabes que hay m\u00e1s&#8230; <\/p>\n<div class=\"link-more\"><a href=\"https:\/\/sites.wp.odu.edu\/sp101\/101-2\/\">Read More<\/a><\/div>\n","protected":false},"author":26460,"featured_media":0,"parent":0,"menu_order":0,"comment_status":"closed","ping_status":"closed","template":"","meta":{"footnotes":""},"_links":{"self":[{"href":"https:\/\/sites.wp.odu.edu\/sp101\/wp-json\/wp\/v2\/pages\/423"}],"collection":[{"href":"https:\/\/sites.wp.odu.edu\/sp101\/wp-json\/wp\/v2\/pages"}],"about":[{"href":"https:\/\/sites.wp.odu.edu\/sp101\/wp-json\/wp\/v2\/types\/page"}],"author":[{"embeddable":true,"href":"https:\/\/sites.wp.odu.edu\/sp101\/wp-json\/wp\/v2\/users\/26460"}],"replies":[{"embeddable":true,"href":"https:\/\/sites.wp.odu.edu\/sp101\/wp-json\/wp\/v2\/comments?post=423"}],"version-history":[{"count":4,"href":"https:\/\/sites.wp.odu.edu\/sp101\/wp-json\/wp\/v2\/pages\/423\/revisions"}],"predecessor-version":[{"id":532,"href":"https:\/\/sites.wp.odu.edu\/sp101\/wp-json\/wp\/v2\/pages\/423\/revisions\/532"}],"wp:attachment":[{"href":"https:\/\/sites.wp.odu.edu\/sp101\/wp-json\/wp\/v2\/media?parent=423"}],"curies":[{"name":"wp","href":"https:\/\/api.w.org\/{rel}","templated":true}]}}