{"id":423,"date":"2023-04-05T15:28:37","date_gmt":"2023-04-05T15:28:37","guid":{"rendered":"https:\/\/sites.wp.odu.edu\/basicspanishdraft2\/?page_id=423"},"modified":"2023-04-12T17:12:21","modified_gmt":"2023-04-12T17:12:21","slug":"101-2","status":"publish","type":"page","link":"https:\/\/sites.wp.odu.edu\/span101egamble\/101-2\/","title":{"rendered":"SPAN 101"},"content":{"rendered":"\n<p><strong>Proyecto 1:<\/strong><\/p>\n\n\n\n<p>Me llamo Emma. Yo estoy cansado y reljada. Yo soy estudiosa y activa. Yo so de Washington. Mi ciudad se llama Portsmouth. Mi cumplea\u00f1os es el 2 de Abril. Yo tengo 25 a\u00f1os. Mi n\u00famero de telefono es 3-60-5-55-55-55. Igualmente. \u00a1Chao!<\/p>\n\n\n\n<p><strong>Proyecto 2:<\/strong><\/p>\n\n\n\n<p><a href=\"https:\/\/drive.google.com\/file\/d\/1XeXx0zCTmwapNEz8Kv_py11QWlyEERHL\/view?usp=sharing\">https:\/\/drive.google.com\/file\/d\/1XeXx0zCTmwapNEz8Kv_py11QWlyEERHL\/view?usp=sharing<\/a><\/p>\n\n\n\n<p><\/p>\n\n\n\n<p><strong>Proyecto 3:<\/strong><\/p>\n\n\n\n<p>Mi Horario<\/p>\n\n\n\n<p>Tengo clase de arte a la una de la tarde los lunes y meircoles.<\/p>\n\n\n\n<p>Clase de Espa\u00f1ol es a las once de la ma\u00f1ana los lunes, meircoles y viernes.<\/p>\n\n\n\n<p>Tengo que ir a la clase de Ingl\u00e9s es el mediod\u00eda los martes y jueves.<\/p>\n\n\n\n<p>Tengo clase de bibliog\u00eda a las tres de la tarde los martes y jueves.<\/p>\n\n\n\n<p>Mi clase de hisotria es a las nueve de la ma\u00f1ana el meircoles.<\/p>\n\n\n\n<p>Me gusta la clase de arte la clase de arte porque es interesante.<\/p>\n\n\n\n<p>Me gusta la clase de Espa\u00f1ol porque es emocinada.<\/p>\n\n\n\n<p>No me gusta la clase de Ingl\u00e9s porque es aburrida.<\/p>\n\n\n\n<p>No me gusta la clase de bibliog\u00eda porque es dif\u00edcil.<\/p>\n\n\n\n<p>Me gusta la clase de historia porque es fac\u00edl.<\/p>\n\n\n\n<p>\u00bfA que hora es la clase de arte?<\/p>\n\n\n\n<p>\u00bfTienes clase de bibliog\u00eda el martes?<\/p>\n\n\n\n<p>\u00bf Qu\u00e9 d\u00edas tienes clase de Espa\u00f1ol?<\/p>\n\n\n\n<p>\u00bfCu\u00e1ndo tienes clase de Ingl\u00e9s?<\/p>\n\n\n\n<p>\u00bfComo esta tu profesor de arte?<\/p>\n\n\n\n<p><\/p>\n\n\n\n<p><strong>Proyecto 4:<\/strong><\/p>\n\n\n\n<p><a href=\"https:\/\/drive.google.com\/file\/d\/1d7W7gOB5--L9GGoCpByC6lTpp3b33hGl\/view?usp=share_link\">https:\/\/drive.google.com\/file\/d\/1d7W7gOB5&#8211;L9GGoCpByC6lTpp3b33hGl\/view?usp=share_link<\/a><\/p>\n","protected":false},"excerpt":{"rendered":"<p>Proyecto 1: Me llamo Emma. Yo estoy cansado y reljada. Yo soy estudiosa y activa. Yo so de Washington. Mi ciudad se llama Portsmouth. Mi cumplea\u00f1os es el 2 de Abril. Yo tengo 25 a\u00f1os. Mi n\u00famero de telefono es 3-60-5-55-55-55. Igualmente. \u00a1Chao! Proyecto 2: https:\/\/drive.google.com\/file\/d\/1XeXx0zCTmwapNEz8Kv_py11QWlyEERHL\/view?usp=sharing Proyecto 3: Mi Horario Tengo clase de arte a&#8230; <\/p>\n<div class=\"link-more\"><a href=\"https:\/\/sites.wp.odu.edu\/span101egamble\/101-2\/\">Read More<\/a><\/div>\n","protected":false},"author":26522,"featured_media":0,"parent":0,"menu_order":0,"comment_status":"closed","ping_status":"closed","template":"","meta":{"footnotes":""},"_links":{"self":[{"href":"https:\/\/sites.wp.odu.edu\/span101egamble\/wp-json\/wp\/v2\/pages\/423"}],"collection":[{"href":"https:\/\/sites.wp.odu.edu\/span101egamble\/wp-json\/wp\/v2\/pages"}],"about":[{"href":"https:\/\/sites.wp.odu.edu\/span101egamble\/wp-json\/wp\/v2\/types\/page"}],"author":[{"embeddable":true,"href":"https:\/\/sites.wp.odu.edu\/span101egamble\/wp-json\/wp\/v2\/users\/26522"}],"replies":[{"embeddable":true,"href":"https:\/\/sites.wp.odu.edu\/span101egamble\/wp-json\/wp\/v2\/comments?post=423"}],"version-history":[{"count":2,"href":"https:\/\/sites.wp.odu.edu\/span101egamble\/wp-json\/wp\/v2\/pages\/423\/revisions"}],"predecessor-version":[{"id":479,"href":"https:\/\/sites.wp.odu.edu\/span101egamble\/wp-json\/wp\/v2\/pages\/423\/revisions\/479"}],"wp:attachment":[{"href":"https:\/\/sites.wp.odu.edu\/span101egamble\/wp-json\/wp\/v2\/media?parent=423"}],"curies":[{"name":"wp","href":"https:\/\/api.w.org\/{rel}","templated":true}]}}