{"id":217,"date":"2023-03-27T15:12:18","date_gmt":"2023-03-27T15:12:18","guid":{"rendered":"https:\/\/sites.wp.odu.edu\/basicspanishdraft\/?page_id=217"},"modified":"2023-04-21T20:28:34","modified_gmt":"2023-04-21T20:28:34","slug":"bio","status":"publish","type":"page","link":"https:\/\/sites.wp.odu.edu\/span101fme\/bio\/","title":{"rendered":"About Me"},"content":{"rendered":"\n<figure class=\"wp-block-image size-full is-resized\"><a href=\"https:\/\/sites.wp.odu.edu\/span101fme\/wp-content\/uploads\/sites\/32972\/2023\/04\/323179383_714463563364482_5390789925862879175_n.jpg\"><img loading=\"lazy\" decoding=\"async\" src=\"https:\/\/sites.wp.odu.edu\/span101fme\/wp-content\/uploads\/sites\/32972\/2023\/04\/323179383_714463563364482_5390789925862879175_n.jpg\" alt=\"\" class=\"wp-image-505\" width=\"125\" height=\"167\" srcset=\"https:\/\/sites.wp.odu.edu\/span101fme\/wp-content\/uploads\/sites\/32972\/2023\/04\/323179383_714463563364482_5390789925862879175_n.jpg 240w, https:\/\/sites.wp.odu.edu\/span101fme\/wp-content\/uploads\/sites\/32972\/2023\/04\/323179383_714463563364482_5390789925862879175_n-225x300.jpg 225w\" sizes=\"(max-width: 125px) 100vw, 125px\" \/><\/a><\/figure>\n\n\n\n<p>Hola, me llamo es Mycaila. Soy de Newport News, Virginia. Soy atletica, relajada, abierta, inteligente y t\u00edmida. Yo tambi\u00e9n es muy alto. Tengo veinte a\u00f1os. Mi cumpleanos es veintitres de febrero del dos mil tres.<\/p>\n\n\n\n<p>Me gusta pintar y dormir por la noche pero no me gusta pintar por la ma\u00f1ana. Me gusta voy ir al gimnasio por la noche a ejercicio.<\/p>\n\n\n\n<figure class=\"wp-block-image size-large\"><a href=\"https:\/\/sites.wp.odu.edu\/span101fme\/wp-content\/uploads\/sites\/32972\/2023\/04\/Old_Dominion_University_Student_Recreation_Center-scaled.jpg\"><img loading=\"lazy\" decoding=\"async\" width=\"1024\" height=\"768\" src=\"https:\/\/sites.wp.odu.edu\/span101fme\/wp-content\/uploads\/sites\/32972\/2023\/04\/Old_Dominion_University_Student_Recreation_Center-1024x768.jpg\" alt=\"\" class=\"wp-image-504\" srcset=\"https:\/\/sites.wp.odu.edu\/span101fme\/wp-content\/uploads\/sites\/32972\/2023\/04\/Old_Dominion_University_Student_Recreation_Center-1024x768.jpg 1024w, https:\/\/sites.wp.odu.edu\/span101fme\/wp-content\/uploads\/sites\/32972\/2023\/04\/Old_Dominion_University_Student_Recreation_Center-300x225.jpg 300w, https:\/\/sites.wp.odu.edu\/span101fme\/wp-content\/uploads\/sites\/32972\/2023\/04\/Old_Dominion_University_Student_Recreation_Center-768x576.jpg 768w, https:\/\/sites.wp.odu.edu\/span101fme\/wp-content\/uploads\/sites\/32972\/2023\/04\/Old_Dominion_University_Student_Recreation_Center-1536x1152.jpg 1536w, https:\/\/sites.wp.odu.edu\/span101fme\/wp-content\/uploads\/sites\/32972\/2023\/04\/Old_Dominion_University_Student_Recreation_Center-2048x1536.jpg 2048w, https:\/\/sites.wp.odu.edu\/span101fme\/wp-content\/uploads\/sites\/32972\/2023\/04\/Old_Dominion_University_Student_Recreation_Center-400x300.jpg 400w\" sizes=\"(max-width: 1024px) 100vw, 1024px\" \/><\/a><\/figure>\n\n\n\n<p>Yo estudi\u00f3 criminolog\u00eda en Old Dominion University. <\/p>\n\n\n\n<p><\/p>\n","protected":false},"excerpt":{"rendered":"<p>Hola, me llamo es Mycaila. Soy de Newport News, Virginia. Soy atletica, relajada, abierta, inteligente y t\u00edmida. Yo tambi\u00e9n es muy alto. Tengo veinte a\u00f1os. Mi cumpleanos es veintitres de febrero del dos mil tres. Me gusta pintar y dormir por la noche pero no me gusta pintar por la ma\u00f1ana. Me gusta voy ir&#8230; <\/p>\n<div class=\"link-more\"><a href=\"https:\/\/sites.wp.odu.edu\/span101fme\/bio\/\">Read More<\/a><\/div>\n","protected":false},"author":26452,"featured_media":0,"parent":0,"menu_order":0,"comment_status":"closed","ping_status":"closed","template":"","meta":{"footnotes":""},"_links":{"self":[{"href":"https:\/\/sites.wp.odu.edu\/span101fme\/wp-json\/wp\/v2\/pages\/217"}],"collection":[{"href":"https:\/\/sites.wp.odu.edu\/span101fme\/wp-json\/wp\/v2\/pages"}],"about":[{"href":"https:\/\/sites.wp.odu.edu\/span101fme\/wp-json\/wp\/v2\/types\/page"}],"author":[{"embeddable":true,"href":"https:\/\/sites.wp.odu.edu\/span101fme\/wp-json\/wp\/v2\/users\/26452"}],"replies":[{"embeddable":true,"href":"https:\/\/sites.wp.odu.edu\/span101fme\/wp-json\/wp\/v2\/comments?post=217"}],"version-history":[{"count":3,"href":"https:\/\/sites.wp.odu.edu\/span101fme\/wp-json\/wp\/v2\/pages\/217\/revisions"}],"predecessor-version":[{"id":506,"href":"https:\/\/sites.wp.odu.edu\/span101fme\/wp-json\/wp\/v2\/pages\/217\/revisions\/506"}],"wp:attachment":[{"href":"https:\/\/sites.wp.odu.edu\/span101fme\/wp-json\/wp\/v2\/media?parent=217"}],"curies":[{"name":"wp","href":"https:\/\/api.w.org\/{rel}","templated":true}]}}