{"id":217,"date":"2023-03-27T18:20:49","date_gmt":"2023-03-27T18:20:49","guid":{"rendered":"https:\/\/sites.wp.odu.edu\/basicspanishdraft\/?page_id=217"},"modified":"2023-04-25T03:55:28","modified_gmt":"2023-04-25T03:55:28","slug":"bio","status":"publish","type":"page","link":"https:\/\/sites.wp.odu.edu\/span101mdk\/bio\/","title":{"rendered":"About Me"},"content":{"rendered":"\n<p>Hola, me llamo Mekhi. Yo soy de Virginia Beach. Mi cumpleanos es el vienticinco de mayo. Estudio ingles en mi universidad.<\/p>\n\n\n\n<p id=\"tw-target-text\">Estoy inscrito en la Universidad Old Dominion, estoy en mi primer a\u00f1o. Tengo 4 clases. Historia, Comunicaci\u00f3n, Espa\u00f1ol y Filosof\u00eda. Mi especialidad es el ingl\u00e9s a partir de ahora. Todav\u00eda estoy un poco indeciso, ya que me inclino por las Comunicaciones. Soy streamer y me gusta leer. Vivo en casa con mi mam\u00e1 y mi hermana. Cuando no estoy en la escuela, estoy en el trabajo. Trabajo en una tienda de muebles y colchones en Norfolk. En el verano soy gerente minorista a tiempo completo. Espero aprender m\u00e1s sobre espa\u00f1ol y ampliar mis conocimientos en este idioma.<\/p>\n","protected":false},"excerpt":{"rendered":"<p>Hola, me llamo Mekhi. Yo soy de Virginia Beach. Mi cumpleanos es el vienticinco de mayo. Estudio ingles en mi universidad. Estoy inscrito en la Universidad Old Dominion, estoy en mi primer a\u00f1o. Tengo 4 clases. Historia, Comunicaci\u00f3n, Espa\u00f1ol y Filosof\u00eda. Mi especialidad es el ingl\u00e9s a partir de ahora. Todav\u00eda estoy un poco indeciso,&#8230; <\/p>\n<div class=\"link-more\"><a href=\"https:\/\/sites.wp.odu.edu\/span101mdk\/bio\/\">Read More<\/a><\/div>\n","protected":false},"author":26471,"featured_media":0,"parent":0,"menu_order":0,"comment_status":"closed","ping_status":"closed","template":"","meta":{"footnotes":""},"_links":{"self":[{"href":"https:\/\/sites.wp.odu.edu\/span101mdk\/wp-json\/wp\/v2\/pages\/217"}],"collection":[{"href":"https:\/\/sites.wp.odu.edu\/span101mdk\/wp-json\/wp\/v2\/pages"}],"about":[{"href":"https:\/\/sites.wp.odu.edu\/span101mdk\/wp-json\/wp\/v2\/types\/page"}],"author":[{"embeddable":true,"href":"https:\/\/sites.wp.odu.edu\/span101mdk\/wp-json\/wp\/v2\/users\/26471"}],"replies":[{"embeddable":true,"href":"https:\/\/sites.wp.odu.edu\/span101mdk\/wp-json\/wp\/v2\/comments?post=217"}],"version-history":[{"count":1,"href":"https:\/\/sites.wp.odu.edu\/span101mdk\/wp-json\/wp\/v2\/pages\/217\/revisions"}],"predecessor-version":[{"id":484,"href":"https:\/\/sites.wp.odu.edu\/span101mdk\/wp-json\/wp\/v2\/pages\/217\/revisions\/484"}],"wp:attachment":[{"href":"https:\/\/sites.wp.odu.edu\/span101mdk\/wp-json\/wp\/v2\/media?parent=217"}],"curies":[{"name":"wp","href":"https:\/\/api.w.org\/{rel}","templated":true}]}}