{"id":173,"date":"2023-03-27T15:12:17","date_gmt":"2023-03-27T15:12:17","guid":{"rendered":"https:\/\/wp.odu.edu\/odupresentationtemplate\/?page_id=2"},"modified":"2023-03-27T15:20:41","modified_gmt":"2023-03-27T15:20:41","slug":"sample-page-2","status":"publish","type":"page","link":"https:\/\/sites.wp.odu.edu\/span101spr23watson\/","title":{"rendered":"Home"},"content":{"rendered":"\n<p>\u00a1Hola! Mi nombre es John Watson. Soy de Alexandria, Virginia. Mi especialidad es Ingenier\u00eda Civil. Mis clases son C\u00e1lculo, Espa\u00f1ol, y Tecnolog\u00eda de Ingenier\u00eda.<\/p>\n\n\n\n<p><\/p>\n\n\n\n<p><\/p>\n","protected":false},"excerpt":{"rendered":"<p>\u00a1Hola! Mi nombre es John Watson. Soy de Alexandria, Virginia. Mi especialidad es Ingenier\u00eda Civil. Mis clases son C\u00e1lculo, Espa\u00f1ol, y Tecnolog\u00eda de Ingenier\u00eda.<\/p>\n","protected":false},"author":26456,"featured_media":0,"parent":0,"menu_order":0,"comment_status":"closed","ping_status":"open","template":"","meta":{"footnotes":""},"_links":{"self":[{"href":"https:\/\/sites.wp.odu.edu\/span101spr23watson\/wp-json\/wp\/v2\/pages\/173"}],"collection":[{"href":"https:\/\/sites.wp.odu.edu\/span101spr23watson\/wp-json\/wp\/v2\/pages"}],"about":[{"href":"https:\/\/sites.wp.odu.edu\/span101spr23watson\/wp-json\/wp\/v2\/types\/page"}],"author":[{"embeddable":true,"href":"https:\/\/sites.wp.odu.edu\/span101spr23watson\/wp-json\/wp\/v2\/users\/26456"}],"replies":[{"embeddable":true,"href":"https:\/\/sites.wp.odu.edu\/span101spr23watson\/wp-json\/wp\/v2\/comments?post=173"}],"version-history":[{"count":1,"href":"https:\/\/sites.wp.odu.edu\/span101spr23watson\/wp-json\/wp\/v2\/pages\/173\/revisions"}],"predecessor-version":[{"id":477,"href":"https:\/\/sites.wp.odu.edu\/span101spr23watson\/wp-json\/wp\/v2\/pages\/173\/revisions\/477"}],"wp:attachment":[{"href":"https:\/\/sites.wp.odu.edu\/span101spr23watson\/wp-json\/wp\/v2\/media?parent=173"}],"curies":[{"name":"wp","href":"https:\/\/api.w.org\/{rel}","templated":true}]}}