{"id":31,"date":"2023-07-02T20:32:13","date_gmt":"2023-07-02T20:32:13","guid":{"rendered":"http:\/\/totesa.website\/student\/?page_id=31"},"modified":"2023-08-04T03:01:15","modified_gmt":"2023-08-04T03:01:15","slug":"about-me","status":"publish","type":"page","link":"https:\/\/sites.wp.odu.edu\/span201aruss011\/","title":{"rendered":"\u00a1Hola! \u00a1Soy Mari!"},"content":{"rendered":"<p><img loading=\"lazy\" decoding=\"async\" class=\" wp-image-462 aligncenter\" src=\"https:\/\/sites.wp.odu.edu\/span201aruss011\/\/opt\/rh\/httpd24\/root\/usr\/share\/wordpress\/wp-content\/uploads\/sites\/11712\/2018\/10\/Who-am-I-for-About-me.png\" alt=\"\" width=\"462\" height=\"276\" \/><\/p>\n<p>Hola a todos! Me llamo Mari. Mi especialidad es la representacion teatral. Mi familia son de Panama y Colombia, pero yo vivo en los Estado Unidos. Soy Paname\u00f1a y Colombiana, y morena y Nativa Americana. puedo hablar espa\u00f1ol, pero me da miedo hablar espa\u00f1ol con otros personas. Quiero aprendar mas espa\u00f1ol en la clase, y poder hablar mas.<\/p>\n<div class=\"iYB33c\">\n<div id=\"tw-tmenu\" class=\"tw-menu\">\u00a0<\/div>\n<\/div>\n\n\n<figure class=\"wp-block-image is-resized\"><img loading=\"lazy\" decoding=\"async\" src=\"http:\/\/sites.wp.odu.edu\/span201aruss011\/wp-content\/uploads\/sites\/33643\/2023\/08\/Headshot-10.jpg\" alt=\"\" class=\"wp-image-529\" width=\"285\" height=\"566\" srcset=\"https:\/\/sites.wp.odu.edu\/span201aruss011\/wp-content\/uploads\/sites\/33643\/2023\/08\/Headshot-10.jpg 652w, https:\/\/sites.wp.odu.edu\/span201aruss011\/wp-content\/uploads\/sites\/33643\/2023\/08\/Headshot-10-151x300.jpg 151w, https:\/\/sites.wp.odu.edu\/span201aruss011\/wp-content\/uploads\/sites\/33643\/2023\/08\/Headshot-10-516x1024.jpg 516w, https:\/\/sites.wp.odu.edu\/span201aruss011\/wp-content\/uploads\/sites\/33643\/2023\/08\/Headshot-10-205x406.jpg 205w\" sizes=\"(max-width: 285px) 100vw, 285px\" \/><\/figure>\n","protected":false},"excerpt":{"rendered":"<p>Hola a todos! Me llamo Mari. Mi especialidad es la representacion teatral. Mi familia son de Panama y Colombia, pero yo vivo en los Estado Unidos. Soy Paname\u00f1a y Colombiana, y morena y Nativa Americana. puedo hablar espa\u00f1ol, pero me da miedo hablar espa\u00f1ol con otros personas. Quiero aprendar mas espa\u00f1ol en la clase, y &hellip; <a href=\"https:\/\/sites.wp.odu.edu\/span201aruss011\/\" class=\"more-link\">Continue reading <span class=\"screen-reader-text\">\u00a1Hola! \u00a1Soy Mari!<\/span><\/a><\/p>\n","protected":false},"author":13137,"featured_media":0,"parent":0,"menu_order":0,"comment_status":"closed","ping_status":"closed","template":"full-width.php","meta":{"footnotes":""},"_links":{"self":[{"href":"https:\/\/sites.wp.odu.edu\/span201aruss011\/wp-json\/wp\/v2\/pages\/31"}],"collection":[{"href":"https:\/\/sites.wp.odu.edu\/span201aruss011\/wp-json\/wp\/v2\/pages"}],"about":[{"href":"https:\/\/sites.wp.odu.edu\/span201aruss011\/wp-json\/wp\/v2\/types\/page"}],"author":[{"embeddable":true,"href":"https:\/\/sites.wp.odu.edu\/span201aruss011\/wp-json\/wp\/v2\/users\/13137"}],"replies":[{"embeddable":true,"href":"https:\/\/sites.wp.odu.edu\/span201aruss011\/wp-json\/wp\/v2\/comments?post=31"}],"version-history":[{"count":4,"href":"https:\/\/sites.wp.odu.edu\/span201aruss011\/wp-json\/wp\/v2\/pages\/31\/revisions"}],"predecessor-version":[{"id":532,"href":"https:\/\/sites.wp.odu.edu\/span201aruss011\/wp-json\/wp\/v2\/pages\/31\/revisions\/532"}],"wp:attachment":[{"href":"https:\/\/sites.wp.odu.edu\/span201aruss011\/wp-json\/wp\/v2\/media?parent=31"}],"curies":[{"name":"wp","href":"https:\/\/api.w.org\/{rel}","templated":true}]}}