{"id":423,"date":"2022-12-05T19:39:22","date_gmt":"2022-12-05T19:39:22","guid":{"rendered":"https:\/\/sites.wp.odu.edu\/basicspanishdraft2\/?page_id=423"},"modified":"2025-04-27T21:51:42","modified_gmt":"2025-04-27T21:51:42","slug":"101-2","status":"publish","type":"page","link":"https:\/\/sites.wp.odu.edu\/span202eportfolio\/101-2\/","title":{"rendered":"SPAN 366"},"content":{"rendered":"\n<p>Business Spanish<\/p>\n\n\n\n<div class=\"wp-block-file\"><a id=\"wp-block-file--media-a06711b3-6cd8-4f5b-a077-45c4bf7abd80\" href=\"https:\/\/sites.wp.odu.edu\/span202eportfolio\/wp-content\/uploads\/sites\/31624\/2025\/04\/carta-comercial.docx\">carta-comercial<\/a><a href=\"https:\/\/sites.wp.odu.edu\/span202eportfolio\/wp-content\/uploads\/sites\/31624\/2025\/04\/carta-comercial.docx\" class=\"wp-block-file__button wp-element-button\" download aria-describedby=\"wp-block-file--media-a06711b3-6cd8-4f5b-a077-45c4bf7abd80\">Download<\/a><\/div>\n\n\n\n<p>La carta comercial es un documento de negocio para comunicar una propuesta a un otro negocio o empresa. Esta tarea me prepara para el mundo del trabajo por crear habilidades de comunicaci\u00f3n claras. Es importante en las oficinas y cuando comunico con los colegas. La tarea ense\u00f1a atenci\u00f3n a los detalles como tono, formato, y gram\u00e1tico que es importante para impresionar los clientes y las otras empresas. En todo, practicando escribir de las cartas comerciales me ayudar\u00e1 con comunicaci\u00f3n en la oficina luego.<\/p>\n\n\n\n<div class=\"wp-block-file\"><a id=\"wp-block-file--media-081de515-ae0c-4406-9a24-d596b593d407\" href=\"https:\/\/sites.wp.odu.edu\/span202eportfolio\/wp-content\/uploads\/sites\/31624\/2025\/04\/carta-de-presentacio\u0301n.docx\">carta-de-presentacio\u0301n<\/a><a href=\"https:\/\/sites.wp.odu.edu\/span202eportfolio\/wp-content\/uploads\/sites\/31624\/2025\/04\/carta-de-presentacio\u0301n.docx\" class=\"wp-block-file__button wp-element-button\" download aria-describedby=\"wp-block-file--media-081de515-ae0c-4406-9a24-d596b593d407\">Download <\/a><\/div>\n\n\n\n<p>Una carta de presentaci\u00f3n es un documento que me introduce a los empleadores un poco m\u00e1s de un curr\u00edculum. Me prepara para las oficinas porque me ense\u00f1a como presentarme en una manera profesional y compartir mis fuertes. He aprendido como crear un mensaje espec\u00edfico depende de la situaci\u00f3n o la audiencia. Para esto practiqu\u00e9 tener confianza pero no sonar arrogante. Un aspecto importante de la carta de presentaci\u00f3n es conectar mis experiencias con las necesidades de la empresa. Cuando practico escribir las cartas de presentaci\u00f3n ahora, ser\u00e1 m\u00e1s f\u00e1cil para escribir en el futuro. Esto me ayudar\u00e1 ganar la atenci\u00f3n de los empleadores en un mercado del trabajo competitivo. <\/p>\n\n\n\n<div class=\"wp-block-file\"><a id=\"wp-block-file--media-b3f2d2a5-ce90-459b-b51a-41bafc13a17a\" href=\"https:\/\/sites.wp.odu.edu\/span202eportfolio\/wp-content\/uploads\/sites\/31624\/2025\/04\/Copy-of-SPAN-366-CV-Template-2024.docx\">Copy-of-SPAN-366-CV-Template-2024<\/a><a href=\"https:\/\/sites.wp.odu.edu\/span202eportfolio\/wp-content\/uploads\/sites\/31624\/2025\/04\/Copy-of-SPAN-366-CV-Template-2024.docx\" class=\"wp-block-file__button wp-element-button\" download aria-describedby=\"wp-block-file--media-b3f2d2a5-ce90-459b-b51a-41bafc13a17a\">Download<\/a><\/div>\n\n\n\n<p>Un CV es un documento que dice todos los aspectos que pueden ayudar en la oficina. Es una manera profesional para organizar las habilidades, experiencia, y los logros. Escribe un CV crea costumbres importantes como escribiendo informaci\u00f3n concisa, pertinente, y f\u00e1cil a leer. Esto ayuda hacer una primera impresi\u00f3n buena a los empleadores. Practicando a escribir un CV ahora crea el documento, as\u00ed en el futuro solamente necesito cambiar mi CV si hay algo nuevo para describir mi vida profesional cuando aplico a trabajos u otras oportunidades profesionales.<\/p>\n\n\n\n<div class=\"wp-block-file\"><a id=\"wp-block-file--media-acf12af9-9a03-4608-86c7-28880135e968\" href=\"https:\/\/sites.wp.odu.edu\/span202eportfolio\/wp-content\/uploads\/sites\/31624\/2025\/04\/pai\u0301s-proyecto.docx\">pai\u0301s-proyecto<\/a><a href=\"https:\/\/sites.wp.odu.edu\/span202eportfolio\/wp-content\/uploads\/sites\/31624\/2025\/04\/pai\u0301s-proyecto.docx\" class=\"wp-block-file__button wp-element-button\" download aria-describedby=\"wp-block-file--media-acf12af9-9a03-4608-86c7-28880135e968\">Download<\/a><\/div>\n\n\n\n<p><a href=\"https:\/\/drive.google.com\/file\/d\/1qSKyo1Dz97bFUqw2lW8j5ieLkjZXqgQD\/view?usp=drive_link\">https:\/\/drive.google.com\/file\/d\/1qSKyo1Dz97bFUqw2lW8j5ieLkjZXqgQD\/view?usp=drive_link<\/a><\/p>\n\n\n\n<p>Mi investigaci\u00f3n y presentaci\u00f3n de Per\u00fa y los aspectos de negocio que pueden influir la econom\u00eda de Per\u00fa me ense\u00f1\u00f3 mucho sobre Per\u00fa. La tarea amplia mi comprensi\u00f3n de la econom\u00eda, cultura, y condiciones pol\u00edticas y como estos aspectos pueden afectar las operaciones de negocio. Me ense\u00f1\u00f3 como investigar los mercados del mundo, analizar factores importantes como comercio y mercados laborales, y pensar cr\u00edticamente sobre estrategias globales de negocio. Esta tarea tambi\u00e9n improvis\u00f3 mi habilidad a colectar y aplicar informaci\u00f3n, una habilidad que ser\u00e1 valiosa para proyectos futuros y para lugares profesionales donde mercados internacionales son importantes. <\/p>\n\n\n\n<p>En todo, creo que esta clase era muy beneficio a mi desarrollo profesional. Todas las tareas me ense\u00f1aron algo importante sobre el trabajo o negocios. La clase me prepar\u00f3 para despu\u00e9s la universidad cuando trabajo y aplico para trabajos. Tengo m\u00e1s confianza para mis entrevistas futuras y con mis escrituras de trabajo. He aprendido que es importante a comportarme en una manera profesional y puede hacer una diferencia cuando aplicar para los trabajos. He tomado esta clase mi \u00faltimo semestre de universidad, as\u00ed tiene mucha relevancia a mi vida en el futuro cerca. Las lecturas y pruebas me ayudan aprender sobre muchos aspectos de negocio y trabajo y como son diferentes en el mundo hispano. Recomiendo que todos los estudiantes que estudian Espa\u00f1ol toman esta clase para preparar por el trabajo. Estoy muy satisfecha que tom\u00e9 esta clase porque ahora creo que estoy lista para mi vida profesional. <\/p>\n","protected":false},"excerpt":{"rendered":"<p>Business Spanish La carta comercial es un documento de negocio para comunicar una propuesta a un otro negocio o empresa. Esta tarea me prepara para el mundo del trabajo por crear habilidades de comunicaci\u00f3n claras. Es importante en las oficinas y cuando comunico con los colegas. La tarea ense\u00f1a atenci\u00f3n a los detalles como tono,&#8230; <\/p>\n<div class=\"link-more\"><a href=\"https:\/\/sites.wp.odu.edu\/span202eportfolio\/101-2\/\">Read More<\/a><\/div>\n","protected":false},"author":25584,"featured_media":0,"parent":0,"menu_order":0,"comment_status":"closed","ping_status":"closed","template":"","meta":{"footnotes":""},"_links":{"self":[{"href":"https:\/\/sites.wp.odu.edu\/span202eportfolio\/wp-json\/wp\/v2\/pages\/423"}],"collection":[{"href":"https:\/\/sites.wp.odu.edu\/span202eportfolio\/wp-json\/wp\/v2\/pages"}],"about":[{"href":"https:\/\/sites.wp.odu.edu\/span202eportfolio\/wp-json\/wp\/v2\/types\/page"}],"author":[{"embeddable":true,"href":"https:\/\/sites.wp.odu.edu\/span202eportfolio\/wp-json\/wp\/v2\/users\/25584"}],"replies":[{"embeddable":true,"href":"https:\/\/sites.wp.odu.edu\/span202eportfolio\/wp-json\/wp\/v2\/comments?post=423"}],"version-history":[{"count":2,"href":"https:\/\/sites.wp.odu.edu\/span202eportfolio\/wp-json\/wp\/v2\/pages\/423\/revisions"}],"predecessor-version":[{"id":514,"href":"https:\/\/sites.wp.odu.edu\/span202eportfolio\/wp-json\/wp\/v2\/pages\/423\/revisions\/514"}],"wp:attachment":[{"href":"https:\/\/sites.wp.odu.edu\/span202eportfolio\/wp-json\/wp\/v2\/media?parent=423"}],"curies":[{"name":"wp","href":"https:\/\/api.w.org\/{rel}","templated":true}]}}