{"id":153,"date":"2022-04-27T02:35:56","date_gmt":"2022-04-27T02:35:56","guid":{"rendered":"https:\/\/sites.wp.odu.edu\/span366ariannanoorzai\/?page_id=153"},"modified":"2022-04-27T02:35:57","modified_gmt":"2022-04-27T02:35:57","slug":"diversidad-cultural","status":"publish","type":"page","link":"https:\/\/sites.wp.odu.edu\/span366ariannanoorzai\/diversidad-cultural\/","title":{"rendered":"Diversidad Cultural"},"content":{"rendered":"\n<p>He le\u00eddo art\u00edculos sobre diversidad cultural en los lugares de trabajo. Por ejemplo, casi en todos mis trabajos hay personas de diferentes culturas. En cada lugar que he trabajo hab\u00eda varias personas de diferentes pa\u00edses del mundo. Creo que es porque vivo en un \u00e1rea donde hay muchas personas de diferentes etnias. En mi experiencia trabajar en un lugar donde hay mucha diversidad cultural es muy beneficioso. Creo que las diferentes culturas pueden ser un muro para los lugares de trabajo. Porque siempre hay personas con diferentes habilidades. Cuando hay trabajadores que hablan varios idiomas, pueden ayudar a traducir por clientes que hablan un idioma diferente que los otros trabajadores. Cuando hay mucha diversidad en un lugar de trabajo hay mejor creatividad e innovaci\u00f3n entre los empleos. Es m\u00e1s f\u00e1cil lograr los objetivos con un equipo que siempre tiene ideas nuevas. No creo que la diversidad sea una barrera aunque el idioma puede ser una barrera a veces. Si una empresa quiere hacer negocios con una empresa que habla una idioma diferente es necesario que aprenden el idioma or contratar alguien que hablar la idioma. Pero siempre hay una soluci\u00f3n para los problemas. A veces el problema con algunas empresas que quieren hacer negocios con empresas internacionales es que no toman el tiempo para aprender las tradiciones y costumbres de la otra cultura. Cuando una empresa no aprende bien las tradiciones y costumbres de la otra empresa, no pueden tener una buena relaci\u00f3n con ellos.<\/p>\n","protected":false},"excerpt":{"rendered":"<p>He le\u00eddo art\u00edculos sobre diversidad cultural en los lugares de trabajo. Por ejemplo, casi en todos mis trabajos hay personas de diferentes culturas. En cada lugar que he trabajo hab\u00eda varias personas de diferentes pa\u00edses del mundo. Creo que es porque vivo en un \u00e1rea donde hay muchas personas de diferentes etnias. En mi experiencia&#8230; <\/p>\n<div class=\"link-more\"><a href=\"https:\/\/sites.wp.odu.edu\/span366ariannanoorzai\/diversidad-cultural\/\">Read More<\/a><\/div>\n","protected":false},"author":20461,"featured_media":0,"parent":0,"menu_order":0,"comment_status":"closed","ping_status":"closed","template":"","meta":{"footnotes":""},"_links":{"self":[{"href":"https:\/\/sites.wp.odu.edu\/span366ariannanoorzai\/wp-json\/wp\/v2\/pages\/153"}],"collection":[{"href":"https:\/\/sites.wp.odu.edu\/span366ariannanoorzai\/wp-json\/wp\/v2\/pages"}],"about":[{"href":"https:\/\/sites.wp.odu.edu\/span366ariannanoorzai\/wp-json\/wp\/v2\/types\/page"}],"author":[{"embeddable":true,"href":"https:\/\/sites.wp.odu.edu\/span366ariannanoorzai\/wp-json\/wp\/v2\/users\/20461"}],"replies":[{"embeddable":true,"href":"https:\/\/sites.wp.odu.edu\/span366ariannanoorzai\/wp-json\/wp\/v2\/comments?post=153"}],"version-history":[{"count":1,"href":"https:\/\/sites.wp.odu.edu\/span366ariannanoorzai\/wp-json\/wp\/v2\/pages\/153\/revisions"}],"predecessor-version":[{"id":154,"href":"https:\/\/sites.wp.odu.edu\/span366ariannanoorzai\/wp-json\/wp\/v2\/pages\/153\/revisions\/154"}],"wp:attachment":[{"href":"https:\/\/sites.wp.odu.edu\/span366ariannanoorzai\/wp-json\/wp\/v2\/media?parent=153"}],"curies":[{"name":"wp","href":"https:\/\/api.w.org\/{rel}","templated":true}]}}