{"id":157,"date":"2022-04-27T02:37:48","date_gmt":"2022-04-27T02:37:48","guid":{"rendered":"https:\/\/sites.wp.odu.edu\/span366ariannanoorzai\/?page_id=157"},"modified":"2022-04-27T02:37:49","modified_gmt":"2022-04-27T02:37:49","slug":"la-poblacion-hispana","status":"publish","type":"page","link":"https:\/\/sites.wp.odu.edu\/span366ariannanoorzai\/la-poblacion-hispana\/","title":{"rendered":"La Poblaci\u00f3n Hispana"},"content":{"rendered":"\n<p>No conozco esta realidad que viven muchas familias hispanas hasta que le\u00ed este art\u00edculo. Afectar\u00e1 la vida de sus hijos negativamente. Los hijos no podr\u00e1n ir al colegio todos los d\u00edas porque tendr\u00e1n que trabajar para ayudar a sus padres. Tendr\u00edan que trabajar muchas horas si ellos quer\u00edan ir a la universidad. Creo que la desconfianza que sienten los hispanos es por la barrera del idioma. Porque si no entienden lo que est\u00e1 diciendo el agente de banco entonces luego no van a entender porque tiene que pagar una tarifa para su tarjeta de cr\u00e9dito. El art\u00edculo explica que los hispanos no conf\u00edan en los bancos por problemas con el historial de cr\u00e9dito y las comisiones por los servicios bancarios. Y el otro problema que explica el art\u00edculo es que muchas personas sin banco son indocumentados. Entonces creo que la ra\u00edz del\u00a0 problema es que las personas indocumentadas no tienen la opci\u00f3n de abrir una cuenta de banco. Porque para abrir una cuenta de banco es necesario que tengas una tarjeta de identificaci\u00f3n. Y muchos hispanos en los EEUU no tienen eso y no pueden conseguir una porque son indocumentados y si ellos van a pedir una tarjeta de identificaci\u00f3n ser\u00e1 un riesgo porque pueden ser deportados y nadie quiere eso. No creo que el gobierno de Estados Unidos se preocupe por la poblaci\u00f3n hispana en este aspecto porque si se preocupar\u00e1n por ellos no estar\u00edan en esta situaci\u00f3n. Lo que el gobierno puede hacer es facilitar el proceso de ser documentados y dar la opci\u00f3n de conseguir una tarjeta de identificaci\u00f3n para personas que son indocumentados. Tambi\u00e9n pueden dar a los hispanos que est\u00e1n sin banco una vivienda prepago, as\u00ed que no ellos no tendr\u00e1n que preocuparse de no tener suficiente dinero para pagar la renta.<\/p>\n","protected":false},"excerpt":{"rendered":"<p>No conozco esta realidad que viven muchas familias hispanas hasta que le\u00ed este art\u00edculo. Afectar\u00e1 la vida de sus hijos negativamente. Los hijos no podr\u00e1n ir al colegio todos los d\u00edas porque tendr\u00e1n que trabajar para ayudar a sus padres. Tendr\u00edan que trabajar muchas horas si ellos quer\u00edan ir a la universidad. Creo que la&#8230; <\/p>\n<div class=\"link-more\"><a href=\"https:\/\/sites.wp.odu.edu\/span366ariannanoorzai\/la-poblacion-hispana\/\">Read More<\/a><\/div>\n","protected":false},"author":20461,"featured_media":0,"parent":0,"menu_order":0,"comment_status":"closed","ping_status":"closed","template":"","meta":{"footnotes":""},"_links":{"self":[{"href":"https:\/\/sites.wp.odu.edu\/span366ariannanoorzai\/wp-json\/wp\/v2\/pages\/157"}],"collection":[{"href":"https:\/\/sites.wp.odu.edu\/span366ariannanoorzai\/wp-json\/wp\/v2\/pages"}],"about":[{"href":"https:\/\/sites.wp.odu.edu\/span366ariannanoorzai\/wp-json\/wp\/v2\/types\/page"}],"author":[{"embeddable":true,"href":"https:\/\/sites.wp.odu.edu\/span366ariannanoorzai\/wp-json\/wp\/v2\/users\/20461"}],"replies":[{"embeddable":true,"href":"https:\/\/sites.wp.odu.edu\/span366ariannanoorzai\/wp-json\/wp\/v2\/comments?post=157"}],"version-history":[{"count":1,"href":"https:\/\/sites.wp.odu.edu\/span366ariannanoorzai\/wp-json\/wp\/v2\/pages\/157\/revisions"}],"predecessor-version":[{"id":158,"href":"https:\/\/sites.wp.odu.edu\/span366ariannanoorzai\/wp-json\/wp\/v2\/pages\/157\/revisions\/158"}],"wp:attachment":[{"href":"https:\/\/sites.wp.odu.edu\/span366ariannanoorzai\/wp-json\/wp\/v2\/media?parent=157"}],"curies":[{"name":"wp","href":"https:\/\/api.w.org\/{rel}","templated":true}]}}