{"id":80,"date":"2022-04-27T02:17:26","date_gmt":"2022-04-27T02:17:26","guid":{"rendered":"https:\/\/sites.wp.odu.edu\/span330draft\/?page_id=80"},"modified":"2022-04-28T03:40:56","modified_gmt":"2022-04-28T03:40:56","slug":"un-poco-sobre-mi","status":"publish","type":"page","link":"https:\/\/sites.wp.odu.edu\/span366ariannanoorzai\/un-poco-sobre-mi\/","title":{"rendered":"Sobre M\u00ed y Lo Que Apredendi"},"content":{"rendered":"\n<p>Tengo 23 anos estoy estudiando en la universidad de Old Dominion, mi especialidad es Culturas e idiomas del mundo. Es mi ultimo ano con Old Dominion. Estudi\u00e9 en Northern Virginia Community antes de transferir a Old Dominion. Estoy interesada trabajando por una organizaci\u00f3n humanitaria o por una embajada. Soy afghano y salvadorena.<\/p>\n\n\n\n<div class=\"wp-block-file\"><a href=\"https:\/\/sites.wp.odu.edu\/span366ariannanoorzai\/wp-content\/uploads\/sites\/29412\/2022\/04\/el-salvador-afghanistan-map.jpg\">el-salvador-afghanistan-map<\/a><a href=\"https:\/\/sites.wp.odu.edu\/span366ariannanoorzai\/wp-content\/uploads\/sites\/29412\/2022\/04\/el-salvador-afghanistan-map.jpg\" class=\"wp-block-file__button\" download>Download<\/a><\/div>\n\n\n\n<p>Esta clase me ha ense\u00f1ado diferentes t\u00e9cnicas comerciales. Aprend\u00ed muchos temas diferentes y varias palabras de vocabulario como anal\u00edtica, adiestramiento, ofim\u00e1tica, aspirante, asesor. No sab\u00eda que aviso era otra palabra para anuncio. Los art\u00edculos sobre los problemas sociales me ense\u00f1aron que hay muchos problemas que el mundo necesita resolver.<\/p>\n\n\n\n<p><strong>Descripci\u00f3n en Ingl\u00e9s<\/strong><\/p>\n\n\n\n<p>This class has taught me different business techinques. I have learned many different subjects and various vocabulary words such as analytics, training, office, aspirant, advisor. I didn&#8217;t know &#8216;aviso&#8217; another word for advertisement. The articles on social issues assigned throughout the semester have taught me that there are many problems in the bussines world that need to be solved. <\/p>\n","protected":false},"excerpt":{"rendered":"<p>Tengo 23 anos estoy estudiando en la universidad de Old Dominion, mi especialidad es Culturas e idiomas del mundo. Es mi ultimo ano con Old Dominion. Estudi\u00e9 en Northern Virginia Community antes de transferir a Old Dominion. Estoy interesada trabajando por una organizaci\u00f3n humanitaria o por una embajada. Soy afghano y salvadorena. Esta clase me&#8230; <\/p>\n<div class=\"link-more\"><a href=\"https:\/\/sites.wp.odu.edu\/span366ariannanoorzai\/un-poco-sobre-mi\/\">Read More<\/a><\/div>\n","protected":false},"author":20461,"featured_media":0,"parent":0,"menu_order":0,"comment_status":"closed","ping_status":"closed","template":"","meta":{"footnotes":""},"_links":{"self":[{"href":"https:\/\/sites.wp.odu.edu\/span366ariannanoorzai\/wp-json\/wp\/v2\/pages\/80"}],"collection":[{"href":"https:\/\/sites.wp.odu.edu\/span366ariannanoorzai\/wp-json\/wp\/v2\/pages"}],"about":[{"href":"https:\/\/sites.wp.odu.edu\/span366ariannanoorzai\/wp-json\/wp\/v2\/types\/page"}],"author":[{"embeddable":true,"href":"https:\/\/sites.wp.odu.edu\/span366ariannanoorzai\/wp-json\/wp\/v2\/users\/20461"}],"replies":[{"embeddable":true,"href":"https:\/\/sites.wp.odu.edu\/span366ariannanoorzai\/wp-json\/wp\/v2\/comments?post=80"}],"version-history":[{"count":5,"href":"https:\/\/sites.wp.odu.edu\/span366ariannanoorzai\/wp-json\/wp\/v2\/pages\/80\/revisions"}],"predecessor-version":[{"id":176,"href":"https:\/\/sites.wp.odu.edu\/span366ariannanoorzai\/wp-json\/wp\/v2\/pages\/80\/revisions\/176"}],"wp:attachment":[{"href":"https:\/\/sites.wp.odu.edu\/span366ariannanoorzai\/wp-json\/wp\/v2\/media?parent=80"}],"curies":[{"name":"wp","href":"https:\/\/api.w.org\/{rel}","templated":true}]}}