{"id":82,"date":"2022-04-27T02:17:26","date_gmt":"2022-04-27T02:17:26","guid":{"rendered":"https:\/\/sites.wp.odu.edu\/span330draft\/?page_id=82"},"modified":"2022-04-27T02:36:53","modified_gmt":"2022-04-27T02:36:53","slug":"conocimiento-cultural","status":"publish","type":"page","link":"https:\/\/sites.wp.odu.edu\/span366ariannanoorzai\/conocimiento-cultural\/","title":{"rendered":"Mundo Laboral"},"content":{"rendered":"\n<p>La Situaci\u00f3n Que Viven Las Mujeres<\/p>\n\n\n\n<p>Pienso que la situaci\u00f3n que viven las mujeres es injusto. Porque generalmente las mujeres tienen que trabajar mucho m\u00e1s fuerte que los hombres para conseguir una posici\u00f3n m\u00e1s alta en una empresa. Tambi\u00e9n porque las mujeres son muy discriminadas en el trabajo.&nbsp;<\/p>\n\n\n\n<p>He vivido una situaci\u00f3n similar con una empresa con la que he trabajado. Cuando me contrataron el trabajo me pagaron menos de lo que me prometieron y el hombre que estaba contratado el mismo tiempo que yo gano mas que yo y ten\u00eda menos experiencia de trabajo que yo. Tambi\u00e9n conozco una mujer que tambi\u00e9n estaba en una situaci\u00f3n similar. Ella aplic\u00f3 para ser jefe para un trabajo de estudiantes en su universidad. Y dieron el trabajo a un hombre que casi nunca estaba trabajando solo estaba en las fiestas y nunca hizo los proyectos del trabajo. Y ella era la mujer que siempre estaba en el taller haciendo proyectos.<\/p>\n","protected":false},"excerpt":{"rendered":"<p>La Situaci\u00f3n Que Viven Las Mujeres Pienso que la situaci\u00f3n que viven las mujeres es injusto. Porque generalmente las mujeres tienen que trabajar mucho m\u00e1s fuerte que los hombres para conseguir una posici\u00f3n m\u00e1s alta en una empresa. Tambi\u00e9n porque las mujeres son muy discriminadas en el trabajo.&nbsp; He vivido una situaci\u00f3n similar con una&#8230; <\/p>\n<div class=\"link-more\"><a href=\"https:\/\/sites.wp.odu.edu\/span366ariannanoorzai\/conocimiento-cultural\/\">Read More<\/a><\/div>\n","protected":false},"author":20461,"featured_media":0,"parent":0,"menu_order":0,"comment_status":"closed","ping_status":"closed","template":"","meta":{"footnotes":""},"_links":{"self":[{"href":"https:\/\/sites.wp.odu.edu\/span366ariannanoorzai\/wp-json\/wp\/v2\/pages\/82"}],"collection":[{"href":"https:\/\/sites.wp.odu.edu\/span366ariannanoorzai\/wp-json\/wp\/v2\/pages"}],"about":[{"href":"https:\/\/sites.wp.odu.edu\/span366ariannanoorzai\/wp-json\/wp\/v2\/types\/page"}],"author":[{"embeddable":true,"href":"https:\/\/sites.wp.odu.edu\/span366ariannanoorzai\/wp-json\/wp\/v2\/users\/20461"}],"replies":[{"embeddable":true,"href":"https:\/\/sites.wp.odu.edu\/span366ariannanoorzai\/wp-json\/wp\/v2\/comments?post=82"}],"version-history":[{"count":4,"href":"https:\/\/sites.wp.odu.edu\/span366ariannanoorzai\/wp-json\/wp\/v2\/pages\/82\/revisions"}],"predecessor-version":[{"id":156,"href":"https:\/\/sites.wp.odu.edu\/span366ariannanoorzai\/wp-json\/wp\/v2\/pages\/82\/revisions\/156"}],"wp:attachment":[{"href":"https:\/\/sites.wp.odu.edu\/span366ariannanoorzai\/wp-json\/wp\/v2\/media?parent=82"}],"curies":[{"name":"wp","href":"https:\/\/api.w.org\/{rel}","templated":true}]}}