{"id":217,"date":"2023-03-27T18:22:24","date_gmt":"2023-03-27T18:22:24","guid":{"rendered":"https:\/\/sites.wp.odu.edu\/basicspanishdraft\/?page_id=217"},"modified":"2023-06-21T17:42:09","modified_gmt":"2023-06-21T17:42:09","slug":"bio","status":"publish","type":"page","link":"https:\/\/sites.wp.odu.edu\/spanish0119888\/bio\/","title":{"rendered":"About Me"},"content":{"rendered":"\n<pre id=\"tw-target-text\" class=\"wp-block-preformatted\"><strong>\u00a1Hola! mi nombre es solange destouche, soy estudiante de segundo a\u00f1o y estudio estudios internacionales aqu\u00ed en old dominion. Soy de Stafford Virginia y tengo veinte a\u00f1os. y me gusta bailar, cocinar e ir a trabajar.<\/strong><\/pre>\n\n\n\n<figure class=\"wp-block-gallery has-nested-images columns-default is-cropped wp-block-gallery-1 is-layout-flex wp-block-gallery-is-layout-flex\">\n<figure class=\"wp-block-image size-large\"><a href=\"https:\/\/sites.wp.odu.edu\/spanish0119888\/wp-content\/uploads\/sites\/33008\/2020\/06\/cropped-adrian-dascal-NDVI15vYJKI-unsplash-scaled-2.jpg\"><img loading=\"lazy\" decoding=\"async\" width=\"1024\" height=\"410\" data-id=\"166\" src=\"https:\/\/sites.wp.odu.edu\/spanish0119888\/wp-content\/uploads\/sites\/33008\/2020\/06\/cropped-adrian-dascal-NDVI15vYJKI-unsplash-scaled-2-1024x410.jpg\" alt=\"\" class=\"wp-image-166\" srcset=\"https:\/\/sites.wp.odu.edu\/spanish0119888\/wp-content\/uploads\/sites\/33008\/2020\/06\/cropped-adrian-dascal-NDVI15vYJKI-unsplash-scaled-2-1024x410.jpg 1024w, https:\/\/sites.wp.odu.edu\/spanish0119888\/wp-content\/uploads\/sites\/33008\/2020\/06\/cropped-adrian-dascal-NDVI15vYJKI-unsplash-scaled-2-300x120.jpg 300w, https:\/\/sites.wp.odu.edu\/spanish0119888\/wp-content\/uploads\/sites\/33008\/2020\/06\/cropped-adrian-dascal-NDVI15vYJKI-unsplash-scaled-2-768x307.jpg 768w, https:\/\/sites.wp.odu.edu\/spanish0119888\/wp-content\/uploads\/sites\/33008\/2020\/06\/cropped-adrian-dascal-NDVI15vYJKI-unsplash-scaled-2-1536x614.jpg 1536w, https:\/\/sites.wp.odu.edu\/spanish0119888\/wp-content\/uploads\/sites\/33008\/2020\/06\/cropped-adrian-dascal-NDVI15vYJKI-unsplash-scaled-2-600x240.jpg 600w, https:\/\/sites.wp.odu.edu\/spanish0119888\/wp-content\/uploads\/sites\/33008\/2020\/06\/cropped-adrian-dascal-NDVI15vYJKI-unsplash-scaled-2-945x378.jpg 945w, https:\/\/sites.wp.odu.edu\/spanish0119888\/wp-content\/uploads\/sites\/33008\/2020\/06\/cropped-adrian-dascal-NDVI15vYJKI-unsplash-scaled-2.jpg 1800w\" sizes=\"(max-width: 1024px) 100vw, 1024px\" \/><\/a><\/figure>\n<\/figure>\n","protected":false},"excerpt":{"rendered":"<p>\u00a1Hola! mi nombre es solange destouche, soy estudiante de segundo a\u00f1o y estudio estudios internacionales aqu\u00ed en old dominion. Soy de Stafford Virginia y tengo veinte a\u00f1os. y me gusta bailar, cocinar e ir a trabajar.<\/p>\n","protected":false},"author":26476,"featured_media":0,"parent":0,"menu_order":0,"comment_status":"closed","ping_status":"closed","template":"","meta":{"footnotes":""},"_links":{"self":[{"href":"https:\/\/sites.wp.odu.edu\/spanish0119888\/wp-json\/wp\/v2\/pages\/217"}],"collection":[{"href":"https:\/\/sites.wp.odu.edu\/spanish0119888\/wp-json\/wp\/v2\/pages"}],"about":[{"href":"https:\/\/sites.wp.odu.edu\/spanish0119888\/wp-json\/wp\/v2\/types\/page"}],"author":[{"embeddable":true,"href":"https:\/\/sites.wp.odu.edu\/spanish0119888\/wp-json\/wp\/v2\/users\/26476"}],"replies":[{"embeddable":true,"href":"https:\/\/sites.wp.odu.edu\/spanish0119888\/wp-json\/wp\/v2\/comments?post=217"}],"version-history":[{"count":2,"href":"https:\/\/sites.wp.odu.edu\/spanish0119888\/wp-json\/wp\/v2\/pages\/217\/revisions"}],"predecessor-version":[{"id":503,"href":"https:\/\/sites.wp.odu.edu\/spanish0119888\/wp-json\/wp\/v2\/pages\/217\/revisions\/503"}],"wp:attachment":[{"href":"https:\/\/sites.wp.odu.edu\/spanish0119888\/wp-json\/wp\/v2\/media?parent=217"}],"curies":[{"name":"wp","href":"https:\/\/api.w.org\/{rel}","templated":true}]}}