{"id":173,"date":"2023-03-27T15:12:05","date_gmt":"2023-03-27T15:12:05","guid":{"rendered":"https:\/\/wp.odu.edu\/odupresentationtemplate\/?page_id=2"},"modified":"2023-04-20T01:51:16","modified_gmt":"2023-04-20T01:51:16","slug":"sample-page-2","status":"publish","type":"page","link":"https:\/\/sites.wp.odu.edu\/spanish101js\/","title":{"rendered":"Home"},"content":{"rendered":"\n<p>Hola! Mi nombre es Justin, mi apellido es Saldivar. Yo tengo de deciocho anos,\u00a0m\u00ed correo de electr\u00f3nico es jsald004@odu.edu . Yo soy de Chesapeake, Virginia, en el estado unidos. M\u00ed fecha de nacimiento es quince de Agosto dos mil cuatro, nac\u00ed en Oxnard California. <\/p>\n","protected":false},"excerpt":{"rendered":"<p>Hola! Mi nombre es Justin, mi apellido es Saldivar. Yo tengo de deciocho anos,\u00a0m\u00ed correo de electr\u00f3nico es jsald004@odu.edu . Yo soy de Chesapeake, Virginia, en el estado unidos. M\u00ed fecha de nacimiento es quince de Agosto dos mil cuatro, nac\u00ed en Oxnard California.<\/p>\n","protected":false},"author":24896,"featured_media":0,"parent":0,"menu_order":0,"comment_status":"closed","ping_status":"open","template":"","meta":{"footnotes":""},"_links":{"self":[{"href":"https:\/\/sites.wp.odu.edu\/spanish101js\/wp-json\/wp\/v2\/pages\/173"}],"collection":[{"href":"https:\/\/sites.wp.odu.edu\/spanish101js\/wp-json\/wp\/v2\/pages"}],"about":[{"href":"https:\/\/sites.wp.odu.edu\/spanish101js\/wp-json\/wp\/v2\/types\/page"}],"author":[{"embeddable":true,"href":"https:\/\/sites.wp.odu.edu\/spanish101js\/wp-json\/wp\/v2\/users\/24896"}],"replies":[{"embeddable":true,"href":"https:\/\/sites.wp.odu.edu\/spanish101js\/wp-json\/wp\/v2\/comments?post=173"}],"version-history":[{"count":5,"href":"https:\/\/sites.wp.odu.edu\/spanish101js\/wp-json\/wp\/v2\/pages\/173\/revisions"}],"predecessor-version":[{"id":486,"href":"https:\/\/sites.wp.odu.edu\/spanish101js\/wp-json\/wp\/v2\/pages\/173\/revisions\/486"}],"wp:attachment":[{"href":"https:\/\/sites.wp.odu.edu\/spanish101js\/wp-json\/wp\/v2\/media?parent=173"}],"curies":[{"name":"wp","href":"https:\/\/api.w.org\/{rel}","templated":true}]}}