{"id":173,"date":"2023-03-27T15:12:00","date_gmt":"2023-03-27T15:12:00","guid":{"rendered":"https:\/\/wp.odu.edu\/odupresentationtemplate\/?page_id=2"},"modified":"2023-12-08T00:56:11","modified_gmt":"2023-12-08T00:56:11","slug":"sample-page-2","status":"publish","type":"page","link":"https:\/\/sites.wp.odu.edu\/spanish101nk\/","title":{"rendered":"Home"},"content":{"rendered":"\n<p>Mi nombre Nicole y mi apellido Kaehn. Tengo veinte a\u00f1os y mi cumplea\u00f1os es el siete de abril. Mi especializaci\u00f3n es ingles porque est\u00e1 muy interestante.<\/p>\n","protected":false},"excerpt":{"rendered":"<p>Mi nombre Nicole y mi apellido Kaehn. Tengo veinte a\u00f1os y mi cumplea\u00f1os es el siete de abril. Mi especializaci\u00f3n es ingles porque est\u00e1 muy interestante.<\/p>\n","protected":false},"author":26450,"featured_media":0,"parent":0,"menu_order":0,"comment_status":"closed","ping_status":"open","template":"","meta":{"footnotes":""},"_links":{"self":[{"href":"https:\/\/sites.wp.odu.edu\/spanish101nk\/wp-json\/wp\/v2\/pages\/173"}],"collection":[{"href":"https:\/\/sites.wp.odu.edu\/spanish101nk\/wp-json\/wp\/v2\/pages"}],"about":[{"href":"https:\/\/sites.wp.odu.edu\/spanish101nk\/wp-json\/wp\/v2\/types\/page"}],"author":[{"embeddable":true,"href":"https:\/\/sites.wp.odu.edu\/spanish101nk\/wp-json\/wp\/v2\/users\/26450"}],"replies":[{"embeddable":true,"href":"https:\/\/sites.wp.odu.edu\/spanish101nk\/wp-json\/wp\/v2\/comments?post=173"}],"version-history":[{"count":3,"href":"https:\/\/sites.wp.odu.edu\/spanish101nk\/wp-json\/wp\/v2\/pages\/173\/revisions"}],"predecessor-version":[{"id":560,"href":"https:\/\/sites.wp.odu.edu\/spanish101nk\/wp-json\/wp\/v2\/pages\/173\/revisions\/560"}],"wp:attachment":[{"href":"https:\/\/sites.wp.odu.edu\/spanish101nk\/wp-json\/wp\/v2\/media?parent=173"}],"curies":[{"name":"wp","href":"https:\/\/api.w.org\/{rel}","templated":true}]}}