{"id":425,"date":"2022-11-15T19:06:40","date_gmt":"2022-11-15T19:06:40","guid":{"rendered":"https:\/\/sites.wp.odu.edu\/basicspanishdraft2\/?page_id=425"},"modified":"2023-04-20T22:42:57","modified_gmt":"2023-04-20T22:42:57","slug":"102-2","status":"publish","type":"page","link":"https:\/\/sites.wp.odu.edu\/spanish1areed\/102-2\/","title":{"rendered":"SPAN 102"},"content":{"rendered":"\n<p><a href=\"https:\/\/drive.google.com\/file\/d\/1Eemz_Rr-GzU5VS9zA1AZtI1MTbztESIg\/view?usp=sharing\">Interpretive, Interpersonal, and Presentational Modes of Communication<\/a><\/p>\n\n\n\n<p><strong>Exploring Culture<\/strong><\/p>\n\n\n\n<p>The assignments on Lingro learning helped me to gain more understanding of Spanish culture. The exploraci\u00f3n cultural units, for example, helped me understand how each Spanish-speaking country has different views on the same topic. For example, Vanessa Corzano from Unit 8 is from Per\u00fa. In Per\u00fa, she likes to eat la mazamorra morada because it reminds her of her country. After researching what the dish is, I learned that it is a purple porridge dish with a jelly-like texture made of corn and fruit. Each unit in Lingro learning has helped me better understand Hispanic culture because, with each person describing their daily habits and culture, it made me see how family and staying close together are important.&nbsp;<\/p>\n\n\n\n<p>Family is very important in my community as well and I think that is also why I understand the values of Hispanic culture. During the discussion boards, we compared cultures in the United States and Spain. I do think this has challenged my worldview of different subjects such as healthcare. The unit where we talked about healthcare really had me thinking because it is completely different in Spain than here in the United States. Here is an example of my perspective from the discussion boards:<\/p>\n\n\n\n<figure class=\"wp-block-image size-full\"><a href=\"https:\/\/sites.wp.odu.edu\/spanish1areed\/wp-content\/uploads\/sites\/31404\/2023\/04\/Screen-Shot-2023-04-14-at-4.19.23-PM.png\"><img loading=\"lazy\" decoding=\"async\" width=\"624\" height=\"407\" src=\"https:\/\/sites.wp.odu.edu\/spanish1areed\/wp-content\/uploads\/sites\/31404\/2023\/04\/Screen-Shot-2023-04-14-at-4.19.23-PM.png\" alt=\"\" class=\"wp-image-561\" srcset=\"https:\/\/sites.wp.odu.edu\/spanish1areed\/wp-content\/uploads\/sites\/31404\/2023\/04\/Screen-Shot-2023-04-14-at-4.19.23-PM.png 624w, https:\/\/sites.wp.odu.edu\/spanish1areed\/wp-content\/uploads\/sites\/31404\/2023\/04\/Screen-Shot-2023-04-14-at-4.19.23-PM-300x196.png 300w, https:\/\/sites.wp.odu.edu\/spanish1areed\/wp-content\/uploads\/sites\/31404\/2023\/04\/Screen-Shot-2023-04-14-at-4.19.23-PM-460x300.png 460w\" sizes=\"(max-width: 624px) 100vw, 624px\" \/><\/a><\/figure>\n\n\n\n<p><strong>Engaging in Communities<\/strong><\/p>\n\n\n\n<p>It is extremely important to be able to bond and find a community to community with. Luckily, I found it very easy to do so in this class. Being able to formally and informally communicate with others is also important because it is going to be needed in the real world. When applying for jobs, emailing an important individual, or even just having a casual conversation with someone like a supervisor, it is beneficial to know how to \u201cturn the switch\u201d as far as learning how to engage in communication. As the semester progressed, I felt like I was able to engage in community conversations because it was comfortable to know I had peers to who I could relate.&nbsp;<\/p>\n\n\n\n<p>Discussion boards on Canvas provided me with the opportunity to engage with my peers. This semester, I knew a few people who were in the class and it was nice to be able to communicate with them in Spanish and relate a little more. I really like how also on Flipgrid I was able to have a conversation with my professor, even though it was a recording of her. Below is a snippet from one of the Flipgrid assignments this semester:<\/p>\n\n\n\n<figure class=\"wp-block-embed is-type-video is-provider-youtube wp-block-embed-youtube wp-embed-aspect-16-9 wp-has-aspect-ratio\"><div class=\"wp-block-embed__wrapper\">\n<iframe loading=\"lazy\" title=\"Module 7 Convo\" width=\"1000\" height=\"563\" src=\"https:\/\/www.youtube.com\/embed\/AZyBrJ3mhtg?feature=oembed\" frameborder=\"0\" allow=\"accelerometer; autoplay; clipboard-write; encrypted-media; gyroscope; picture-in-picture; web-share\" allowfullscreen><\/iframe>\n<\/div><\/figure>\n\n\n\n<p><strong>Interpersonal Communication<\/strong><\/p>\n\n\n\n<p>TalkAbroad is an activity completed during the semester that I felt helped me the most with communication. Being able to have that one-on-one conversation with someone whose first language is Spanish was a nerve-wracking but nice experience. At first, I thought the conversations I had weren\u2019t going to go well because I worried about using the correct grammar, but I\u2019m glad I was given the opportunity to talk to two partners who are experienced with beginner learners.&nbsp;<\/p>\n\n\n\n<p>I completed discussion boards as well, but TalkAbroad was what really helped me improve with communication. This audio activity helped me to further my thinking skills because I\u2019m able to construct sentences with few mistakes. Lingro learning helped with this as well because of the fill-in-the-blank activities. The most difficult part was trying to find words I would use in English but in Spanish. For example, during the first TalkAbroad, I found that I struggled to find words that could continue to carry the conversation. Words like bien, as\u00ed as\u00ed, s\u00ed, or entonces would help me to carry the conversation. I overcame this difficulty by practicing with a friend prior to other conversations, and also knowing that I shouldn\u2019t be embarrassed or nervous because Spanish speakers I talk to most likely understand that Spanish is not my first language. Here is an example of my first TalkAbroad recording:<\/p>\n\n\n\n<figure class=\"wp-block-embed is-type-video is-provider-youtube wp-block-embed-youtube wp-embed-aspect-16-9 wp-has-aspect-ratio\"><div class=\"wp-block-embed__wrapper\">\n<iframe loading=\"lazy\" title=\"TalkAbroad 1\" width=\"1000\" height=\"563\" src=\"https:\/\/www.youtube.com\/embed\/pcbvhSBZbSw?feature=oembed\" frameborder=\"0\" allow=\"accelerometer; autoplay; clipboard-write; encrypted-media; gyroscope; picture-in-picture; web-share\" allowfullscreen><\/iframe>\n<\/div><\/figure>\n\n\n\n<p>One thing I would do differently is study grammar more than vocabulary. It\u2019s easy for me to pick up vocabulary mainly because some words have similar spelling to English, but I think knowing formal and informal commands is just as important to understand.&nbsp;<\/p>\n\n\n\n<p><strong>Presentational Speaking<\/strong><\/p>\n\n\n\n<p>During each Lingro learning unit, there was an audio activity where I had to record myself describing a picture given. These activities helped me understand not only how to practice sentence structure but also practice how I sound. The feedback I received from the professor helped a lot also because when I practice speaking as well as submit other audio activities, I know what I need to work on and improve. Here is an example of one Lingro learning audio assignment:<\/p>\n\n\n\n<figure class=\"wp-block-embed is-type-video is-provider-youtube wp-block-embed-youtube wp-embed-aspect-16-9 wp-has-aspect-ratio\"><div class=\"wp-block-embed__wrapper\">\n<iframe loading=\"lazy\" title=\"LL audio assignment\" width=\"1000\" height=\"563\" src=\"https:\/\/www.youtube.com\/embed\/e-XXRXp4PvE?feature=oembed\" frameborder=\"0\" allow=\"accelerometer; autoplay; clipboard-write; encrypted-media; gyroscope; picture-in-picture; web-share\" allowfullscreen><\/iframe>\n<\/div><\/figure>\n\n\n\n<p>Based on the recording above, this was from towards the beginning of the semester. Now that I\u2019ve completed other audio assignments, I feel like I\u2019ve overcome a fear of trying to be as perfect as possible. Practice makes progress, so it\u2019s okay to make mistakes because, at the end of the day, I can just try all over again. I excelled at using a lot of various vocabulary in my sentence structure, but one thing I would\u2019ve done differently is practicing more with a peer rather than having a conversation by myself.<\/p>\n\n\n\n<p><strong>Interpretive Listening<\/strong><\/p>\n\n\n\n<p>Lingro learning has a lot of listening activities that I completed throughout the semester. For example, listening to how Spanish vowels sound, and interpreting what a person said in a recording to answer various questions were the two main types of listening assignments I did this semester. Here is an example of both types of listening assignments:<\/p>\n\n\n\n<figure class=\"wp-block-embed is-type-video is-provider-youtube wp-block-embed-youtube wp-embed-aspect-16-9 wp-has-aspect-ratio\"><div class=\"wp-block-embed__wrapper\">\n<iframe loading=\"lazy\" title=\"audio assignment listening\" width=\"1000\" height=\"563\" src=\"https:\/\/www.youtube.com\/embed\/iylmS0kU90Q?feature=oembed\" frameborder=\"0\" allow=\"accelerometer; autoplay; clipboard-write; encrypted-media; gyroscope; picture-in-picture; web-share\" allowfullscreen><\/iframe>\n<\/div><\/figure>\n\n\n\n<figure class=\"wp-block-embed is-type-video is-provider-youtube wp-block-embed-youtube wp-embed-aspect-16-9 wp-has-aspect-ratio\"><div class=\"wp-block-embed__wrapper\">\n<iframe loading=\"lazy\" title=\"audio listening assignment\" width=\"1000\" height=\"563\" src=\"https:\/\/www.youtube.com\/embed\/XE2XifIZis4?feature=oembed\" frameborder=\"0\" allow=\"accelerometer; autoplay; clipboard-write; encrypted-media; gyroscope; picture-in-picture; web-share\" allowfullscreen><\/iframe>\n<\/div><\/figure>\n\n\n\n<p>The most challenging thing for me was that it was hard to hear a sentence being said fast as native Spanish speakers talk. Another challenge for me was to practice speaking with Spanish vowels. By breaking down a sentence from a recording, it was a little easier for me to translate what the speaker was saying. The most interesting thing I learned was that when trying to practice conjugating words and putting them in a sentence, you have to listen closely to who a person is talking to. I feel like I\u2019ve grown with these activities because my goal last semester was to go out of my comfort zone and use other vocabulary words, and I feel like I\u2019ve done that.<\/p>\n\n\n\n<p><strong>Interpretive Reading<\/strong><\/p>\n\n\n\n<p>Throughout the semester, I had to research for the \u201cInvestigar\u201d assignments on Lingro Learning. These assignments helped me to understand more about Hispanic culture as well as I can practice how to read in Spanish. During Module 8, I researched typical dishes in Peru. While researching, I discovered that Ceviche is one of the typical dishes served in Peru. Below is an example of the research I did in this module as well as the link to the article I read:<\/p>\n\n\n\n<figure class=\"wp-block-image size-large\"><a href=\"https:\/\/sites.wp.odu.edu\/spanish1areed\/wp-content\/uploads\/sites\/31404\/2023\/04\/Screen-Shot-2023-04-20-at-3.33.42-PM.png\"><img loading=\"lazy\" decoding=\"async\" width=\"1024\" height=\"537\" src=\"https:\/\/sites.wp.odu.edu\/spanish1areed\/wp-content\/uploads\/sites\/31404\/2023\/04\/Screen-Shot-2023-04-20-at-3.33.42-PM-1024x537.png\" alt=\"\" class=\"wp-image-566\" srcset=\"https:\/\/sites.wp.odu.edu\/spanish1areed\/wp-content\/uploads\/sites\/31404\/2023\/04\/Screen-Shot-2023-04-20-at-3.33.42-PM-1024x537.png 1024w, https:\/\/sites.wp.odu.edu\/spanish1areed\/wp-content\/uploads\/sites\/31404\/2023\/04\/Screen-Shot-2023-04-20-at-3.33.42-PM-300x157.png 300w, https:\/\/sites.wp.odu.edu\/spanish1areed\/wp-content\/uploads\/sites\/31404\/2023\/04\/Screen-Shot-2023-04-20-at-3.33.42-PM-768x403.png 768w, https:\/\/sites.wp.odu.edu\/spanish1areed\/wp-content\/uploads\/sites\/31404\/2023\/04\/Screen-Shot-2023-04-20-at-3.33.42-PM-572x300.png 572w, https:\/\/sites.wp.odu.edu\/spanish1areed\/wp-content\/uploads\/sites\/31404\/2023\/04\/Screen-Shot-2023-04-20-at-3.33.42-PM.png 1281w\" sizes=\"(max-width: 1024px) 100vw, 1024px\" \/><\/a><\/figure>\n\n\n\n<p><a href=\"https:\/\/www.recetasnestle.com.pe\/escuela-sabor\/coccion\/platos-tipicos-peruanos\">https:\/\/www.recetasnestle.com.pe\/escuela-sabor\/coccion\/platos-tipicos-peruanos<\/a> <\/p>\n\n\n\n<p>Trying to translate certain words or sentences to fully understand what I was reading was a challenge. It was very interesting to see how similar Spanish and English words can be. Learning about various dishes from Peru was also interesting because it helped me gain knowledge of Hispanic Culture. I feel like I\u2019ve grown by making connections on what each part of the sentence from the articles I\u2019ve read based on these \u201cInvestigar\u201d assignments is supposed to be about.&nbsp;<\/p>\n\n\n\n<p class=\"has-text-align-center\">Works Cited<\/p>\n\n\n\n<p>&#8220;9 platos t\u00edpicos peruanos que debes conocer.&#8221;, https:\/\/www.recetasnestle.com.pe\/escuela-sabor\/coccion\/platos-tipicos-peruanos<\/p>\n\n\n\n<p>Accessed 20 April 2023<\/p>\n","protected":false},"excerpt":{"rendered":"<p>Interpretive, Interpersonal, and Presentational Modes of Communication Exploring Culture The assignments on Lingro learning helped me to gain more understanding of Spanish culture. The exploraci\u00f3n cultural units, for example, helped me understand how each Spanish-speaking country has different views on the same topic. For example, Vanessa Corzano from Unit 8 is from Per\u00fa. In Per\u00fa,&#8230; <\/p>\n<div class=\"link-more\"><a href=\"https:\/\/sites.wp.odu.edu\/spanish1areed\/102-2\/\">Read More<\/a><\/div>\n","protected":false},"author":25261,"featured_media":0,"parent":0,"menu_order":0,"comment_status":"closed","ping_status":"closed","template":"","meta":{"footnotes":""},"_links":{"self":[{"href":"https:\/\/sites.wp.odu.edu\/spanish1areed\/wp-json\/wp\/v2\/pages\/425"}],"collection":[{"href":"https:\/\/sites.wp.odu.edu\/spanish1areed\/wp-json\/wp\/v2\/pages"}],"about":[{"href":"https:\/\/sites.wp.odu.edu\/spanish1areed\/wp-json\/wp\/v2\/types\/page"}],"author":[{"embeddable":true,"href":"https:\/\/sites.wp.odu.edu\/spanish1areed\/wp-json\/wp\/v2\/users\/25261"}],"replies":[{"embeddable":true,"href":"https:\/\/sites.wp.odu.edu\/spanish1areed\/wp-json\/wp\/v2\/comments?post=425"}],"version-history":[{"count":5,"href":"https:\/\/sites.wp.odu.edu\/spanish1areed\/wp-json\/wp\/v2\/pages\/425\/revisions"}],"predecessor-version":[{"id":572,"href":"https:\/\/sites.wp.odu.edu\/spanish1areed\/wp-json\/wp\/v2\/pages\/425\/revisions\/572"}],"wp:attachment":[{"href":"https:\/\/sites.wp.odu.edu\/spanish1areed\/wp-json\/wp\/v2\/media?parent=425"}],"curies":[{"name":"wp","href":"https:\/\/api.w.org\/{rel}","templated":true}]}}