{"id":173,"date":"2023-03-27T18:21:28","date_gmt":"2023-03-27T18:21:28","guid":{"rendered":"https:\/\/wp.odu.edu\/odupresentationtemplate\/?page_id=2"},"modified":"2023-06-22T06:29:59","modified_gmt":"2023-06-22T06:29:59","slug":"sample-page-2","status":"publish","type":"page","link":"https:\/\/sites.wp.odu.edu\/spanishgd\/","title":{"rendered":"Home"},"content":{"rendered":"\n<p>My name is Gabrielle Dempsey and I am a 102 Spanish student. My major is film\/television production. I am a Senior and will graduate in 2024.<\/p>\n\n\n\n<p>The site was made for the purpose of showing the Spanish I have learned. Anyone who comes to visit my site will be able to see the Spanish projects I have been working on. This site was made to help me in my Spanish course. It also helps me see the growth I\u2019ve made in my Spanish courses.<\/p>\n\n\n\n<p>El prop\u00f3sito de este sitio es mostrar el espa\u00f1ol que he aprendido. Mi espectador podr\u00e1 ver los proyectos espa\u00f1oles en los que he estado trabajando. Este sitio me ayuda en mi curso de espa\u00f1ol. Tambi\u00e9n me ayuda a ver el crecimiento que he tenido en mis cursos de espa\u00f1ol.<\/p>\n\n\n\n<p>Mi nombre es Gabrielle Dempsey y soy estudiante de espa\u00f1ol 101. Mi especialidad es la producci\u00f3n de cine \/ televisi\u00f3n. Soy un junior y me graduar\u00e9 en 2024.<\/p>\n","protected":false},"excerpt":{"rendered":"<p>My name is Gabrielle Dempsey and I am a 102 Spanish student. My major is film\/television production. I am a Senior and will graduate in 2024. The site was made for the purpose of showing the Spanish I have learned. Anyone who comes to visit my site will be able to see the Spanish projects&#8230; <\/p>\n<div class=\"link-more\"><a href=\"https:\/\/sites.wp.odu.edu\/spanishgd\/\">Read More<\/a><\/div>\n","protected":false},"author":20455,"featured_media":0,"parent":0,"menu_order":0,"comment_status":"closed","ping_status":"open","template":"","meta":{"footnotes":""},"_links":{"self":[{"href":"https:\/\/sites.wp.odu.edu\/spanishgd\/wp-json\/wp\/v2\/pages\/173"}],"collection":[{"href":"https:\/\/sites.wp.odu.edu\/spanishgd\/wp-json\/wp\/v2\/pages"}],"about":[{"href":"https:\/\/sites.wp.odu.edu\/spanishgd\/wp-json\/wp\/v2\/types\/page"}],"author":[{"embeddable":true,"href":"https:\/\/sites.wp.odu.edu\/spanishgd\/wp-json\/wp\/v2\/users\/20455"}],"replies":[{"embeddable":true,"href":"https:\/\/sites.wp.odu.edu\/spanishgd\/wp-json\/wp\/v2\/comments?post=173"}],"version-history":[{"count":5,"href":"https:\/\/sites.wp.odu.edu\/spanishgd\/wp-json\/wp\/v2\/pages\/173\/revisions"}],"predecessor-version":[{"id":569,"href":"https:\/\/sites.wp.odu.edu\/spanishgd\/wp-json\/wp\/v2\/pages\/173\/revisions\/569"}],"wp:attachment":[{"href":"https:\/\/sites.wp.odu.edu\/spanishgd\/wp-json\/wp\/v2\/media?parent=173"}],"curies":[{"name":"wp","href":"https:\/\/api.w.org\/{rel}","templated":true}]}}