{"id":217,"date":"2023-03-27T18:21:28","date_gmt":"2023-03-27T18:21:28","guid":{"rendered":"https:\/\/sites.wp.odu.edu\/basicspanishdraft\/?page_id=217"},"modified":"2023-05-22T02:52:08","modified_gmt":"2023-05-22T02:52:08","slug":"bio","status":"publish","type":"page","link":"https:\/\/sites.wp.odu.edu\/spanishgd\/bio\/","title":{"rendered":"About Me"},"content":{"rendered":"\n<p>My name is Gabrielle Dempsey. I am a Cinema and TV Productions major with a minor in psychology. I love art and creating things. I am interested in becoming a film director when I graduate from college. I am hard working and able to bring something new to old environments. <\/p>\n\n\n\n<figure class=\"wp-block-image size-large\"><a href=\"https:\/\/sites.wp.odu.edu\/spanishgd\/wp-content\/uploads\/sites\/33004\/2023\/04\/DCA2AB65-1033-46BA-A029-F507B44D4071.jpeg\"><img loading=\"lazy\" decoding=\"async\" width=\"820\" height=\"1024\" src=\"https:\/\/sites.wp.odu.edu\/spanishgd\/wp-content\/uploads\/sites\/33004\/2023\/04\/DCA2AB65-1033-46BA-A029-F507B44D4071-820x1024.jpeg\" alt=\"\" class=\"wp-image-509\" srcset=\"https:\/\/sites.wp.odu.edu\/spanishgd\/wp-content\/uploads\/sites\/33004\/2023\/04\/DCA2AB65-1033-46BA-A029-F507B44D4071-820x1024.jpeg 820w, https:\/\/sites.wp.odu.edu\/spanishgd\/wp-content\/uploads\/sites\/33004\/2023\/04\/DCA2AB65-1033-46BA-A029-F507B44D4071-240x300.jpeg 240w, https:\/\/sites.wp.odu.edu\/spanishgd\/wp-content\/uploads\/sites\/33004\/2023\/04\/DCA2AB65-1033-46BA-A029-F507B44D4071-768x959.jpeg 768w, https:\/\/sites.wp.odu.edu\/spanishgd\/wp-content\/uploads\/sites\/33004\/2023\/04\/DCA2AB65-1033-46BA-A029-F507B44D4071.jpeg 828w\" sizes=\"(max-width: 820px) 100vw, 820px\" \/><\/a><\/figure>\n\n\n\n<p>\u00a1Hola! Me llamo Gabrielle Dempsey. Mi especializaci\u00f3n es Cinema y TV Production y mi menor es psicolog\u00eda. Me encanta el arte y crear. Quiero ser director de cine cuando me grad\u00fae de la universidad. Soy muy trabajador y\u00a0creo nuevas ideas.<\/p>\n","protected":false},"excerpt":{"rendered":"<p>My name is Gabrielle Dempsey. I am a Cinema and TV Productions major with a minor in psychology. I love art and creating things. I am interested in becoming a film director when I graduate from college. I am hard working and able to bring something new to old environments. \u00a1Hola! Me llamo Gabrielle Dempsey&#8230;. <\/p>\n<div class=\"link-more\"><a href=\"https:\/\/sites.wp.odu.edu\/spanishgd\/bio\/\">Read More<\/a><\/div>\n","protected":false},"author":20455,"featured_media":0,"parent":0,"menu_order":0,"comment_status":"closed","ping_status":"closed","template":"","meta":{"footnotes":""},"_links":{"self":[{"href":"https:\/\/sites.wp.odu.edu\/spanishgd\/wp-json\/wp\/v2\/pages\/217"}],"collection":[{"href":"https:\/\/sites.wp.odu.edu\/spanishgd\/wp-json\/wp\/v2\/pages"}],"about":[{"href":"https:\/\/sites.wp.odu.edu\/spanishgd\/wp-json\/wp\/v2\/types\/page"}],"author":[{"embeddable":true,"href":"https:\/\/sites.wp.odu.edu\/spanishgd\/wp-json\/wp\/v2\/users\/20455"}],"replies":[{"embeddable":true,"href":"https:\/\/sites.wp.odu.edu\/spanishgd\/wp-json\/wp\/v2\/comments?post=217"}],"version-history":[{"count":4,"href":"https:\/\/sites.wp.odu.edu\/spanishgd\/wp-json\/wp\/v2\/pages\/217\/revisions"}],"predecessor-version":[{"id":522,"href":"https:\/\/sites.wp.odu.edu\/spanishgd\/wp-json\/wp\/v2\/pages\/217\/revisions\/522"}],"wp:attachment":[{"href":"https:\/\/sites.wp.odu.edu\/spanishgd\/wp-json\/wp\/v2\/media?parent=217"}],"curies":[{"name":"wp","href":"https:\/\/api.w.org\/{rel}","templated":true}]}}