{"id":441,"date":"2023-03-27T18:21:28","date_gmt":"2023-03-27T18:21:28","guid":{"rendered":"https:\/\/sites.wp.odu.edu\/basicspanishdraft2\/?page_id=441"},"modified":"2023-06-22T06:28:06","modified_gmt":"2023-06-22T06:28:06","slug":"activities-2","status":"publish","type":"page","link":"https:\/\/sites.wp.odu.edu\/spanishgd\/activities-2\/","title":{"rendered":"Activities"},"content":{"rendered":"\n<p>I have not had the opportunity to participate in Spanish related activities outside of class yet, however i would really like to. I would love to travel to Spanish  speaking countries. I have always wanted to travel to Panama. <\/p>\n\n\n\n<p><\/p>\n\n\n\n<p>Yo no participado en actividades relacionadas con el espa\u00f1ol fuera de clase. Me encantar\u00eda ir a un pa\u00eds de habla hispana. Tambi\u00e9n quiero probar alimentos tradicionales de pa\u00edses de habla hispana.<\/p>\n","protected":false},"excerpt":{"rendered":"<p>I have not had the opportunity to participate in Spanish related activities outside of class yet, however i would really like to. I would love to travel to Spanish speaking countries. I have always wanted to travel to Panama. Yo no participado en actividades relacionadas con el espa\u00f1ol fuera de clase. Me encantar\u00eda ir a&#8230; <\/p>\n<div class=\"link-more\"><a href=\"https:\/\/sites.wp.odu.edu\/spanishgd\/activities-2\/\">Read More<\/a><\/div>\n","protected":false},"author":20455,"featured_media":0,"parent":0,"menu_order":0,"comment_status":"closed","ping_status":"closed","template":"","meta":{"footnotes":""},"_links":{"self":[{"href":"https:\/\/sites.wp.odu.edu\/spanishgd\/wp-json\/wp\/v2\/pages\/441"}],"collection":[{"href":"https:\/\/sites.wp.odu.edu\/spanishgd\/wp-json\/wp\/v2\/pages"}],"about":[{"href":"https:\/\/sites.wp.odu.edu\/spanishgd\/wp-json\/wp\/v2\/types\/page"}],"author":[{"embeddable":true,"href":"https:\/\/sites.wp.odu.edu\/spanishgd\/wp-json\/wp\/v2\/users\/20455"}],"replies":[{"embeddable":true,"href":"https:\/\/sites.wp.odu.edu\/spanishgd\/wp-json\/wp\/v2\/comments?post=441"}],"version-history":[{"count":5,"href":"https:\/\/sites.wp.odu.edu\/spanishgd\/wp-json\/wp\/v2\/pages\/441\/revisions"}],"predecessor-version":[{"id":568,"href":"https:\/\/sites.wp.odu.edu\/spanishgd\/wp-json\/wp\/v2\/pages\/441\/revisions\/568"}],"wp:attachment":[{"href":"https:\/\/sites.wp.odu.edu\/spanishgd\/wp-json\/wp\/v2\/media?parent=441"}],"curies":[{"name":"wp","href":"https:\/\/api.w.org\/{rel}","templated":true}]}}