{"id":511,"date":"2022-04-26T00:37:27","date_gmt":"2022-04-26T00:37:27","guid":{"rendered":"https:\/\/sites.wp.odu.edu\/stevedayspanish\/?page_id=511"},"modified":"2022-04-26T00:37:28","modified_gmt":"2022-04-26T00:37:28","slug":"calendar-project","status":"publish","type":"page","link":"https:\/\/sites.wp.odu.edu\/stevedayspanish\/calendar-project\/","title":{"rendered":"Calendar Project"},"content":{"rendered":"\n<p><img loading=\"lazy\" decoding=\"async\" width=\"174\" height=\"24\" src=\"\"><strong>&nbsp;&nbsp;&nbsp;&nbsp;&nbsp;&nbsp;&nbsp;&nbsp;&nbsp;&nbsp;&nbsp;&nbsp;&nbsp;&nbsp;&nbsp;&nbsp;&nbsp;&nbsp;&nbsp;&nbsp;&nbsp;&nbsp;&nbsp;&nbsp;&nbsp;&nbsp;&nbsp;&nbsp;&nbsp;&nbsp;&nbsp; <\/strong><strong>Unidad 3<\/strong><strong>: <\/strong><strong>Proyecto 3-1 Mi horario&nbsp;&nbsp;&nbsp;&nbsp;&nbsp;&nbsp;&nbsp;&nbsp;&nbsp;&nbsp;&nbsp;&nbsp;&nbsp;&nbsp;&nbsp;&nbsp;&nbsp;&nbsp;&nbsp;&nbsp;&nbsp;&nbsp; Name:<\/strong> Steven Day<\/p>\n\n\n\n<p><strong>Paso 1.<\/strong><\/p>\n\n\n\n<figure class=\"wp-block-table\"><table><tbody><tr><td><strong>&nbsp;<\/strong><\/td><td><strong>lunes<\/strong><\/td><td><strong>martes<\/strong><\/td><td><strong>mi\u00e9rcoles<\/strong><\/td><td><strong>jueves<\/strong><\/td><td><strong>viernes<\/strong><\/td><td><strong>s\u00e1bado<\/strong><\/td><td><strong>domingo<\/strong><\/td><\/tr><tr><td><strong>06:00<\/strong> <strong>&nbsp;<\/strong><\/td><td><strong><em>&nbsp;<\/em><\/strong><\/td><td><strong>&nbsp;<\/strong><\/td><td><strong><em>&nbsp;<\/em><\/strong><\/td><td><strong><em>&nbsp;<\/em><\/strong><\/td><td><strong><em>&nbsp;<\/em><\/strong><\/td><td><strong><em>&nbsp;<\/em><\/strong><\/td><td><strong><em>&nbsp;<\/em><\/strong><\/td><\/tr><tr><td><strong>07:00<\/strong> <strong>&nbsp;<\/strong><\/td><td><strong><em>&nbsp;<\/em><\/strong><\/td><td><strong>&nbsp;<\/strong><\/td><td><strong><em>&nbsp;<\/em><\/strong><\/td><td><strong><em>&nbsp;<\/em><\/strong><\/td><td><strong><em>&nbsp;<\/em><\/strong><\/td><td><strong><em>&nbsp;<\/em><\/strong><\/td><td><strong><em>&nbsp;<\/em><\/strong><\/td><\/tr><tr><td><strong>08:00<\/strong><\/td><td><strong><em>&nbsp;<\/em><\/strong> <strong><em>&nbsp;<\/em><\/strong><\/td><td><strong>&nbsp;<\/strong><\/td><td><strong><em>&nbsp;<\/em><\/strong><\/td><td><strong><em>&nbsp;<\/em><\/strong><\/td><td><strong><em>&nbsp;<\/em><\/strong><\/td><td><strong><em>&nbsp;<\/em><\/strong><\/td><td><strong><em>&nbsp;<\/em><\/strong><\/td><\/tr><tr><td><strong>09:00<\/strong><\/td><td><strong><em>&nbsp;<\/em><\/strong> <strong><em>&nbsp;<\/em><\/strong><\/td><td><strong><em>Ir a la clase la historia<\/em><\/strong><\/td><td><strong><em>&nbsp;<\/em><\/strong><\/td><td><strong><em>Ir a la clase la historia<\/em><\/strong><strong><\/strong><\/td><td><strong><em>&nbsp;<\/em><\/strong><\/td><td><strong><em>&nbsp;<\/em><\/strong><\/td><td><strong><em>&nbsp;<\/em><\/strong><\/td><\/tr><tr><td><strong>10:00<\/strong><\/td><td><strong><em>&nbsp;Ir a la clase de matem\u00e1tica<\/em><\/strong><\/td><td><strong>regresar a casa<\/strong><strong><em><\/em><\/strong><\/td><td><strong><em>Ir a la clase de matem\u00e1tica<\/em><\/strong><\/td><td><strong>regresar a casa<\/strong><strong><em><\/em><\/strong><\/td><td><strong><em>Ir a la clase de matem\u00e1tica<\/em><\/strong><\/td><td><strong>ir de compras<\/strong><strong><em><\/em><\/strong><\/td><td><strong><em>&nbsp;<\/em><\/strong><\/td><\/tr><tr><td><strong>11:00<\/strong> <strong>&nbsp;<\/strong><\/td><td><strong><em>&nbsp;<\/em>almorzar<\/strong><strong><em><\/em><\/strong> <strong><em>&nbsp;<\/em><\/strong><\/td><td><strong><em>&nbsp;<\/em>almorzar<\/strong><strong><em><\/em><\/strong> <strong><em>&nbsp;<\/em><\/strong><\/td><td><strong><em>&nbsp;<\/em>almorzar<\/strong><strong><em><\/em><\/strong> <strong><em>&nbsp;<\/em><\/strong><\/td><td><strong><em>&nbsp;<\/em>almorzar<\/strong><strong><em><\/em><\/strong> <strong><em>&nbsp;<\/em><\/strong><\/td><td><strong><em>&nbsp;<\/em>almorzar<\/strong><strong><em><\/em><\/strong> <strong><em>&nbsp;<\/em><\/strong><\/td><td><strong>ir de compras<\/strong><strong><em><\/em><\/strong><\/td><td><strong><em>&nbsp;<\/em>almorzar<\/strong><strong><em><\/em><\/strong><\/td><\/tr><tr><td><strong>12:00<\/strong><\/td><td><strong><em>&nbsp;Ir a la clase de espa\u00f1ol<\/em><\/strong> <strong><em>&nbsp;<\/em><\/strong><\/td><td><strong><em>&nbsp;<\/em><\/strong> <strong><em>&nbsp;<\/em><\/strong><\/td><td><strong><em>&nbsp;Ir a la clase de espa\u00f1ol<\/em><\/strong> <strong><em>&nbsp;<\/em><\/strong><\/td><td><strong><em>&nbsp;<\/em><\/strong> <strong><em>&nbsp;<\/em><\/strong><\/td><td><strong><em>Ir a la clase de espa\u00f1ol<\/em><\/strong><\/td><td><strong><em>&nbsp;<\/em><\/strong><strong><em>ir al <\/em>gimnasio<\/strong><strong><em><\/em><\/strong><\/td><td><strong><em>&nbsp;<\/em><\/strong><\/td><\/tr><tr><td><strong>13:00<\/strong><\/td><td><strong>regresar a casa<\/strong><strong><em><\/em><\/strong><\/td><td><strong><em>&nbsp;<\/em><\/strong><\/td><td><strong>regresar a casa<\/strong><strong><em><\/em><\/strong><\/td><td><strong><em>&nbsp;<\/em><\/strong><\/td><td><strong>regresar a casa<\/strong><strong><em><\/em><\/strong><\/td><td><strong><em>&nbsp;<\/em><\/strong><\/td><td><strong><em>&nbsp;<\/em><\/strong><\/td><\/tr><tr><td><strong>14:00<\/strong><\/td><td><strong>Ensayar <\/strong><strong>espa\u00f1ol <\/strong><strong><em><\/em><\/strong> <strong><em>&nbsp;<\/em><\/strong><\/td><td><strong>escuchar m\u00fasica<\/strong><strong><em><\/em><\/strong><\/td><td><strong>Ensayar <\/strong><strong>espa\u00f1ol <\/strong><strong><em><\/em><\/strong> <strong><em>&nbsp;<\/em><\/strong><\/td><td><strong><em>&nbsp;<\/em><\/strong><\/td><td><strong>Ensayar <\/strong><strong>espa\u00f1ol <\/strong><strong><em><\/em><\/strong> <strong><em>&nbsp;<\/em><\/strong><\/td><td><strong><em>&nbsp;<\/em><\/strong><\/td><td><strong><em>&nbsp;<\/em><\/strong><\/td><\/tr><tr><td><strong>15:00<\/strong><\/td><td><strong><em>&nbsp;<\/em><\/strong>Ayudar a los ni\u00f1os con la tarea<strong><em><\/em><\/strong> <strong><em>&nbsp;<\/em><\/strong><\/td><td>Ayudar a los ni\u00f1os con la tarea<strong><em><\/em><\/strong><\/td><td><strong><em>&nbsp;<\/em><\/strong>Ayudar a los ni\u00f1os con la tarea<strong><em><\/em><\/strong><\/td><td><strong><em>&nbsp;<\/em><\/strong>Ayudar a los ni\u00f1os con la tarea<strong><em><\/em><\/strong><\/td><td><strong><em>&nbsp;<\/em><\/strong>Ayudar a los ni\u00f1os con la tarea<strong><em><\/em><\/strong><\/td><td><strong><em>&nbsp;<\/em><\/strong><\/td><td><strong><em>&nbsp;<\/em>lavar la ropa<\/strong><strong><em><\/em><\/strong> <strong><em>&nbsp;<\/em><\/strong><\/td><\/tr><tr><td><strong>16:00<\/strong><\/td><td><strong><em>&nbsp;<\/em><\/strong> <strong><em>&nbsp;<\/em><\/strong><\/td><td><strong><em>&nbsp;ir al <\/em>gimnasio<\/strong><strong><em><\/em><\/strong> <strong><em>&nbsp;<\/em><\/strong><\/td><td><strong><em>&nbsp;<\/em><\/strong> <strong><em>&nbsp;<\/em><\/strong><\/td><td><strong><em>&nbsp;<\/em><\/strong> <strong><em>&nbsp;<\/em><\/strong><\/td><td><strong><em>&nbsp;ir al <\/em>gimnasio<\/strong><strong><em><\/em><\/strong> <strong><em>&nbsp;<\/em><\/strong><\/td><td><strong><em>&nbsp;ir al <\/em>gimnasio<\/strong><strong><em><\/em><\/strong> <strong><em>&nbsp;<\/em><\/strong><\/td><td><strong>limpiar la casa<\/strong><strong><em><\/em><\/strong><\/td><\/tr><tr><td><strong>17:00<\/strong><\/td><td><strong><em>&nbsp;<\/em><\/strong> <strong><em>&nbsp;<\/em><\/strong><\/td><td><strong><em>&nbsp;<\/em><\/strong> <strong><em>&nbsp;<\/em><\/strong><\/td><td><strong><em>&nbsp;<\/em><\/strong> <strong><em>&nbsp;<\/em><\/strong><\/td><td><strong><em>&nbsp;<\/em><\/strong><\/td><td><strong><em>&nbsp;<\/em><\/strong><\/td><td><strong><em>&nbsp;<\/em><\/strong><\/td><td><strong>limpiar la casa<\/strong><strong><em><\/em><\/strong><\/td><\/tr><tr><td><strong>18:00<\/strong><\/td><td><strong>cenar <\/strong><strong><em><\/em><\/strong><\/td><td><strong>cenar <\/strong><strong><em><\/em><\/strong><\/td><td><strong>cenar <\/strong><strong><em><\/em><\/strong><\/td><td><strong>cenar <\/strong><strong><em><\/em><\/strong><\/td><td><strong>cenar <\/strong><strong><em><\/em><\/strong><\/td><td><strong>cenar <\/strong><strong><em><\/em><\/strong><\/td><td><strong>cenar <\/strong><strong><em><\/em><\/strong><\/td><\/tr><tr><td><strong>19:00<\/strong><\/td><td><strong><em>&nbsp;<\/em><\/strong> <strong><em>&nbsp;<\/em><\/strong><\/td><td><strong><em>&nbsp;<\/em><\/strong><\/td><td><strong><em>&nbsp;<\/em><\/strong><\/td><td><strong><em>&nbsp;<\/em><\/strong><\/td><td><strong><em>&nbsp;<\/em><\/strong><\/td><td><strong><em>&nbsp;<\/em><\/strong><\/td><td><strong><em>&nbsp;<\/em><\/strong><\/td><\/tr><tr><td><strong>20:00<\/strong><\/td><td><strong><em>&nbsp;<\/em><\/strong> <strong><em>&nbsp;<\/em><\/strong><\/td><td><strong><em>&nbsp;ir al <\/em>gimnasio<\/strong><strong><em><\/em><\/strong><\/td><td><strong><em>&nbsp;<\/em><\/strong><\/td><td><strong><em>&nbsp;<\/em><\/strong><\/td><td><strong><em>&nbsp;ir al <\/em>gimnasio<\/strong><strong><em><\/em><\/strong><\/td><td><strong><em>&nbsp;<\/em><\/strong><strong><em>Estudiar<\/em><\/strong><strong><em><\/em><\/strong> <strong><em>&nbsp;<\/em><\/strong><\/td><td><strong><em>&nbsp;<\/em><\/strong><strong><em>Estudiar<\/em><\/strong><strong><em><\/em><\/strong> <strong><em>&nbsp;<\/em><\/strong><\/td><\/tr><tr><td><strong>21:00<\/strong><\/td><td><strong><em>Estudiar<\/em><\/strong> <strong><em>&nbsp;<\/em><\/strong><\/td><td><strong><em>Estudiar<\/em><\/strong> <strong><em>&nbsp;<\/em><\/strong><\/td><td><strong><em>Estudiar<\/em><\/strong> <strong><em>&nbsp;<\/em><\/strong><\/td><td><strong><em>Estudiar<\/em><\/strong><strong><em><\/em><\/strong> <strong><em>&nbsp;<\/em><\/strong><\/td><td><strong><em>&nbsp;<\/em><\/strong><strong><em>Estudiar<\/em><\/strong><strong><em><\/em><\/strong> <strong><em>&nbsp;<\/em><\/strong><\/td><td><strong><em>&nbsp;<\/em><\/strong><\/td><td><strong><em>&nbsp;<\/em><\/strong><\/td><\/tr><tr><td><strong>22:00<\/strong><\/td><td><strong><em>&nbsp;<\/em><\/strong> <strong><em>&nbsp;<\/em><\/strong><\/td><td><strong><em>&nbsp;<\/em><\/strong><\/td><td><strong><em>&nbsp;<\/em><\/strong><\/td><td><strong><em>&nbsp;<\/em><\/strong><\/td><td><strong><em>&nbsp;<\/em><\/strong><\/td><td><strong><em>&nbsp;<\/em><\/strong><\/td><td><strong><em>&nbsp;<\/em><\/strong><\/td><\/tr><tr><td><strong>23:00<\/strong><\/td><td><strong>dormir<\/strong><strong><em><\/em><\/strong><\/td><td><strong>dormir&nbsp;&nbsp;&nbsp;&nbsp;&nbsp;&nbsp;&nbsp;&nbsp;&nbsp;&nbsp;&nbsp;&nbsp;&nbsp;&nbsp;&nbsp;&nbsp;&nbsp;&nbsp;&nbsp;&nbsp;&nbsp; <\/strong><strong><em><\/em><\/strong><\/td><td><strong>dormir<\/strong><strong><em><\/em><\/strong><\/td><td><strong>dormir<\/strong><strong><em><\/em><\/strong><\/td><td><strong>dormir<\/strong><strong><em><\/em><\/strong><\/td><td><strong>dormir<\/strong><strong><em><\/em><\/strong><\/td><td><strong>dormir<\/strong><strong><em><\/em><\/strong><\/td><\/tr><tr><td><strong>24:00<\/strong><\/td><td><strong><em>&nbsp;<\/em><\/strong><\/td><td><strong><em>&nbsp;<\/em><\/strong><\/td><td><strong><em>&nbsp;<\/em><\/strong><\/td><td><strong><em>&nbsp;<\/em><\/strong><\/td><td><strong><em>&nbsp;<\/em><\/strong><\/td><td><strong><em>&nbsp;<\/em><\/strong><\/td><td><strong><em>&nbsp;<\/em><\/strong><\/td><\/tr><\/tbody><\/table><\/figure>\n\n\n\n<p><strong>Paso 2. <\/strong><strong><em>Write your paragraph below.<\/em><\/strong> &nbsp;&nbsp;<\/p>\n\n\n\n<p>El lunes, mi\u00e9rcoles y viernes tengo que ir a clase de matem\u00e1tica a las diez y clase de espa\u00f1ol al mediod\u00eda. El martes y jueves a las nueve tengo que ir a clases de historia. El lunes a viernes tengo que Ayudar a los ni\u00f1os con la tarea. El martes a las dos de la tarde voy a escuchar m\u00fasica. El lunes, mi\u00e9rcoles y viernes a las dos de la tarde voy a ensayar espa\u00f1ol. El martes, viernes y s\u00e1bado voy a ir al gimnasio a las cuatro y ocho de la tarde.<\/p>\n","protected":false},"excerpt":{"rendered":"<p>&nbsp;&nbsp;&nbsp;&nbsp;&nbsp;&nbsp;&nbsp;&nbsp;&nbsp;&nbsp;&nbsp;&nbsp;&nbsp;&nbsp;&nbsp;&nbsp;&nbsp;&nbsp;&nbsp;&nbsp;&nbsp;&nbsp;&nbsp;&nbsp;&nbsp;&nbsp;&nbsp;&nbsp;&nbsp;&nbsp;&nbsp; Unidad 3: Proyecto 3-1 Mi horario&nbsp;&nbsp;&nbsp;&nbsp;&nbsp;&nbsp;&nbsp;&nbsp;&nbsp;&nbsp;&nbsp;&nbsp;&nbsp;&nbsp;&nbsp;&nbsp;&nbsp;&nbsp;&nbsp;&nbsp;&nbsp;&nbsp; Name: Steven Day Paso 1. &nbsp; lunes martes mi\u00e9rcoles jueves viernes s\u00e1bado domingo 06:00 &nbsp; &nbsp; &nbsp; &nbsp; &nbsp; &nbsp; &nbsp; &nbsp; 07:00 &nbsp; &nbsp; &nbsp; &nbsp; &nbsp; &nbsp; &nbsp; &nbsp; 08:00 &nbsp; &nbsp; &nbsp; &nbsp; &nbsp; &nbsp; &nbsp; &nbsp; 09:00 &nbsp; &nbsp; Ir a la clase la&#8230; <\/p>\n<div class=\"link-more\"><a href=\"https:\/\/sites.wp.odu.edu\/stevedayspanish\/calendar-project\/\">Read More<\/a><\/div>\n","protected":false},"author":23014,"featured_media":0,"parent":0,"menu_order":0,"comment_status":"closed","ping_status":"closed","template":"","meta":{"footnotes":""},"_links":{"self":[{"href":"https:\/\/sites.wp.odu.edu\/stevedayspanish\/wp-json\/wp\/v2\/pages\/511"}],"collection":[{"href":"https:\/\/sites.wp.odu.edu\/stevedayspanish\/wp-json\/wp\/v2\/pages"}],"about":[{"href":"https:\/\/sites.wp.odu.edu\/stevedayspanish\/wp-json\/wp\/v2\/types\/page"}],"author":[{"embeddable":true,"href":"https:\/\/sites.wp.odu.edu\/stevedayspanish\/wp-json\/wp\/v2\/users\/23014"}],"replies":[{"embeddable":true,"href":"https:\/\/sites.wp.odu.edu\/stevedayspanish\/wp-json\/wp\/v2\/comments?post=511"}],"version-history":[{"count":1,"href":"https:\/\/sites.wp.odu.edu\/stevedayspanish\/wp-json\/wp\/v2\/pages\/511\/revisions"}],"predecessor-version":[{"id":512,"href":"https:\/\/sites.wp.odu.edu\/stevedayspanish\/wp-json\/wp\/v2\/pages\/511\/revisions\/512"}],"wp:attachment":[{"href":"https:\/\/sites.wp.odu.edu\/stevedayspanish\/wp-json\/wp\/v2\/media?parent=511"}],"curies":[{"name":"wp","href":"https:\/\/api.w.org\/{rel}","templated":true}]}}