{"id":173,"date":"2023-03-27T14:06:19","date_gmt":"2023-03-27T14:06:19","guid":{"rendered":"https:\/\/wp.odu.edu\/odupresentationtemplate\/?page_id=2"},"modified":"2023-03-27T14:36:17","modified_gmt":"2023-03-27T14:36:17","slug":"sample-page-2","status":"publish","type":"page","link":"https:\/\/sites.wp.odu.edu\/struhsspan101spring23\/","title":{"rendered":"Home"},"content":{"rendered":"\n<p>Soy Corbin Struhs y asisto a la Universidad de ODU. Mi especializaci\u00f3n es el dise\u00f1o de juegos y aprendo espa\u00f1ol, ingl\u00e9s, hablar publico, \u00e9xito acad\u00e9mico y cr\u00edtica de juegos. Me gustan los juegos, la m\u00fasica y libro.<\/p>\n","protected":false},"excerpt":{"rendered":"<p>Soy Corbin Struhs y asisto a la Universidad de ODU. Mi especializaci\u00f3n es el dise\u00f1o de juegos y aprendo espa\u00f1ol, ingl\u00e9s, hablar publico, \u00e9xito acad\u00e9mico y cr\u00edtica de juegos. Me gustan los juegos, la m\u00fasica y libro.<\/p>\n","protected":false},"author":26442,"featured_media":0,"parent":0,"menu_order":0,"comment_status":"closed","ping_status":"open","template":"","meta":{"footnotes":""},"_links":{"self":[{"href":"https:\/\/sites.wp.odu.edu\/struhsspan101spring23\/wp-json\/wp\/v2\/pages\/173"}],"collection":[{"href":"https:\/\/sites.wp.odu.edu\/struhsspan101spring23\/wp-json\/wp\/v2\/pages"}],"about":[{"href":"https:\/\/sites.wp.odu.edu\/struhsspan101spring23\/wp-json\/wp\/v2\/types\/page"}],"author":[{"embeddable":true,"href":"https:\/\/sites.wp.odu.edu\/struhsspan101spring23\/wp-json\/wp\/v2\/users\/26442"}],"replies":[{"embeddable":true,"href":"https:\/\/sites.wp.odu.edu\/struhsspan101spring23\/wp-json\/wp\/v2\/comments?post=173"}],"version-history":[{"count":4,"href":"https:\/\/sites.wp.odu.edu\/struhsspan101spring23\/wp-json\/wp\/v2\/pages\/173\/revisions"}],"predecessor-version":[{"id":481,"href":"https:\/\/sites.wp.odu.edu\/struhsspan101spring23\/wp-json\/wp\/v2\/pages\/173\/revisions\/481"}],"wp:attachment":[{"href":"https:\/\/sites.wp.odu.edu\/struhsspan101spring23\/wp-json\/wp\/v2\/media?parent=173"}],"curies":[{"name":"wp","href":"https:\/\/api.w.org\/{rel}","templated":true}]}}